{"id":18879,"date":"2020-01-26T19:33:05","date_gmt":"2020-01-27T00:33:05","guid":{"rendered":"https:\/\/pro-pages.secretcityrecords.com\/?post_type=product&#038;p=18879"},"modified":"2020-01-26T19:42:26","modified_gmt":"2020-01-27T00:42:26","slug":"wave-2","status":"publish","type":"product","link":"https:\/\/pro-pages.secretcityrecords.com\/fr\/produit\/wave-2\/","title":{"rendered":"Wave"},"content":{"rendered":"<p><strong><em>Wave<\/em><\/strong>, le nouvel album de l\u2019artiste canadien <strong>Patrick Watson<\/strong>, sera lanc\u00e9 sur Domino\/Secret City le 18 octobre 2019.<\/p>\n<p>Ce sixi\u00e8me album en studio de Watson porte sur la vague qui nous renverse lorsque nous r\u00e9alisons que tout ce qui nous est cher peut dispara\u00eetre en un instant, et sur le processus d\u2019apprentissage qui permet de ne pas s\u2019y noyer. Pendant sa cr\u00e9ation, Watson a perdu sa m\u00e8re, son batteur de longue date a quitt\u00e9 le groupe, et sa compagne et lui se sont s\u00e9par\u00e9s. L\u2019artiste a apport\u00e9 son calepin sous les vagues pour composer des chansons sur la m\u00e9lancolie, tout en \u00e9coutant le chant solitaire des sir\u00e8nes. Ses nouvelles chansons parlent de l\u2019importance de se chanter des chansons d\u2019amour \u00e0 soi-m\u00eame lorsque personne d\u2019autre ne peut le faire, en faisant confiance au son pour qu\u2019il nous transporte sans conna\u00eetre la destination. Il en r\u00e9sulte un album tr\u00e8s personnel et intimiste qui est aussi le plus humble du groupe.<\/p>\n<p>\u00ab\u00a0C\u2019est la diff\u00e9rence entre chanter seul devant la tombe d\u2019un \u00e9tranger lorsqu\u2019on est enfant et chanter aux fun\u00e9railles de sa propre m\u00e8re.\u00a0\u00bb<\/p>\n","protected":false},"excerpt":{"rendered":"<p><span style=\"text-decoration: underline;\">\u00c9DITION VINYLE DELUXE LIMIT\u00c9E<\/span><\/p>\n<p>Vinyle <strong>bleu marin transparent i<\/strong>nser\u00e9 dans une pochette \u00ab\u00a0gatefold\u00a0\u00bb au <strong>fini lustr\u00e9<\/strong>. Incluant une <strong>pochette int\u00e9rieure<\/strong> imprim\u00e9e avec les <strong>paroles.<\/strong> Coupon de t\u00e9l\u00e9chargement inclus.<\/p>\n<p><span style=\"text-decoration: underline;\">CD<\/span><\/p>\n<p>Pochette cartonn\u00e9e 4-panneaux avec <strong>fini lustr\u00e9<\/strong>. Incluant un <strong>livret<\/strong> de <strong>paroles<\/strong>.<\/p>\n","protected":false},"featured_media":16209,"template":"","meta":[],"product_brand":[],"product_cat":[102,97,94],"product_tag":[],"class_list":{"0":"post-18879","1":"product","2":"type-product","3":"status-publish","4":"has-post-thumbnail","6":"product_cat-cd-fr","7":"product_cat-digital-fr","8":"product_cat-vinyle","10":"first","11":"instock","12":"taxable","13":"shipping-taxable","14":"purchasable","15":"product-type-variable"},"acf":[],"yoast_head":"<!-- This site is optimized with the Yoast SEO plugin v27.5 - https:\/\/yoast.com\/product\/yoast-seo-wordpress\/ -->\n<title>Wave - Secret City Records<\/title>\n<meta name=\"robots\" content=\"noindex, follow, max-snippet:-1, max-image-preview:large, max-video-preview:-1\" \/>\n<meta property=\"og:locale\" content=\"fr_FR\" \/>\n<meta property=\"og:type\" content=\"article\" \/>\n<meta property=\"og:title\" content=\"Wave - Secret City Records\" \/>\n<meta property=\"og:description\" content=\"\u00c9DITION VINYLE DELUXE LIMIT\u00c9E  Vinyle bleu marin transparent inser\u00e9 dans une pochette &quot;gatefold&quot; au fini lustr\u00e9. Incluant une pochette int\u00e9rieure imprim\u00e9e avec les paroles. Coupon de t\u00e9l\u00e9chargement inclus.  CD  Pochette cartonn\u00e9e 4-panneaux avec fini lustr\u00e9. Incluant un livret de paroles.\" \/>\n<meta property=\"og:url\" content=\"https:\/\/pro-pages.secretcityrecords.com\/fr\/produit\/wave-2\/\" \/>\n<meta property=\"og:site_name\" content=\"Secret City Records\" \/>\n<meta property=\"article:modified_time\" content=\"2020-01-27T00:42:26+00:00\" \/>\n<meta property=\"og:image\" content=\"https:\/\/pro-pages.secretcityrecords.com\/wp-content\/uploads\/2019\/08\/SCR078_Patrick-Watson_Wave_Album-Cover_Physical-Products_hires-scaled.jpg\" \/>\n\t<meta property=\"og:image:width\" content=\"2560\" \/>\n\t<meta property=\"og:image:height\" content=\"2560\" \/>\n\t<meta property=\"og:image:type\" content=\"image\/jpeg\" \/>\n<meta name=\"twitter:card\" content=\"summary_large_image\" \/>\n<meta name=\"twitter:label1\" content=\"Dur\u00e9e de lecture estim\u00e9e\" \/>\n\t<meta name=\"twitter:data1\" content=\"1 minute\" \/>\n<script type=\"application\/ld+json\" class=\"yoast-schema-graph\">{\"@context\":\"https:\\\/\\\/schema.org\",\"@graph\":[{\"@type\":\"WebPage\",\"@id\":\"https:\\\/\\\/pro-pages.secretcityrecords.com\\\/fr\\\/produit\\\/wave-2\\\/\",\"url\":\"https:\\\/\\\/pro-pages.secretcityrecords.com\\\/fr\\\/produit\\\/wave-2\\\/\",\"name\":\"Wave - Secret City Records\",\"isPartOf\":{\"@id\":\"https:\\\/\\\/pro-pages.secretcityrecords.com\\\/fr\\\/#website\"},\"primaryImageOfPage\":{\"@id\":\"https:\\\/\\\/pro-pages.secretcityrecords.com\\\/fr\\\/produit\\\/wave-2\\\/#primaryimage\"},\"image\":{\"@id\":\"https:\\\/\\\/pro-pages.secretcityrecords.com\\\/fr\\\/produit\\\/wave-2\\\/#primaryimage\"},\"thumbnailUrl\":\"https:\\\/\\\/pro-pages.secretcityrecords.com\\\/wp-content\\\/uploads\\\/2019\\\/08\\\/SCR078_Patrick-Watson_Wave_Album-Cover_Physical-Products_hires-scaled.jpg\",\"datePublished\":\"2020-01-27T00:33:05+00:00\",\"dateModified\":\"2020-01-27T00:42:26+00:00\",\"breadcrumb\":{\"@id\":\"https:\\\/\\\/pro-pages.secretcityrecords.com\\\/fr\\\/produit\\\/wave-2\\\/#breadcrumb\"},\"inLanguage\":\"fr-FR\",\"potentialAction\":[{\"@type\":\"ReadAction\",\"target\":[\"https:\\\/\\\/pro-pages.secretcityrecords.com\\\/fr\\\/produit\\\/wave-2\\\/\"]}]},{\"@type\":\"ImageObject\",\"inLanguage\":\"fr-FR\",\"@id\":\"https:\\\/\\\/pro-pages.secretcityrecords.com\\\/fr\\\/produit\\\/wave-2\\\/#primaryimage\",\"url\":\"https:\\\/\\\/pro-pages.secretcityrecords.com\\\/wp-content\\\/uploads\\\/2019\\\/08\\\/SCR078_Patrick-Watson_Wave_Album-Cover_Physical-Products_hires-scaled.jpg\",\"contentUrl\":\"https:\\\/\\\/pro-pages.secretcityrecords.com\\\/wp-content\\\/uploads\\\/2019\\\/08\\\/SCR078_Patrick-Watson_Wave_Album-Cover_Physical-Products_hires-scaled.jpg\",\"width\":2560,\"height\":2560},{\"@type\":\"BreadcrumbList\",\"@id\":\"https:\\\/\\\/pro-pages.secretcityrecords.com\\\/fr\\\/produit\\\/wave-2\\\/#breadcrumb\",\"itemListElement\":[{\"@type\":\"ListItem\",\"position\":1,\"name\":\"Home\",\"item\":\"https:\\\/\\\/pro-pages.secretcityrecords.com\\\/fr\\\/\"},{\"@type\":\"ListItem\",\"position\":2,\"name\":\"Boutique\",\"item\":\"https:\\\/\\\/pro-pages.secretcityrecords.com\\\/fr\\\/boutique\\\/\"},{\"@type\":\"ListItem\",\"position\":3,\"name\":\"Wave\"}]},{\"@type\":\"WebSite\",\"@id\":\"https:\\\/\\\/pro-pages.secretcityrecords.com\\\/fr\\\/#website\",\"url\":\"https:\\\/\\\/pro-pages.secretcityrecords.com\\\/fr\\\/\",\"name\":\"Secret City Records\",\"description\":\"En musique depuis 2006\",\"potentialAction\":[{\"@type\":\"SearchAction\",\"target\":{\"@type\":\"EntryPoint\",\"urlTemplate\":\"https:\\\/\\\/pro-pages.secretcityrecords.com\\\/fr\\\/?s={search_term_string}\"},\"query-input\":{\"@type\":\"PropertyValueSpecification\",\"valueRequired\":true,\"valueName\":\"search_term_string\"}}],\"inLanguage\":\"fr-FR\"}]}<\/script>\n<!-- \/ Yoast SEO plugin. -->","yoast_head_json":{"title":"Wave - Secret City Records","robots":{"index":"noindex","follow":"follow","max-snippet":"max-snippet:-1","max-image-preview":"max-image-preview:large","max-video-preview":"max-video-preview:-1"},"og_locale":"fr_FR","og_type":"article","og_title":"Wave - Secret City Records","og_description":"\u00c9DITION VINYLE DELUXE LIMIT\u00c9E  Vinyle bleu marin transparent inser\u00e9 dans une pochette \"gatefold\" au fini lustr\u00e9. Incluant une pochette int\u00e9rieure imprim\u00e9e avec les paroles. Coupon de t\u00e9l\u00e9chargement inclus.  CD  Pochette cartonn\u00e9e 4-panneaux avec fini lustr\u00e9. Incluant un livret de paroles.","og_url":"https:\/\/pro-pages.secretcityrecords.com\/fr\/produit\/wave-2\/","og_site_name":"Secret City Records","article_modified_time":"2020-01-27T00:42:26+00:00","og_image":[{"width":2560,"height":2560,"url":"https:\/\/pro-pages.secretcityrecords.com\/wp-content\/uploads\/2019\/08\/SCR078_Patrick-Watson_Wave_Album-Cover_Physical-Products_hires-scaled.jpg","type":"image\/jpeg"}],"twitter_card":"summary_large_image","twitter_misc":{"Dur\u00e9e de lecture estim\u00e9e":"1 minute"},"schema":{"@context":"https:\/\/schema.org","@graph":[{"@type":"WebPage","@id":"https:\/\/pro-pages.secretcityrecords.com\/fr\/produit\/wave-2\/","url":"https:\/\/pro-pages.secretcityrecords.com\/fr\/produit\/wave-2\/","name":"Wave - Secret City Records","isPartOf":{"@id":"https:\/\/pro-pages.secretcityrecords.com\/fr\/#website"},"primaryImageOfPage":{"@id":"https:\/\/pro-pages.secretcityrecords.com\/fr\/produit\/wave-2\/#primaryimage"},"image":{"@id":"https:\/\/pro-pages.secretcityrecords.com\/fr\/produit\/wave-2\/#primaryimage"},"thumbnailUrl":"https:\/\/pro-pages.secretcityrecords.com\/wp-content\/uploads\/2019\/08\/SCR078_Patrick-Watson_Wave_Album-Cover_Physical-Products_hires-scaled.jpg","datePublished":"2020-01-27T00:33:05+00:00","dateModified":"2020-01-27T00:42:26+00:00","breadcrumb":{"@id":"https:\/\/pro-pages.secretcityrecords.com\/fr\/produit\/wave-2\/#breadcrumb"},"inLanguage":"fr-FR","potentialAction":[{"@type":"ReadAction","target":["https:\/\/pro-pages.secretcityrecords.com\/fr\/produit\/wave-2\/"]}]},{"@type":"ImageObject","inLanguage":"fr-FR","@id":"https:\/\/pro-pages.secretcityrecords.com\/fr\/produit\/wave-2\/#primaryimage","url":"https:\/\/pro-pages.secretcityrecords.com\/wp-content\/uploads\/2019\/08\/SCR078_Patrick-Watson_Wave_Album-Cover_Physical-Products_hires-scaled.jpg","contentUrl":"https:\/\/pro-pages.secretcityrecords.com\/wp-content\/uploads\/2019\/08\/SCR078_Patrick-Watson_Wave_Album-Cover_Physical-Products_hires-scaled.jpg","width":2560,"height":2560},{"@type":"BreadcrumbList","@id":"https:\/\/pro-pages.secretcityrecords.com\/fr\/produit\/wave-2\/#breadcrumb","itemListElement":[{"@type":"ListItem","position":1,"name":"Home","item":"https:\/\/pro-pages.secretcityrecords.com\/fr\/"},{"@type":"ListItem","position":2,"name":"Boutique","item":"https:\/\/pro-pages.secretcityrecords.com\/fr\/boutique\/"},{"@type":"ListItem","position":3,"name":"Wave"}]},{"@type":"WebSite","@id":"https:\/\/pro-pages.secretcityrecords.com\/fr\/#website","url":"https:\/\/pro-pages.secretcityrecords.com\/fr\/","name":"Secret City Records","description":"En musique depuis 2006","potentialAction":[{"@type":"SearchAction","target":{"@type":"EntryPoint","urlTemplate":"https:\/\/pro-pages.secretcityrecords.com\/fr\/?s={search_term_string}"},"query-input":{"@type":"PropertyValueSpecification","valueRequired":true,"valueName":"search_term_string"}}],"inLanguage":"fr-FR"}]}},"_links":{"self":[{"href":"https:\/\/pro-pages.secretcityrecords.com\/fr\/wp-json\/wp\/v2\/product\/18879","targetHints":{"allow":["GET"]}}],"collection":[{"href":"https:\/\/pro-pages.secretcityrecords.com\/fr\/wp-json\/wp\/v2\/product"}],"about":[{"href":"https:\/\/pro-pages.secretcityrecords.com\/fr\/wp-json\/wp\/v2\/types\/product"}],"wp:featuredmedia":[{"embeddable":true,"href":"https:\/\/pro-pages.secretcityrecords.com\/fr\/wp-json\/wp\/v2\/media\/16209"}],"wp:attachment":[{"href":"https:\/\/pro-pages.secretcityrecords.com\/fr\/wp-json\/wp\/v2\/media?parent=18879"}],"wp:term":[{"taxonomy":"product_brand","embeddable":true,"href":"https:\/\/pro-pages.secretcityrecords.com\/fr\/wp-json\/wp\/v2\/product_brand?post=18879"},{"taxonomy":"product_cat","embeddable":true,"href":"https:\/\/pro-pages.secretcityrecords.com\/fr\/wp-json\/wp\/v2\/product_cat?post=18879"},{"taxonomy":"product_tag","embeddable":true,"href":"https:\/\/pro-pages.secretcityrecords.com\/fr\/wp-json\/wp\/v2\/product_tag?post=18879"}],"curies":[{"name":"wp","href":"https:\/\/api.w.org\/{rel}","templated":true}]}}