{"id":20663,"date":"2020-05-15T00:33:44","date_gmt":"2020-05-15T04:33:44","guid":{"rendered":"https:\/\/pro-pages.secretcityrecords.com\/?post_type=product&#038;p=20663"},"modified":"2020-05-14T12:41:05","modified_gmt":"2020-05-14T16:41:05","slug":"nothings-lasts-ryan-playground-remix","status":"publish","type":"product","link":"https:\/\/pro-pages.secretcityrecords.com\/fr\/produit\/nothings-lasts-ryan-playground-remix\/","title":{"rendered":"Nothings Lasts (Ryan Playground Remix)"},"content":{"rendered":"<p>Jesse Mac Cormack annonce \u00ab NOW RMX \u00bb : une collection de trois remix de chansons de son album prim\u00e9 Now. Un remix sera lanc\u00e9 chaque vendredi d\u00e8s le 15 mai, culminant avec la parution d\u2019une toute nouvelle chanson le vendredi 12 juin.<\/p>\n<p>Jesse avait ceci \u00e0 dire \u00e0 propos des nouvelles pi\u00e8ces : \u00ab\u2009La musique \u00e9lectronique est un hobby pour moi, une passion excitante, carburant \u00e0 la joie et au mouvement. C\u2019est toujours un plaisir d\u2019exposer une de mes chansons \u00e0 ce type particulier de sonorit\u00e9s&#8230; J\u2019ai vraiment l\u2019impression que maintenant est le meilleur moment pour faire para\u00eetre de la musique, malgr\u00e9 la tristesse constante que nous ressentons tous; le confinement est le contexte id\u00e9al pour \u00e9couter de la musique attentivement.\u2009\u00bb<\/p>\n<p>\u00c0 propos de \u00ab Nothing Lasts \u00bb Remix par Ryan Playground:<\/p>\n<p>\u00ab\u2009J\u2019ai rencontr\u00e9 Ryan au Piknic Electronik et j\u2019ai ador\u00e9 son set. Je lui ai \u00e9crit sur Instagram et elle \u00e9tait super enthousiaste \u00e0 l\u2019id\u00e9e de collaborer ensemble. J\u2019aime vraiment les arrangements qu\u2019elle a ajout\u00e9s \u00e0 la piste vocale pour ce remix.\u2009\u00bb<\/p>\n","protected":false},"excerpt":{"rendered":"<p>Jesse Mac Cormack annonce \u00ab NOW RMX \u00bb : une collection de trois remix de chansons de son album prim\u00e9 Now. Un remix sera lanc\u00e9 chaque vendredi d\u00e8s le 15 mai, culminant avec la parution d\u2019une toute nouvelle chanson le vendredi 12 juin. Jesse avait ceci \u00e0 dire \u00e0 propos des nouvelles pi\u00e8ces : \u00ab\u2009La [&hellip;]<\/p>\n","protected":false},"featured_media":20654,"template":"","meta":[],"product_brand":[],"product_cat":[97],"product_tag":[],"class_list":{"0":"post-20663","1":"product","2":"type-product","3":"status-publish","4":"has-post-thumbnail","6":"product_cat-digital-fr","8":"first","9":"instock","10":"taxable","11":"shipping-taxable","12":"purchasable","13":"product-type-variable"},"acf":[],"yoast_head":"<!-- This site is optimized with the Yoast SEO plugin v27.5 - https:\/\/yoast.com\/product\/yoast-seo-wordpress\/ -->\n<title>Nothings Lasts (Ryan Playground Remix) - Secret City Records<\/title>\n<meta name=\"robots\" content=\"noindex, follow, max-snippet:-1, max-image-preview:large, max-video-preview:-1\" \/>\n<meta property=\"og:locale\" content=\"fr_FR\" \/>\n<meta property=\"og:type\" content=\"article\" \/>\n<meta property=\"og:title\" content=\"Nothings Lasts (Ryan Playground Remix) - Secret City Records\" \/>\n<meta property=\"og:description\" content=\"Jesse Mac Cormack annonce \u00ab NOW RMX \u00bb : une collection de trois remix de chansons de son album prim\u00e9 Now. Un remix sera lanc\u00e9 chaque vendredi d\u00e8s le 15 mai, culminant avec la parution d\u2019une toute nouvelle chanson le vendredi 12 juin. Jesse avait ceci \u00e0 dire \u00e0 propos des nouvelles pi\u00e8ces : \u00ab\u2009La [&hellip;]\" \/>\n<meta property=\"og:url\" content=\"https:\/\/pro-pages.secretcityrecords.com\/fr\/produit\/nothings-lasts-ryan-playground-remix\/\" \/>\n<meta property=\"og:site_name\" content=\"Secret City Records\" \/>\n<meta property=\"og:image\" content=\"https:\/\/pro-pages.secretcityrecords.com\/wp-content\/uploads\/2020\/05\/Notjing-Last_Ryanplayground-Remix_Frederique-Berube_MIDRES.jpg\" \/>\n\t<meta property=\"og:image:width\" content=\"2000\" \/>\n\t<meta property=\"og:image:height\" content=\"2000\" \/>\n\t<meta property=\"og:image:type\" content=\"image\/jpeg\" \/>\n<meta name=\"twitter:card\" content=\"summary_large_image\" \/>\n<meta name=\"twitter:label1\" content=\"Dur\u00e9e de lecture estim\u00e9e\" \/>\n\t<meta name=\"twitter:data1\" content=\"1 minute\" \/>\n<script type=\"application\/ld+json\" class=\"yoast-schema-graph\">{\"@context\":\"https:\\\/\\\/schema.org\",\"@graph\":[{\"@type\":\"WebPage\",\"@id\":\"https:\\\/\\\/pro-pages.secretcityrecords.com\\\/fr\\\/produit\\\/nothings-lasts-ryan-playground-remix\\\/\",\"url\":\"https:\\\/\\\/pro-pages.secretcityrecords.com\\\/fr\\\/produit\\\/nothings-lasts-ryan-playground-remix\\\/\",\"name\":\"Nothings Lasts (Ryan Playground Remix) - Secret City Records\",\"isPartOf\":{\"@id\":\"https:\\\/\\\/pro-pages.secretcityrecords.com\\\/fr\\\/#website\"},\"primaryImageOfPage\":{\"@id\":\"https:\\\/\\\/pro-pages.secretcityrecords.com\\\/fr\\\/produit\\\/nothings-lasts-ryan-playground-remix\\\/#primaryimage\"},\"image\":{\"@id\":\"https:\\\/\\\/pro-pages.secretcityrecords.com\\\/fr\\\/produit\\\/nothings-lasts-ryan-playground-remix\\\/#primaryimage\"},\"thumbnailUrl\":\"https:\\\/\\\/pro-pages.secretcityrecords.com\\\/wp-content\\\/uploads\\\/2020\\\/05\\\/Notjing-Last_Ryanplayground-Remix_Frederique-Berube_MIDRES.jpg\",\"datePublished\":\"2020-05-15T04:33:44+00:00\",\"breadcrumb\":{\"@id\":\"https:\\\/\\\/pro-pages.secretcityrecords.com\\\/fr\\\/produit\\\/nothings-lasts-ryan-playground-remix\\\/#breadcrumb\"},\"inLanguage\":\"fr-FR\",\"potentialAction\":[{\"@type\":\"ReadAction\",\"target\":[\"https:\\\/\\\/pro-pages.secretcityrecords.com\\\/fr\\\/produit\\\/nothings-lasts-ryan-playground-remix\\\/\"]}]},{\"@type\":\"ImageObject\",\"inLanguage\":\"fr-FR\",\"@id\":\"https:\\\/\\\/pro-pages.secretcityrecords.com\\\/fr\\\/produit\\\/nothings-lasts-ryan-playground-remix\\\/#primaryimage\",\"url\":\"https:\\\/\\\/pro-pages.secretcityrecords.com\\\/wp-content\\\/uploads\\\/2020\\\/05\\\/Notjing-Last_Ryanplayground-Remix_Frederique-Berube_MIDRES.jpg\",\"contentUrl\":\"https:\\\/\\\/pro-pages.secretcityrecords.com\\\/wp-content\\\/uploads\\\/2020\\\/05\\\/Notjing-Last_Ryanplayground-Remix_Frederique-Berube_MIDRES.jpg\",\"width\":2000,\"height\":2000},{\"@type\":\"BreadcrumbList\",\"@id\":\"https:\\\/\\\/pro-pages.secretcityrecords.com\\\/fr\\\/produit\\\/nothings-lasts-ryan-playground-remix\\\/#breadcrumb\",\"itemListElement\":[{\"@type\":\"ListItem\",\"position\":1,\"name\":\"Home\",\"item\":\"https:\\\/\\\/pro-pages.secretcityrecords.com\\\/fr\\\/\"},{\"@type\":\"ListItem\",\"position\":2,\"name\":\"Boutique\",\"item\":\"https:\\\/\\\/pro-pages.secretcityrecords.com\\\/fr\\\/boutique\\\/\"},{\"@type\":\"ListItem\",\"position\":3,\"name\":\"Nothings Lasts (Ryan Playground Remix)\"}]},{\"@type\":\"WebSite\",\"@id\":\"https:\\\/\\\/pro-pages.secretcityrecords.com\\\/fr\\\/#website\",\"url\":\"https:\\\/\\\/pro-pages.secretcityrecords.com\\\/fr\\\/\",\"name\":\"Secret City Records\",\"description\":\"En musique depuis 2006\",\"potentialAction\":[{\"@type\":\"SearchAction\",\"target\":{\"@type\":\"EntryPoint\",\"urlTemplate\":\"https:\\\/\\\/pro-pages.secretcityrecords.com\\\/fr\\\/?s={search_term_string}\"},\"query-input\":{\"@type\":\"PropertyValueSpecification\",\"valueRequired\":true,\"valueName\":\"search_term_string\"}}],\"inLanguage\":\"fr-FR\"}]}<\/script>\n<!-- \/ Yoast SEO plugin. -->","yoast_head_json":{"title":"Nothings Lasts (Ryan Playground Remix) - Secret City Records","robots":{"index":"noindex","follow":"follow","max-snippet":"max-snippet:-1","max-image-preview":"max-image-preview:large","max-video-preview":"max-video-preview:-1"},"og_locale":"fr_FR","og_type":"article","og_title":"Nothings Lasts (Ryan Playground Remix) - Secret City Records","og_description":"Jesse Mac Cormack annonce \u00ab NOW RMX \u00bb : une collection de trois remix de chansons de son album prim\u00e9 Now. Un remix sera lanc\u00e9 chaque vendredi d\u00e8s le 15 mai, culminant avec la parution d\u2019une toute nouvelle chanson le vendredi 12 juin. Jesse avait ceci \u00e0 dire \u00e0 propos des nouvelles pi\u00e8ces : \u00ab\u2009La [&hellip;]","og_url":"https:\/\/pro-pages.secretcityrecords.com\/fr\/produit\/nothings-lasts-ryan-playground-remix\/","og_site_name":"Secret City Records","og_image":[{"width":2000,"height":2000,"url":"https:\/\/pro-pages.secretcityrecords.com\/wp-content\/uploads\/2020\/05\/Notjing-Last_Ryanplayground-Remix_Frederique-Berube_MIDRES.jpg","type":"image\/jpeg"}],"twitter_card":"summary_large_image","twitter_misc":{"Dur\u00e9e de lecture estim\u00e9e":"1 minute"},"schema":{"@context":"https:\/\/schema.org","@graph":[{"@type":"WebPage","@id":"https:\/\/pro-pages.secretcityrecords.com\/fr\/produit\/nothings-lasts-ryan-playground-remix\/","url":"https:\/\/pro-pages.secretcityrecords.com\/fr\/produit\/nothings-lasts-ryan-playground-remix\/","name":"Nothings Lasts (Ryan Playground Remix) - Secret City Records","isPartOf":{"@id":"https:\/\/pro-pages.secretcityrecords.com\/fr\/#website"},"primaryImageOfPage":{"@id":"https:\/\/pro-pages.secretcityrecords.com\/fr\/produit\/nothings-lasts-ryan-playground-remix\/#primaryimage"},"image":{"@id":"https:\/\/pro-pages.secretcityrecords.com\/fr\/produit\/nothings-lasts-ryan-playground-remix\/#primaryimage"},"thumbnailUrl":"https:\/\/pro-pages.secretcityrecords.com\/wp-content\/uploads\/2020\/05\/Notjing-Last_Ryanplayground-Remix_Frederique-Berube_MIDRES.jpg","datePublished":"2020-05-15T04:33:44+00:00","breadcrumb":{"@id":"https:\/\/pro-pages.secretcityrecords.com\/fr\/produit\/nothings-lasts-ryan-playground-remix\/#breadcrumb"},"inLanguage":"fr-FR","potentialAction":[{"@type":"ReadAction","target":["https:\/\/pro-pages.secretcityrecords.com\/fr\/produit\/nothings-lasts-ryan-playground-remix\/"]}]},{"@type":"ImageObject","inLanguage":"fr-FR","@id":"https:\/\/pro-pages.secretcityrecords.com\/fr\/produit\/nothings-lasts-ryan-playground-remix\/#primaryimage","url":"https:\/\/pro-pages.secretcityrecords.com\/wp-content\/uploads\/2020\/05\/Notjing-Last_Ryanplayground-Remix_Frederique-Berube_MIDRES.jpg","contentUrl":"https:\/\/pro-pages.secretcityrecords.com\/wp-content\/uploads\/2020\/05\/Notjing-Last_Ryanplayground-Remix_Frederique-Berube_MIDRES.jpg","width":2000,"height":2000},{"@type":"BreadcrumbList","@id":"https:\/\/pro-pages.secretcityrecords.com\/fr\/produit\/nothings-lasts-ryan-playground-remix\/#breadcrumb","itemListElement":[{"@type":"ListItem","position":1,"name":"Home","item":"https:\/\/pro-pages.secretcityrecords.com\/fr\/"},{"@type":"ListItem","position":2,"name":"Boutique","item":"https:\/\/pro-pages.secretcityrecords.com\/fr\/boutique\/"},{"@type":"ListItem","position":3,"name":"Nothings Lasts (Ryan Playground Remix)"}]},{"@type":"WebSite","@id":"https:\/\/pro-pages.secretcityrecords.com\/fr\/#website","url":"https:\/\/pro-pages.secretcityrecords.com\/fr\/","name":"Secret City Records","description":"En musique depuis 2006","potentialAction":[{"@type":"SearchAction","target":{"@type":"EntryPoint","urlTemplate":"https:\/\/pro-pages.secretcityrecords.com\/fr\/?s={search_term_string}"},"query-input":{"@type":"PropertyValueSpecification","valueRequired":true,"valueName":"search_term_string"}}],"inLanguage":"fr-FR"}]}},"_links":{"self":[{"href":"https:\/\/pro-pages.secretcityrecords.com\/fr\/wp-json\/wp\/v2\/product\/20663","targetHints":{"allow":["GET"]}}],"collection":[{"href":"https:\/\/pro-pages.secretcityrecords.com\/fr\/wp-json\/wp\/v2\/product"}],"about":[{"href":"https:\/\/pro-pages.secretcityrecords.com\/fr\/wp-json\/wp\/v2\/types\/product"}],"wp:featuredmedia":[{"embeddable":true,"href":"https:\/\/pro-pages.secretcityrecords.com\/fr\/wp-json\/wp\/v2\/media\/20654"}],"wp:attachment":[{"href":"https:\/\/pro-pages.secretcityrecords.com\/fr\/wp-json\/wp\/v2\/media?parent=20663"}],"wp:term":[{"taxonomy":"product_brand","embeddable":true,"href":"https:\/\/pro-pages.secretcityrecords.com\/fr\/wp-json\/wp\/v2\/product_brand?post=20663"},{"taxonomy":"product_cat","embeddable":true,"href":"https:\/\/pro-pages.secretcityrecords.com\/fr\/wp-json\/wp\/v2\/product_cat?post=20663"},{"taxonomy":"product_tag","embeddable":true,"href":"https:\/\/pro-pages.secretcityrecords.com\/fr\/wp-json\/wp\/v2\/product_tag?post=20663"}],"curies":[{"name":"wp","href":"https:\/\/api.w.org\/{rel}","templated":true}]}}