{"id":20879,"date":"2020-04-24T12:17:03","date_gmt":"2020-04-24T16:17:03","guid":{"rendered":"https:\/\/pro-pages.secretcityrecords.com\/?post_type=product&#038;p=20879"},"modified":"2021-04-06T16:18:48","modified_gmt":"2021-04-06T20:18:48","slug":"island-3","status":"publish","type":"product","link":"https:\/\/pro-pages.secretcityrecords.com\/fr\/produit\/island-3\/","title":{"rendered":"Island"},"content":{"rendered":"<p>Dans certains cas, l\u2019art est un moyen de subsistance. Il aborde parfois la gu\u00e9rison ou les blessures; il peut \u00eatre ludique, ou concerner les efforts n\u00e9cessaires \u00e0 sa propre cr\u00e9ation. Il y a de l\u2019art sur le d\u00e9sir, la politique, le d\u00e9sespoir, l\u2019h\u00e9ritage, les reptiles mythiques. En 15 ans et cinq albums solo,\u00a0 <strong>Owen<\/strong> <strong>Pallett<\/strong>, originaire de Toronto a cr\u00e9\u00e9 de l\u2019art qui correspond \u00e0 toutes ces choses \u2014 de la musique qui brille, qui galope, qui fr\u00e9mit, qui jouit. Travaillant seul ou avec certains des plus grands noms de la musique populaire, iel a inscrit son nom dans le son du d\u00e9but de ce si\u00e8cle, tel un message cach\u00e9 dans les ourlets.<\/p>\n<p><strong>Island<\/strong>, le plus r\u00e9cent album de Pallett, commence avec 13 accords sombres. C\u2019est le son d\u2019un \u00e9veil, seul, sur un nouveau rivage. Ce qui suit est scintillant et luxuriant\u00a0: un album orchestral qui puise dans toute l\u2019\u00e9tendue de la discographie de Pallett, du splendide Technicolor de <em>Heartland<\/em> \u00e0 l\u2019\u00e9tincelante guitare gratt\u00e9e \u00e0 la main qui caract\u00e9risait les premiers disques de Pallett avec Les Mouches. Presque enti\u00e8rement acoustique, <strong>Island <\/strong>fait appel au plus grand ensemble de la carri\u00e8re solo de Pallett, le monumental Orchestre contemporain de Londres, qui a \u00e9t\u00e9 enregistr\u00e9 aux studios Abbey Road. Or, le disque pr\u00e9sente aussi la version la plus \u00e9pur\u00e9e et souvent sobre du musicien, mettant en valeur les mots qu\u2019iel chante et la fa\u00e7on dont ils sont chant\u00e9s.<\/p>\n<p>Pour la premi\u00e8re fois, Pallett a cr\u00e9\u00e9 un album sans se soucier de la fa\u00e7on qu\u2019il pourrait \u00eatre jou\u00e9 sur sc\u00e8ne. Ce ne fut pas une transition \u00e9vidente, car Pallett a initialement fait sa r\u00e9putation en grande partie gr\u00e2ce \u00e0 sa virtuosit\u00e9 sc\u00e9nique, jouant du violon pour des groupes tels que Arcade Fire et Hidden Cameras, puis \u00e9mergeant en tant qu\u2019artiste solo maniant le solo et les p\u00e9dales de loop sous le nom Final Fantasy. Sa deuxi\u00e8me parution, <strong>He Poos Clouds<\/strong> (2006)<em>,<\/em> a remport\u00e9 le tout premier <strong>Prix de musique Polaris<\/strong>, et bien que le violon se soit progressivement \u00e9loign\u00e9 du c\u0153ur de sa musique, cet instrument (et la question des performances sc\u00e9niques en g\u00e9n\u00e9ral) n\u2019a jamais cess\u00e9 d\u2019\u00eatre une pr\u00e9occupation.<\/p>\n<p>Du moins, jusqu\u2019\u00e0 maintenant. Pallett a compos\u00e9 les neuf chansons d\u2019Island sur une bonne vieille guitare acoustique. Plus tard, iel a imagin\u00e9 ces pi\u00e8ces en tant qu\u2019un album orchestral immersif de 80 minutes. Le r\u00e9sultat final se positionne quelque part entre les deux\u00a0: une distillation de 46 minutes d\u2019un processus d\u2019enregistrement instinctif s\u2019apparentant \u00e0 un tourbillon, avec une s\u00e9rie de br\u00e8ves sessions intenses s\u2019\u00e9tendant sur des ann\u00e9es.<\/p>\n<p>La fascination de Pallett pour la forme et son app\u00e9tit pour l\u2019exp\u00e9rimentation ont guid\u00e9 toute son \u0153uvre. L\u00e0 o\u00f9 <strong>Has A Good Home <\/strong>(2005) \u00e9tait un disque de pop de chambre avenante, son album paru l\u2019ann\u00e9e suivante, <strong>He Poos Clouds<\/strong>, \u00e9tait un album concept inspir\u00e9 de Donjons et Dragons, enregistr\u00e9 avec un quatuor \u00e0 cordes (bien s\u00fbr!). Apr\u00e8s un EP avec Beirut et une collection de reprises d\u2019Alex Lukashevsky, Pallett a commenc\u00e9 \u00e0 lancer de la musique sous son propre nom, avec d\u2019abord <strong>Heartland <\/strong>(2010)<em>.<\/em> C\u2019\u00e9tait le d\u00e9but de la saga de Lewis\u00a0: l\u2019histoire d\u2019un beau, mais violent fermier luttant avec un dieu \u2014 la d\u00e9it\u00e9 Owen.<\/p>\n<p>Sur <strong>In Conflict <\/strong>(2014), Pallett a pris une direction diff\u00e9rente. Plut\u00f4t que de submerger ses th\u00e8mes dans un monde fantaisiste, iel a tent\u00e9 d\u2019\u00e9crire en tant que ellui-m\u00eame, adoptant une approche autobiographique. \u00ab\u2009Ironiquement\u2009\u00bb, maintenant, \u00ab\u2009ces chansons semblaient moins sinc\u00e8res.\u2009\u00bb Avec <strong>Island<\/strong>, iel retrouve Lewis \u2013 seul sur la rive d\u2019une contr\u00e9e \u00e9trange, s\u2019abandonnant \u00e0 ses instincts les plus autodestructeurs. \u00c9ventuellement, l\u2019ancien fermier d\u00e9couvre un secret \u00e0 propos de son identit\u00e9, mais pas avant qu\u2019Owen l\u2019ait litt\u00e9ralement bais\u00e9 jusque dans l\u2019espace. Le disque a r\u00e9v\u00e9l\u00e9 son enti\u00e8re force philharmonique, alors que le piano et la guitare \u00e9mergeaient, accompagn\u00e9s d\u2019un orchestre en guerre contre lui-m\u00eame, suspendu dans les t\u00e9n\u00e8bres.<\/p>\n<p>\u00ab\u2009Je ne sais pas ce qui va arriver ensuite\u2009\u00bb, avertit Pallett. Mais cela a toujours \u00e9t\u00e9 sa nature en tant que musicien qui s\u2019interroge sur le positionnement potentiel de la voix d\u2019un artiste, puis qui transforme cette interrogation en sujet de chanson. Iel fait ceci avec des paroles dr\u00f4les et saisissantes, d\u2019une gr\u00e2ce trompeuse; elles brillent comme des pi\u00e8ces d\u2019or. On y retrouve des allusions \u00e0 des grimoires secrets, \u00e0 des questions sociopolitiques contemporaines, \u00e0 Flann O\u2019Brien et \u00e0 The Legend of Zelda, ainsi des arrangements extraordinaires, imagin\u00e9s enti\u00e8rement par Pallett, un don qui fait de lui un collaborateur tr\u00e8s pris\u00e9.<\/p>\n<p>En plus de son travail avec Arcade Fire, qui a \u00e9t\u00e9 r\u00e9compens\u00e9 aux prix<strong> Grammy, <\/strong>Pallett a r\u00e9cemment fait des arrangements de cordes, de cuivres et d\u2019orchestre pour Frank Ocean, Caribou, The Last Shadow Puppets, The National, Christine and the Queens, R.E.M., Linkin Park, Sigur R\u00f3s, Taylor Swift, et Pet Shop Boys. Depuis le lancement de <strong>In Conflict<\/strong> il y a six ans, iel a compos\u00e9 la musique de deux s\u00e9ries t\u00e9l\u00e9vis\u00e9es et de sept films, obtenant une nomination aux <strong>Oscars <\/strong>pour son travail sur <strong>Her <\/strong>de Spike Jonze, ainsi qu\u2019un <strong>Emmy <\/strong>pour <strong>Fourteen Actors Acting<\/strong> de S\u00f8lve Sundsb\u00f8. Plus r\u00e9cemment, iel a r\u00e9alis\u00e9 <strong>In League With Dragons<\/strong>, l\u2019acclam\u00e9 17e album des Mountain Goats.<\/p>\n<p>N\u00e9anmoins, ce n\u2019est pas \u00e0 quel point iel travaille fort qui d\u00e9finit la d\u00e9marche artistique de Pallett. C\u2019est une qualit\u00e9 encore plus rare\u00a0: la vision, une fa\u00e7on de voir les choses plus clairement. Possiblement m\u00eame une forme de clairvoyance. Pallett donne naissance \u00e0 des mondes entiers, constitu\u00e9s de sons et d\u2019images que seul lui pouvait imaginer, et que l\u2019auditeur peut d\u00e9sormais voir, comme si un portail s\u2019\u00e9tait ouvert. Le secret, de toute \u00e9vidence, est qu\u2019il ne s\u2019agit pas simplement de jolies illusions\u00a0: ce sont des chansons sur le fait d\u2019\u00eatre vivant, en se demandant pourquoi on l\u2019est, consid\u00e9rant toutes les horreurs de l\u2019existence. Elles n\u2019offrent pas de r\u00e9ponse. \u00ab\u2009<em>I grab the hem and lift the fabric over my sweet head<\/em>\u2009\u00bb [\u00ab\u2009Je prends l\u2019\u00e9toffe et je la mets par-dessus ma douce t\u00eate\u2009\u00bb], chantait Owen il y a une dizaine d\u2019ann\u00e9es. \u00ab\u2009<em>I know what you\u2019re looking for and I\u2019m never gonna give it to you<\/em>.\u2009\u00bb\u00a0 [\u00ab\u2009Je sais ce que vous recherchez, mais je ne vous le donnerai jamais.\u2009\u00bb]\n<p>&nbsp;<\/p>\n<p>&nbsp;<\/p>\n","protected":false},"excerpt":{"rendered":"<p>Dans certains cas, l\u2019art est un moyen de subsistance. Il aborde parfois la gu\u00e9rison ou les blessures; il peut \u00eatre ludique, ou concerner les efforts n\u00e9cessaires \u00e0 sa propre cr\u00e9ation. Il y a de l\u2019art sur le d\u00e9sir, la politique, le d\u00e9sespoir, l\u2019h\u00e9ritage, les reptiles mythiques. En 15 ans et cinq albums solo,\u00a0 Owen Pallett, [&hellip;]<\/p>\n","protected":false},"featured_media":20248,"template":"","meta":[],"product_brand":[],"product_cat":[102,97,100],"product_tag":[],"class_list":{"0":"post-20879","1":"product","2":"type-product","3":"status-publish","4":"has-post-thumbnail","6":"product_cat-cd-fr","7":"product_cat-digital-fr","8":"product_cat-lp-fr","10":"first","11":"instock","12":"taxable","13":"shipping-taxable","14":"purchasable","15":"product-type-variable"},"acf":[],"yoast_head":"<!-- This site is optimized with the Yoast SEO plugin v27.5 - https:\/\/yoast.com\/product\/yoast-seo-wordpress\/ -->\n<title>Island - Secret City Records<\/title>\n<meta name=\"robots\" content=\"noindex, follow, max-snippet:-1, max-image-preview:large, max-video-preview:-1\" \/>\n<meta property=\"og:locale\" content=\"fr_FR\" \/>\n<meta property=\"og:type\" content=\"article\" \/>\n<meta property=\"og:title\" content=\"Island - Secret City Records\" \/>\n<meta property=\"og:description\" content=\"Dans certains cas, l\u2019art est un moyen de subsistance. Il aborde parfois la gu\u00e9rison ou les blessures; il peut \u00eatre ludique, ou concerner les efforts n\u00e9cessaires \u00e0 sa propre cr\u00e9ation. Il y a de l\u2019art sur le d\u00e9sir, la politique, le d\u00e9sespoir, l\u2019h\u00e9ritage, les reptiles mythiques. En 15 ans et cinq albums solo,\u00a0 Owen Pallett, [&hellip;]\" \/>\n<meta property=\"og:url\" content=\"https:\/\/pro-pages.secretcityrecords.com\/fr\/produit\/island-3\/\" \/>\n<meta property=\"og:site_name\" content=\"Secret City Records\" \/>\n<meta property=\"article:modified_time\" content=\"2021-04-06T20:18:48+00:00\" \/>\n<meta property=\"og:image\" content=\"https:\/\/pro-pages.secretcityrecords.com\/wp-content\/uploads\/2020\/04\/Island_Hires.jpg\" \/>\n\t<meta property=\"og:image:width\" content=\"2560\" \/>\n\t<meta property=\"og:image:height\" content=\"2560\" \/>\n\t<meta property=\"og:image:type\" content=\"image\/jpeg\" \/>\n<meta name=\"twitter:card\" content=\"summary_large_image\" \/>\n<meta name=\"twitter:label1\" content=\"Dur\u00e9e de lecture estim\u00e9e\" \/>\n\t<meta name=\"twitter:data1\" content=\"6 minutes\" \/>\n<script type=\"application\/ld+json\" class=\"yoast-schema-graph\">{\"@context\":\"https:\\\/\\\/schema.org\",\"@graph\":[{\"@type\":\"WebPage\",\"@id\":\"https:\\\/\\\/pro-pages.secretcityrecords.com\\\/fr\\\/produit\\\/island-3\\\/\",\"url\":\"https:\\\/\\\/pro-pages.secretcityrecords.com\\\/fr\\\/produit\\\/island-3\\\/\",\"name\":\"Island - Secret City Records\",\"isPartOf\":{\"@id\":\"https:\\\/\\\/pro-pages.secretcityrecords.com\\\/fr\\\/#website\"},\"primaryImageOfPage\":{\"@id\":\"https:\\\/\\\/pro-pages.secretcityrecords.com\\\/fr\\\/produit\\\/island-3\\\/#primaryimage\"},\"image\":{\"@id\":\"https:\\\/\\\/pro-pages.secretcityrecords.com\\\/fr\\\/produit\\\/island-3\\\/#primaryimage\"},\"thumbnailUrl\":\"https:\\\/\\\/pro-pages.secretcityrecords.com\\\/wp-content\\\/uploads\\\/2020\\\/04\\\/Island_Hires.jpg\",\"datePublished\":\"2020-04-24T16:17:03+00:00\",\"dateModified\":\"2021-04-06T20:18:48+00:00\",\"breadcrumb\":{\"@id\":\"https:\\\/\\\/pro-pages.secretcityrecords.com\\\/fr\\\/produit\\\/island-3\\\/#breadcrumb\"},\"inLanguage\":\"fr-FR\",\"potentialAction\":[{\"@type\":\"ReadAction\",\"target\":[\"https:\\\/\\\/pro-pages.secretcityrecords.com\\\/fr\\\/produit\\\/island-3\\\/\"]}]},{\"@type\":\"ImageObject\",\"inLanguage\":\"fr-FR\",\"@id\":\"https:\\\/\\\/pro-pages.secretcityrecords.com\\\/fr\\\/produit\\\/island-3\\\/#primaryimage\",\"url\":\"https:\\\/\\\/pro-pages.secretcityrecords.com\\\/wp-content\\\/uploads\\\/2020\\\/04\\\/Island_Hires.jpg\",\"contentUrl\":\"https:\\\/\\\/pro-pages.secretcityrecords.com\\\/wp-content\\\/uploads\\\/2020\\\/04\\\/Island_Hires.jpg\",\"width\":2560,\"height\":2560},{\"@type\":\"BreadcrumbList\",\"@id\":\"https:\\\/\\\/pro-pages.secretcityrecords.com\\\/fr\\\/produit\\\/island-3\\\/#breadcrumb\",\"itemListElement\":[{\"@type\":\"ListItem\",\"position\":1,\"name\":\"Home\",\"item\":\"https:\\\/\\\/pro-pages.secretcityrecords.com\\\/fr\\\/\"},{\"@type\":\"ListItem\",\"position\":2,\"name\":\"Boutique\",\"item\":\"https:\\\/\\\/pro-pages.secretcityrecords.com\\\/fr\\\/boutique\\\/\"},{\"@type\":\"ListItem\",\"position\":3,\"name\":\"Island\"}]},{\"@type\":\"WebSite\",\"@id\":\"https:\\\/\\\/pro-pages.secretcityrecords.com\\\/fr\\\/#website\",\"url\":\"https:\\\/\\\/pro-pages.secretcityrecords.com\\\/fr\\\/\",\"name\":\"Secret City Records\",\"description\":\"En musique depuis 2006\",\"potentialAction\":[{\"@type\":\"SearchAction\",\"target\":{\"@type\":\"EntryPoint\",\"urlTemplate\":\"https:\\\/\\\/pro-pages.secretcityrecords.com\\\/fr\\\/?s={search_term_string}\"},\"query-input\":{\"@type\":\"PropertyValueSpecification\",\"valueRequired\":true,\"valueName\":\"search_term_string\"}}],\"inLanguage\":\"fr-FR\"}]}<\/script>\n<!-- \/ Yoast SEO plugin. -->","yoast_head_json":{"title":"Island - Secret City Records","robots":{"index":"noindex","follow":"follow","max-snippet":"max-snippet:-1","max-image-preview":"max-image-preview:large","max-video-preview":"max-video-preview:-1"},"og_locale":"fr_FR","og_type":"article","og_title":"Island - Secret City Records","og_description":"Dans certains cas, l\u2019art est un moyen de subsistance. Il aborde parfois la gu\u00e9rison ou les blessures; il peut \u00eatre ludique, ou concerner les efforts n\u00e9cessaires \u00e0 sa propre cr\u00e9ation. Il y a de l\u2019art sur le d\u00e9sir, la politique, le d\u00e9sespoir, l\u2019h\u00e9ritage, les reptiles mythiques. En 15 ans et cinq albums solo,\u00a0 Owen Pallett, [&hellip;]","og_url":"https:\/\/pro-pages.secretcityrecords.com\/fr\/produit\/island-3\/","og_site_name":"Secret City Records","article_modified_time":"2021-04-06T20:18:48+00:00","og_image":[{"width":2560,"height":2560,"url":"https:\/\/pro-pages.secretcityrecords.com\/wp-content\/uploads\/2020\/04\/Island_Hires.jpg","type":"image\/jpeg"}],"twitter_card":"summary_large_image","twitter_misc":{"Dur\u00e9e de lecture estim\u00e9e":"6 minutes"},"schema":{"@context":"https:\/\/schema.org","@graph":[{"@type":"WebPage","@id":"https:\/\/pro-pages.secretcityrecords.com\/fr\/produit\/island-3\/","url":"https:\/\/pro-pages.secretcityrecords.com\/fr\/produit\/island-3\/","name":"Island - Secret City Records","isPartOf":{"@id":"https:\/\/pro-pages.secretcityrecords.com\/fr\/#website"},"primaryImageOfPage":{"@id":"https:\/\/pro-pages.secretcityrecords.com\/fr\/produit\/island-3\/#primaryimage"},"image":{"@id":"https:\/\/pro-pages.secretcityrecords.com\/fr\/produit\/island-3\/#primaryimage"},"thumbnailUrl":"https:\/\/pro-pages.secretcityrecords.com\/wp-content\/uploads\/2020\/04\/Island_Hires.jpg","datePublished":"2020-04-24T16:17:03+00:00","dateModified":"2021-04-06T20:18:48+00:00","breadcrumb":{"@id":"https:\/\/pro-pages.secretcityrecords.com\/fr\/produit\/island-3\/#breadcrumb"},"inLanguage":"fr-FR","potentialAction":[{"@type":"ReadAction","target":["https:\/\/pro-pages.secretcityrecords.com\/fr\/produit\/island-3\/"]}]},{"@type":"ImageObject","inLanguage":"fr-FR","@id":"https:\/\/pro-pages.secretcityrecords.com\/fr\/produit\/island-3\/#primaryimage","url":"https:\/\/pro-pages.secretcityrecords.com\/wp-content\/uploads\/2020\/04\/Island_Hires.jpg","contentUrl":"https:\/\/pro-pages.secretcityrecords.com\/wp-content\/uploads\/2020\/04\/Island_Hires.jpg","width":2560,"height":2560},{"@type":"BreadcrumbList","@id":"https:\/\/pro-pages.secretcityrecords.com\/fr\/produit\/island-3\/#breadcrumb","itemListElement":[{"@type":"ListItem","position":1,"name":"Home","item":"https:\/\/pro-pages.secretcityrecords.com\/fr\/"},{"@type":"ListItem","position":2,"name":"Boutique","item":"https:\/\/pro-pages.secretcityrecords.com\/fr\/boutique\/"},{"@type":"ListItem","position":3,"name":"Island"}]},{"@type":"WebSite","@id":"https:\/\/pro-pages.secretcityrecords.com\/fr\/#website","url":"https:\/\/pro-pages.secretcityrecords.com\/fr\/","name":"Secret City Records","description":"En musique depuis 2006","potentialAction":[{"@type":"SearchAction","target":{"@type":"EntryPoint","urlTemplate":"https:\/\/pro-pages.secretcityrecords.com\/fr\/?s={search_term_string}"},"query-input":{"@type":"PropertyValueSpecification","valueRequired":true,"valueName":"search_term_string"}}],"inLanguage":"fr-FR"}]}},"_links":{"self":[{"href":"https:\/\/pro-pages.secretcityrecords.com\/fr\/wp-json\/wp\/v2\/product\/20879","targetHints":{"allow":["GET"]}}],"collection":[{"href":"https:\/\/pro-pages.secretcityrecords.com\/fr\/wp-json\/wp\/v2\/product"}],"about":[{"href":"https:\/\/pro-pages.secretcityrecords.com\/fr\/wp-json\/wp\/v2\/types\/product"}],"wp:featuredmedia":[{"embeddable":true,"href":"https:\/\/pro-pages.secretcityrecords.com\/fr\/wp-json\/wp\/v2\/media\/20248"}],"wp:attachment":[{"href":"https:\/\/pro-pages.secretcityrecords.com\/fr\/wp-json\/wp\/v2\/media?parent=20879"}],"wp:term":[{"taxonomy":"product_brand","embeddable":true,"href":"https:\/\/pro-pages.secretcityrecords.com\/fr\/wp-json\/wp\/v2\/product_brand?post=20879"},{"taxonomy":"product_cat","embeddable":true,"href":"https:\/\/pro-pages.secretcityrecords.com\/fr\/wp-json\/wp\/v2\/product_cat?post=20879"},{"taxonomy":"product_tag","embeddable":true,"href":"https:\/\/pro-pages.secretcityrecords.com\/fr\/wp-json\/wp\/v2\/product_tag?post=20879"}],"curies":[{"name":"wp","href":"https:\/\/api.w.org\/{rel}","templated":true}]}}