{"id":23058,"date":"2020-09-16T00:00:01","date_gmt":"2020-09-16T04:00:01","guid":{"rendered":"https:\/\/pro-pages.secretcityrecords.com\/?post_type=product&#038;p=23058"},"modified":"2022-03-18T11:00:00","modified_gmt":"2022-03-18T15:00:00","slug":"fiction-ep","status":"publish","type":"product","link":"https:\/\/pro-pages.secretcityrecords.com\/fr\/produit\/fiction-ep\/","title":{"rendered":"FICTION &#8211; EP"},"content":{"rendered":"<p><span style=\"font-weight: 400;\">Le groupe montr\u00e9alais <\/span><b>SUUNS<\/b><span style=\"font-weight: 400;\">, compos\u00e9 de <\/span><b>Ben Shemie<\/b><span style=\"font-weight: 400;\">, <\/span><b>Joe Yarmush<\/b><span style=\"font-weight: 400;\"> et <\/span><b>Liam O\u2019Neill<\/b><span style=\"font-weight: 400;\">, annonce son <\/span><b>nouvel EP <\/b><b><i>FICTION<\/i><\/b><span style=\"font-weight: 400;\">, qui sera disponible le<\/span><b> 30 octobre prochain via Secret City Records au Canada (Joyful Noise ex-Canada)<\/b><span style=\"font-weight: 400;\">. <\/span><\/p>\n<p><b>SUUNS<\/b><span style=\"font-weight: 400;\"> est tourn\u00e9 vers le futur. Les nouvelles sonorit\u00e9s, les nouvelles techniques, les nouvelles fa\u00e7ons de penser; surtout, les nouveaux environnements sont essentiels pour le groupe. Et de fait, sur le EP <\/span><i><span style=\"font-weight: 400;\">FICTION<\/span><\/i><span style=\"font-weight: 400;\">, SUUNS explore des proc\u00e9d\u00e9s rafra\u00eechissants r\u00e9sultant de son environnement actuel et des circonstances mondiales.<\/span><\/p>\n<p><span style=\"font-weight: 400;\">Sur le EP <\/span><i><span style=\"font-weight: 400;\">FICTION<\/span><\/i><span style=\"font-weight: 400;\">, de nouvelles sonorit\u00e9s et de nouvelles directions musicales sont cr\u00e9\u00e9es \u00e0 partir des anciennes. Une p\u00e9riode d\u2019un an o\u00f9 les ressources et les contacts \u00e9taient limit\u00e9s a inspir\u00e9 le groupe \u00e0 r\u00e9fl\u00e9chir aux divers environnements o\u00f9 il a cr\u00e9\u00e9 de la musique au fil du temps, \u00e0 passer au peigne fin ses anciennes sonorit\u00e9s et approches cr\u00e9atives, et \u00e0 les fusionner avec de nouvelles id\u00e9es, afin de produire une sorte d\u2019alchimie futur\/pass\u00e9. Le EP <\/span><i><span style=\"font-weight: 400;\">FICTION<\/span><\/i><span style=\"font-weight: 400;\"> est autant un projet d\u2019assemblage que de cr\u00e9ation : tamiser, r\u00e9inventer et recadrer, parfois compl\u00e8tement d\u00e9monter puis reconstruire. Chaque chanson est un enregistrement des musiciens la jouant enti\u00e8rement ensemble, qui a ensuite \u00e9t\u00e9 isol\u00e9 et retravaill\u00e9.<\/span><\/p>\n<p><span style=\"font-weight: 400;\">Mais bien que le EP <\/span><i><span style=\"font-weight: 400;\">FICTION<\/span><\/i><span style=\"font-weight: 400;\"> soit un projet d\u2019introspection et de r\u00e9flexion, c\u2019en est \u00e9galement un o\u00f9 SUUNS a recherch\u00e9 des inspirations externes. L\u2019ami de longue date du groupe <\/span><b>Radwan Ghazi Moumneh<\/b><span style=\"font-weight: 400;\"> (<\/span><b>Jerusalem In My Heart<\/b><span style=\"font-weight: 400;\">), avec des tapages de mains et des \u00ab buzuqs \u00bb inlassables, m\u00e8ne SUUNS \u00e0 travers \u00ab <\/span><b>BREATHE <\/b><span style=\"font-weight: 400;\">\u00bb, tandis qu\u2019<\/span><b>Amber Webber <\/b><span style=\"font-weight: 400;\">(<\/span><b>Lightning Dust<\/b><span style=\"font-weight: 400;\">) chante un chant de sir\u00e8ne lugubre sur l\u2019avant-derni\u00e8re piste, \u00ab <\/span><b>DEATH <\/b><span style=\"font-weight: 400;\">\u00bb. Finalement, le fant\u00f4me de Frank Zappa pr\u00eate au groupe son diagnostic social ardent et plus pertinent que jamais, \u00ab <\/span><b>TROUBLE EVERY DAY<\/b><span style=\"font-weight: 400;\"> \u00bb.<\/span><\/p>\n<p><span style=\"font-weight: 400;\">Le message proph\u00e9tique de Zappa datant de 1966, qui vient \u00e0 la rencontre du moment pr\u00e9sent, est un r\u00e9f\u00e9rent ad\u00e9quat. Ces dualit\u00e9s \u2014 confluences de pass\u00e9 et de futur, d\u2019introspection et d\u2019influence \u2014 d\u00e9finissent le EP <\/span><i><span style=\"font-weight: 400;\">FICTION<\/span><\/i><span style=\"font-weight: 400;\">. Produit \u00e0 partir de reliques, mais n\u00e9anmoins enti\u00e8rement neuf ; cr\u00e9\u00e9 en relative isolation, mais se rapprochant pourtant d\u2019un album <\/span><i><span style=\"font-weight: 400;\">live<\/span><\/i><span style=\"font-weight: 400;\">. Les chansons ont \u00e9t\u00e9 m\u00e9ticuleusement retravaill\u00e9es, et pourtant, le EP complet semble se d\u00e9ployer sans h\u00e9sitation, d\u2019un seul souffle. C\u2019est le son de SUUNS qui se recentre, qui trouve son \u00e9quilibre, puis qui fonce vers le futur.<\/span><\/p>\n<p><span style=\"font-weight: 400;\">Le EP <\/span><i><span style=\"font-weight: 400;\">FICTION<\/span><\/i><span style=\"font-weight: 400;\"> est le premier aper\u00e7u de la nouvelle musique \u00e0 venir 2021.<\/span><\/p>\n","protected":false},"excerpt":{"rendered":"<p>Le groupe montr\u00e9alais SUUNS, compos\u00e9 de Ben Shemie, Joe Yarmush et Liam O\u2019Neill, annonce son nouvel EP FICTION, qui sera disponible le 30 octobre prochain via Secret City Records au Canada (Joyful Noise ex-Canada). SUUNS est tourn\u00e9 vers le futur. Les nouvelles sonorit\u00e9s, les nouvelles techniques, les nouvelles fa\u00e7ons de penser; surtout, les nouveaux environnements [&hellip;]<\/p>\n","protected":false},"featured_media":22729,"template":"","meta":[],"product_brand":[],"product_cat":[97,100,144,94],"product_tag":[],"class_list":{"0":"post-23058","1":"product","2":"type-product","3":"status-publish","4":"has-post-thumbnail","6":"product_cat-digital-fr","7":"product_cat-lp-fr","8":"product_cat-non-classifiee","9":"product_cat-vinyle","11":"first","12":"instock","13":"taxable","14":"shipping-taxable","15":"purchasable","16":"product-type-variable"},"acf":[],"yoast_head":"<!-- This site is optimized with the Yoast SEO plugin v27.5 - https:\/\/yoast.com\/product\/yoast-seo-wordpress\/ -->\n<title>SUUNS | FICTION | Secret City Records | Albums<\/title>\n<meta name=\"description\" content=\"Fiction, par SUUNS. Plusieurs formats disponibles en ligne. Secret City Records, maison de disques bas\u00e9e \u00e0 Montr\u00e9al, publiant de la musique depuis 2006.\" \/>\n<meta name=\"robots\" content=\"noindex, follow, max-snippet:-1, max-image-preview:large, max-video-preview:-1\" \/>\n<meta property=\"og:locale\" content=\"fr_FR\" \/>\n<meta property=\"og:type\" content=\"article\" \/>\n<meta property=\"og:title\" content=\"SUUNS | FICTION | Secret City Records | Albums\" \/>\n<meta property=\"og:description\" content=\"Fiction, par SUUNS. Plusieurs formats disponibles en ligne. Secret City Records, maison de disques bas\u00e9e \u00e0 Montr\u00e9al, publiant de la musique depuis 2006.\" \/>\n<meta property=\"og:url\" content=\"https:\/\/pro-pages.secretcityrecords.com\/fr\/produit\/fiction-ep\/\" \/>\n<meta property=\"og:site_name\" content=\"Secret City Records\" \/>\n<meta property=\"article:modified_time\" content=\"2022-03-18T15:00:00+00:00\" \/>\n<meta property=\"og:image\" content=\"https:\/\/pro-pages.secretcityrecords.com\/wp-content\/uploads\/2020\/09\/Suuns_FICTION_Midres.jpg\" \/>\n\t<meta property=\"og:image:width\" content=\"2000\" \/>\n\t<meta property=\"og:image:height\" content=\"2000\" \/>\n\t<meta property=\"og:image:type\" content=\"image\/jpeg\" \/>\n<meta name=\"twitter:card\" content=\"summary_large_image\" \/>\n<meta name=\"twitter:label1\" content=\"Dur\u00e9e de lecture estim\u00e9e\" \/>\n\t<meta name=\"twitter:data1\" content=\"2 minutes\" \/>\n<script type=\"application\/ld+json\" class=\"yoast-schema-graph\">{\"@context\":\"https:\\\/\\\/schema.org\",\"@graph\":[{\"@type\":\"WebPage\",\"@id\":\"https:\\\/\\\/pro-pages.secretcityrecords.com\\\/fr\\\/produit\\\/fiction-ep\\\/\",\"url\":\"https:\\\/\\\/pro-pages.secretcityrecords.com\\\/fr\\\/produit\\\/fiction-ep\\\/\",\"name\":\"SUUNS | FICTION | Secret City Records | Albums\",\"isPartOf\":{\"@id\":\"https:\\\/\\\/pro-pages.secretcityrecords.com\\\/fr\\\/#website\"},\"primaryImageOfPage\":{\"@id\":\"https:\\\/\\\/pro-pages.secretcityrecords.com\\\/fr\\\/produit\\\/fiction-ep\\\/#primaryimage\"},\"image\":{\"@id\":\"https:\\\/\\\/pro-pages.secretcityrecords.com\\\/fr\\\/produit\\\/fiction-ep\\\/#primaryimage\"},\"thumbnailUrl\":\"https:\\\/\\\/pro-pages.secretcityrecords.com\\\/wp-content\\\/uploads\\\/2020\\\/09\\\/Suuns_FICTION_Midres.jpg\",\"datePublished\":\"2020-09-16T04:00:01+00:00\",\"dateModified\":\"2022-03-18T15:00:00+00:00\",\"description\":\"Fiction, par SUUNS. Plusieurs formats disponibles en ligne. Secret City Records, maison de disques bas\u00e9e \u00e0 Montr\u00e9al, publiant de la musique depuis 2006.\",\"breadcrumb\":{\"@id\":\"https:\\\/\\\/pro-pages.secretcityrecords.com\\\/fr\\\/produit\\\/fiction-ep\\\/#breadcrumb\"},\"inLanguage\":\"fr-FR\",\"potentialAction\":[{\"@type\":\"ReadAction\",\"target\":[\"https:\\\/\\\/pro-pages.secretcityrecords.com\\\/fr\\\/produit\\\/fiction-ep\\\/\"]}]},{\"@type\":\"ImageObject\",\"inLanguage\":\"fr-FR\",\"@id\":\"https:\\\/\\\/pro-pages.secretcityrecords.com\\\/fr\\\/produit\\\/fiction-ep\\\/#primaryimage\",\"url\":\"https:\\\/\\\/pro-pages.secretcityrecords.com\\\/wp-content\\\/uploads\\\/2020\\\/09\\\/Suuns_FICTION_Midres.jpg\",\"contentUrl\":\"https:\\\/\\\/pro-pages.secretcityrecords.com\\\/wp-content\\\/uploads\\\/2020\\\/09\\\/Suuns_FICTION_Midres.jpg\",\"width\":2000,\"height\":2000},{\"@type\":\"BreadcrumbList\",\"@id\":\"https:\\\/\\\/pro-pages.secretcityrecords.com\\\/fr\\\/produit\\\/fiction-ep\\\/#breadcrumb\",\"itemListElement\":[{\"@type\":\"ListItem\",\"position\":1,\"name\":\"Home\",\"item\":\"https:\\\/\\\/pro-pages.secretcityrecords.com\\\/fr\\\/\"},{\"@type\":\"ListItem\",\"position\":2,\"name\":\"Boutique\",\"item\":\"https:\\\/\\\/pro-pages.secretcityrecords.com\\\/fr\\\/boutique\\\/\"},{\"@type\":\"ListItem\",\"position\":3,\"name\":\"FICTION &#8211; EP\"}]},{\"@type\":\"WebSite\",\"@id\":\"https:\\\/\\\/pro-pages.secretcityrecords.com\\\/fr\\\/#website\",\"url\":\"https:\\\/\\\/pro-pages.secretcityrecords.com\\\/fr\\\/\",\"name\":\"Secret City Records\",\"description\":\"En musique depuis 2006\",\"potentialAction\":[{\"@type\":\"SearchAction\",\"target\":{\"@type\":\"EntryPoint\",\"urlTemplate\":\"https:\\\/\\\/pro-pages.secretcityrecords.com\\\/fr\\\/?s={search_term_string}\"},\"query-input\":{\"@type\":\"PropertyValueSpecification\",\"valueRequired\":true,\"valueName\":\"search_term_string\"}}],\"inLanguage\":\"fr-FR\"}]}<\/script>\n<!-- \/ Yoast SEO plugin. -->","yoast_head_json":{"title":"SUUNS | FICTION | Secret City Records | Albums","description":"Fiction, par SUUNS. Plusieurs formats disponibles en ligne. Secret City Records, maison de disques bas\u00e9e \u00e0 Montr\u00e9al, publiant de la musique depuis 2006.","robots":{"index":"noindex","follow":"follow","max-snippet":"max-snippet:-1","max-image-preview":"max-image-preview:large","max-video-preview":"max-video-preview:-1"},"og_locale":"fr_FR","og_type":"article","og_title":"SUUNS | FICTION | Secret City Records | Albums","og_description":"Fiction, par SUUNS. Plusieurs formats disponibles en ligne. Secret City Records, maison de disques bas\u00e9e \u00e0 Montr\u00e9al, publiant de la musique depuis 2006.","og_url":"https:\/\/pro-pages.secretcityrecords.com\/fr\/produit\/fiction-ep\/","og_site_name":"Secret City Records","article_modified_time":"2022-03-18T15:00:00+00:00","og_image":[{"width":2000,"height":2000,"url":"https:\/\/pro-pages.secretcityrecords.com\/wp-content\/uploads\/2020\/09\/Suuns_FICTION_Midres.jpg","type":"image\/jpeg"}],"twitter_card":"summary_large_image","twitter_misc":{"Dur\u00e9e de lecture estim\u00e9e":"2 minutes"},"schema":{"@context":"https:\/\/schema.org","@graph":[{"@type":"WebPage","@id":"https:\/\/pro-pages.secretcityrecords.com\/fr\/produit\/fiction-ep\/","url":"https:\/\/pro-pages.secretcityrecords.com\/fr\/produit\/fiction-ep\/","name":"SUUNS | FICTION | Secret City Records | Albums","isPartOf":{"@id":"https:\/\/pro-pages.secretcityrecords.com\/fr\/#website"},"primaryImageOfPage":{"@id":"https:\/\/pro-pages.secretcityrecords.com\/fr\/produit\/fiction-ep\/#primaryimage"},"image":{"@id":"https:\/\/pro-pages.secretcityrecords.com\/fr\/produit\/fiction-ep\/#primaryimage"},"thumbnailUrl":"https:\/\/pro-pages.secretcityrecords.com\/wp-content\/uploads\/2020\/09\/Suuns_FICTION_Midres.jpg","datePublished":"2020-09-16T04:00:01+00:00","dateModified":"2022-03-18T15:00:00+00:00","description":"Fiction, par SUUNS. Plusieurs formats disponibles en ligne. Secret City Records, maison de disques bas\u00e9e \u00e0 Montr\u00e9al, publiant de la musique depuis 2006.","breadcrumb":{"@id":"https:\/\/pro-pages.secretcityrecords.com\/fr\/produit\/fiction-ep\/#breadcrumb"},"inLanguage":"fr-FR","potentialAction":[{"@type":"ReadAction","target":["https:\/\/pro-pages.secretcityrecords.com\/fr\/produit\/fiction-ep\/"]}]},{"@type":"ImageObject","inLanguage":"fr-FR","@id":"https:\/\/pro-pages.secretcityrecords.com\/fr\/produit\/fiction-ep\/#primaryimage","url":"https:\/\/pro-pages.secretcityrecords.com\/wp-content\/uploads\/2020\/09\/Suuns_FICTION_Midres.jpg","contentUrl":"https:\/\/pro-pages.secretcityrecords.com\/wp-content\/uploads\/2020\/09\/Suuns_FICTION_Midres.jpg","width":2000,"height":2000},{"@type":"BreadcrumbList","@id":"https:\/\/pro-pages.secretcityrecords.com\/fr\/produit\/fiction-ep\/#breadcrumb","itemListElement":[{"@type":"ListItem","position":1,"name":"Home","item":"https:\/\/pro-pages.secretcityrecords.com\/fr\/"},{"@type":"ListItem","position":2,"name":"Boutique","item":"https:\/\/pro-pages.secretcityrecords.com\/fr\/boutique\/"},{"@type":"ListItem","position":3,"name":"FICTION &#8211; EP"}]},{"@type":"WebSite","@id":"https:\/\/pro-pages.secretcityrecords.com\/fr\/#website","url":"https:\/\/pro-pages.secretcityrecords.com\/fr\/","name":"Secret City Records","description":"En musique depuis 2006","potentialAction":[{"@type":"SearchAction","target":{"@type":"EntryPoint","urlTemplate":"https:\/\/pro-pages.secretcityrecords.com\/fr\/?s={search_term_string}"},"query-input":{"@type":"PropertyValueSpecification","valueRequired":true,"valueName":"search_term_string"}}],"inLanguage":"fr-FR"}]}},"_links":{"self":[{"href":"https:\/\/pro-pages.secretcityrecords.com\/fr\/wp-json\/wp\/v2\/product\/23058","targetHints":{"allow":["GET"]}}],"collection":[{"href":"https:\/\/pro-pages.secretcityrecords.com\/fr\/wp-json\/wp\/v2\/product"}],"about":[{"href":"https:\/\/pro-pages.secretcityrecords.com\/fr\/wp-json\/wp\/v2\/types\/product"}],"wp:featuredmedia":[{"embeddable":true,"href":"https:\/\/pro-pages.secretcityrecords.com\/fr\/wp-json\/wp\/v2\/media\/22729"}],"wp:attachment":[{"href":"https:\/\/pro-pages.secretcityrecords.com\/fr\/wp-json\/wp\/v2\/media?parent=23058"}],"wp:term":[{"taxonomy":"product_brand","embeddable":true,"href":"https:\/\/pro-pages.secretcityrecords.com\/fr\/wp-json\/wp\/v2\/product_brand?post=23058"},{"taxonomy":"product_cat","embeddable":true,"href":"https:\/\/pro-pages.secretcityrecords.com\/fr\/wp-json\/wp\/v2\/product_cat?post=23058"},{"taxonomy":"product_tag","embeddable":true,"href":"https:\/\/pro-pages.secretcityrecords.com\/fr\/wp-json\/wp\/v2\/product_tag?post=23058"}],"curies":[{"name":"wp","href":"https:\/\/api.w.org\/{rel}","templated":true}]}}