{"id":23814,"date":"2020-10-27T10:54:45","date_gmt":"2020-10-27T14:54:45","guid":{"rendered":"https:\/\/pro-pages.secretcityrecords.com\/?post_type=product&#038;p=23814"},"modified":"2020-10-27T11:04:03","modified_gmt":"2020-10-27T15:04:03","slug":"23814","status":"publish","type":"product","link":"https:\/\/pro-pages.secretcityrecords.com\/fr\/produit\/23814\/","title":{"rendered":"Lost With You"},"content":{"rendered":"<p><b>Patrick Watson<\/b><span style=\"font-weight: 400;\"> est ravi de d\u00e9voiler une nouvelle chanson et un nouveau vid\u00e9oclip intitul\u00e9s <\/span><b>\u00ab\u2009Lost With You\u2009\u00bb.<\/b><span style=\"font-weight: 400;\"> Enregistr\u00e9e durant la pand\u00e9mie, cette pi\u00e8ce est une fa\u00e7on pour Patrick de rejoindre ses fans et de leur offrir un peu de r\u00e9confort. \u00ab Je voulais partager cette chanson avec vous \u00bb, confie Patrick. \u00ab J\u2019esp\u00e8re qu\u2019elle vous accompagnera bien. \u00bb<\/span><\/p>\n<p><span style=\"font-weight: 400;\">Le vid\u00e9oclip a \u00e9t\u00e9 r\u00e9alis\u00e9 par Watson lui-m\u00eame avec la contribution additionnelle d\u2019Arizona O\u2019Neill, qui avait r\u00e9alis\u00e9 le vid\u00e9oclip de <\/span><b>\u00ab\u2009Here Comes The River\u2009\u00bb<\/b><span style=\"font-weight: 400;\">. Patrick explique : \u00ab Je ne mentirai pas : mes talents embarrassants de patin \u00e0 roues align\u00e9es se sont av\u00e9r\u00e9s pratiques durant le tournage. Les vid\u00e9os maison de Covid sont tr\u00e8s amusants \u00e0 faire. Je voyais constamment des gens \u00e0 v\u00e9lo en \u00e9coutant cette chanson. Un gros merci \u00e0 Arizona O\u2019Neill pour le montage et la direction artistique, et un \u00e9norme merci aux talentueux cyclistes. \u00bb<\/span><\/p>\n<p><span style=\"font-weight: 400;\">Il s\u2019agit du premier nouveau mat\u00e9riel depuis le lancement de l\u2019album encens\u00e9 par la critique, <\/span><b><i>Wave<\/i><\/b><span style=\"font-weight: 400;\">.<\/span><\/p>\n","protected":false},"excerpt":{"rendered":"<p>Patrick Watson est ravi de d\u00e9voiler une nouvelle chanson et un nouveau vid\u00e9oclip intitul\u00e9s \u00ab\u2009Lost With You\u2009\u00bb. Enregistr\u00e9e durant la pand\u00e9mie, cette pi\u00e8ce est une fa\u00e7on pour Patrick de rejoindre ses fans et de leur offrir un peu de r\u00e9confort. \u00ab Je voulais partager cette chanson avec vous \u00bb, confie Patrick. \u00ab J\u2019esp\u00e8re qu\u2019elle vous [&hellip;]<\/p>\n","protected":false},"featured_media":23944,"template":"","meta":[],"product_brand":[],"product_cat":[144],"product_tag":[],"class_list":{"0":"post-23814","1":"product","2":"type-product","3":"status-publish","4":"has-post-thumbnail","6":"product_cat-non-classifiee","8":"first","9":"instock","10":"taxable","11":"shipping-taxable","12":"purchasable","13":"product-type-variable"},"acf":[],"yoast_head":"<!-- This site is optimized with the Yoast SEO plugin v27.5 - https:\/\/yoast.com\/product\/yoast-seo-wordpress\/ -->\n<title>Lost With You - Secret City Records<\/title>\n<meta name=\"robots\" content=\"noindex, follow, max-snippet:-1, max-image-preview:large, max-video-preview:-1\" \/>\n<meta property=\"og:locale\" content=\"fr_FR\" \/>\n<meta property=\"og:type\" content=\"article\" \/>\n<meta property=\"og:title\" content=\"Lost With You - Secret City Records\" \/>\n<meta property=\"og:description\" content=\"Patrick Watson est ravi de d\u00e9voiler une nouvelle chanson et un nouveau vid\u00e9oclip intitul\u00e9s \u00ab\u2009Lost With You\u2009\u00bb. Enregistr\u00e9e durant la pand\u00e9mie, cette pi\u00e8ce est une fa\u00e7on pour Patrick de rejoindre ses fans et de leur offrir un peu de r\u00e9confort. \u00ab Je voulais partager cette chanson avec vous \u00bb, confie Patrick. \u00ab J\u2019esp\u00e8re qu\u2019elle vous [&hellip;]\" \/>\n<meta property=\"og:url\" content=\"https:\/\/pro-pages.secretcityrecords.com\/fr\/produit\/23814\/\" \/>\n<meta property=\"og:site_name\" content=\"Secret City Records\" \/>\n<meta property=\"article:modified_time\" content=\"2020-10-27T15:04:03+00:00\" \/>\n<meta property=\"og:image\" content=\"https:\/\/pro-pages.secretcityrecords.com\/wp-content\/uploads\/2020\/10\/PW-Cover-4096x4096-72dpi-Lost-With-You_Midres.jpg\" \/>\n\t<meta property=\"og:image:width\" content=\"2000\" \/>\n\t<meta property=\"og:image:height\" content=\"2000\" \/>\n\t<meta property=\"og:image:type\" content=\"image\/jpeg\" \/>\n<meta name=\"twitter:card\" content=\"summary_large_image\" \/>\n<meta name=\"twitter:label1\" content=\"Dur\u00e9e de lecture estim\u00e9e\" \/>\n\t<meta name=\"twitter:data1\" content=\"1 minute\" \/>\n<script type=\"application\/ld+json\" class=\"yoast-schema-graph\">{\"@context\":\"https:\\\/\\\/schema.org\",\"@graph\":[{\"@type\":\"WebPage\",\"@id\":\"https:\\\/\\\/pro-pages.secretcityrecords.com\\\/fr\\\/produit\\\/23814\\\/\",\"url\":\"https:\\\/\\\/pro-pages.secretcityrecords.com\\\/fr\\\/produit\\\/23814\\\/\",\"name\":\"Lost With You - Secret City Records\",\"isPartOf\":{\"@id\":\"https:\\\/\\\/pro-pages.secretcityrecords.com\\\/fr\\\/#website\"},\"primaryImageOfPage\":{\"@id\":\"https:\\\/\\\/pro-pages.secretcityrecords.com\\\/fr\\\/produit\\\/23814\\\/#primaryimage\"},\"image\":{\"@id\":\"https:\\\/\\\/pro-pages.secretcityrecords.com\\\/fr\\\/produit\\\/23814\\\/#primaryimage\"},\"thumbnailUrl\":\"https:\\\/\\\/pro-pages.secretcityrecords.com\\\/wp-content\\\/uploads\\\/2020\\\/10\\\/PW-Cover-4096x4096-72dpi-Lost-With-You_Midres.jpg\",\"datePublished\":\"2020-10-27T14:54:45+00:00\",\"dateModified\":\"2020-10-27T15:04:03+00:00\",\"breadcrumb\":{\"@id\":\"https:\\\/\\\/pro-pages.secretcityrecords.com\\\/fr\\\/produit\\\/23814\\\/#breadcrumb\"},\"inLanguage\":\"fr-FR\",\"potentialAction\":[{\"@type\":\"ReadAction\",\"target\":[\"https:\\\/\\\/pro-pages.secretcityrecords.com\\\/fr\\\/produit\\\/23814\\\/\"]}]},{\"@type\":\"ImageObject\",\"inLanguage\":\"fr-FR\",\"@id\":\"https:\\\/\\\/pro-pages.secretcityrecords.com\\\/fr\\\/produit\\\/23814\\\/#primaryimage\",\"url\":\"https:\\\/\\\/pro-pages.secretcityrecords.com\\\/wp-content\\\/uploads\\\/2020\\\/10\\\/PW-Cover-4096x4096-72dpi-Lost-With-You_Midres.jpg\",\"contentUrl\":\"https:\\\/\\\/pro-pages.secretcityrecords.com\\\/wp-content\\\/uploads\\\/2020\\\/10\\\/PW-Cover-4096x4096-72dpi-Lost-With-You_Midres.jpg\",\"width\":2000,\"height\":2000},{\"@type\":\"BreadcrumbList\",\"@id\":\"https:\\\/\\\/pro-pages.secretcityrecords.com\\\/fr\\\/produit\\\/23814\\\/#breadcrumb\",\"itemListElement\":[{\"@type\":\"ListItem\",\"position\":1,\"name\":\"Home\",\"item\":\"https:\\\/\\\/pro-pages.secretcityrecords.com\\\/fr\\\/\"},{\"@type\":\"ListItem\",\"position\":2,\"name\":\"Boutique\",\"item\":\"https:\\\/\\\/pro-pages.secretcityrecords.com\\\/fr\\\/boutique\\\/\"},{\"@type\":\"ListItem\",\"position\":3,\"name\":\"Lost With You\"}]},{\"@type\":\"WebSite\",\"@id\":\"https:\\\/\\\/pro-pages.secretcityrecords.com\\\/fr\\\/#website\",\"url\":\"https:\\\/\\\/pro-pages.secretcityrecords.com\\\/fr\\\/\",\"name\":\"Secret City Records\",\"description\":\"En musique depuis 2006\",\"potentialAction\":[{\"@type\":\"SearchAction\",\"target\":{\"@type\":\"EntryPoint\",\"urlTemplate\":\"https:\\\/\\\/pro-pages.secretcityrecords.com\\\/fr\\\/?s={search_term_string}\"},\"query-input\":{\"@type\":\"PropertyValueSpecification\",\"valueRequired\":true,\"valueName\":\"search_term_string\"}}],\"inLanguage\":\"fr-FR\"}]}<\/script>\n<!-- \/ Yoast SEO plugin. -->","yoast_head_json":{"title":"Lost With You - Secret City Records","robots":{"index":"noindex","follow":"follow","max-snippet":"max-snippet:-1","max-image-preview":"max-image-preview:large","max-video-preview":"max-video-preview:-1"},"og_locale":"fr_FR","og_type":"article","og_title":"Lost With You - Secret City Records","og_description":"Patrick Watson est ravi de d\u00e9voiler une nouvelle chanson et un nouveau vid\u00e9oclip intitul\u00e9s \u00ab\u2009Lost With You\u2009\u00bb. Enregistr\u00e9e durant la pand\u00e9mie, cette pi\u00e8ce est une fa\u00e7on pour Patrick de rejoindre ses fans et de leur offrir un peu de r\u00e9confort. \u00ab Je voulais partager cette chanson avec vous \u00bb, confie Patrick. \u00ab J\u2019esp\u00e8re qu\u2019elle vous [&hellip;]","og_url":"https:\/\/pro-pages.secretcityrecords.com\/fr\/produit\/23814\/","og_site_name":"Secret City Records","article_modified_time":"2020-10-27T15:04:03+00:00","og_image":[{"width":2000,"height":2000,"url":"https:\/\/pro-pages.secretcityrecords.com\/wp-content\/uploads\/2020\/10\/PW-Cover-4096x4096-72dpi-Lost-With-You_Midres.jpg","type":"image\/jpeg"}],"twitter_card":"summary_large_image","twitter_misc":{"Dur\u00e9e de lecture estim\u00e9e":"1 minute"},"schema":{"@context":"https:\/\/schema.org","@graph":[{"@type":"WebPage","@id":"https:\/\/pro-pages.secretcityrecords.com\/fr\/produit\/23814\/","url":"https:\/\/pro-pages.secretcityrecords.com\/fr\/produit\/23814\/","name":"Lost With You - Secret City Records","isPartOf":{"@id":"https:\/\/pro-pages.secretcityrecords.com\/fr\/#website"},"primaryImageOfPage":{"@id":"https:\/\/pro-pages.secretcityrecords.com\/fr\/produit\/23814\/#primaryimage"},"image":{"@id":"https:\/\/pro-pages.secretcityrecords.com\/fr\/produit\/23814\/#primaryimage"},"thumbnailUrl":"https:\/\/pro-pages.secretcityrecords.com\/wp-content\/uploads\/2020\/10\/PW-Cover-4096x4096-72dpi-Lost-With-You_Midres.jpg","datePublished":"2020-10-27T14:54:45+00:00","dateModified":"2020-10-27T15:04:03+00:00","breadcrumb":{"@id":"https:\/\/pro-pages.secretcityrecords.com\/fr\/produit\/23814\/#breadcrumb"},"inLanguage":"fr-FR","potentialAction":[{"@type":"ReadAction","target":["https:\/\/pro-pages.secretcityrecords.com\/fr\/produit\/23814\/"]}]},{"@type":"ImageObject","inLanguage":"fr-FR","@id":"https:\/\/pro-pages.secretcityrecords.com\/fr\/produit\/23814\/#primaryimage","url":"https:\/\/pro-pages.secretcityrecords.com\/wp-content\/uploads\/2020\/10\/PW-Cover-4096x4096-72dpi-Lost-With-You_Midres.jpg","contentUrl":"https:\/\/pro-pages.secretcityrecords.com\/wp-content\/uploads\/2020\/10\/PW-Cover-4096x4096-72dpi-Lost-With-You_Midres.jpg","width":2000,"height":2000},{"@type":"BreadcrumbList","@id":"https:\/\/pro-pages.secretcityrecords.com\/fr\/produit\/23814\/#breadcrumb","itemListElement":[{"@type":"ListItem","position":1,"name":"Home","item":"https:\/\/pro-pages.secretcityrecords.com\/fr\/"},{"@type":"ListItem","position":2,"name":"Boutique","item":"https:\/\/pro-pages.secretcityrecords.com\/fr\/boutique\/"},{"@type":"ListItem","position":3,"name":"Lost With You"}]},{"@type":"WebSite","@id":"https:\/\/pro-pages.secretcityrecords.com\/fr\/#website","url":"https:\/\/pro-pages.secretcityrecords.com\/fr\/","name":"Secret City Records","description":"En musique depuis 2006","potentialAction":[{"@type":"SearchAction","target":{"@type":"EntryPoint","urlTemplate":"https:\/\/pro-pages.secretcityrecords.com\/fr\/?s={search_term_string}"},"query-input":{"@type":"PropertyValueSpecification","valueRequired":true,"valueName":"search_term_string"}}],"inLanguage":"fr-FR"}]}},"_links":{"self":[{"href":"https:\/\/pro-pages.secretcityrecords.com\/fr\/wp-json\/wp\/v2\/product\/23814","targetHints":{"allow":["GET"]}}],"collection":[{"href":"https:\/\/pro-pages.secretcityrecords.com\/fr\/wp-json\/wp\/v2\/product"}],"about":[{"href":"https:\/\/pro-pages.secretcityrecords.com\/fr\/wp-json\/wp\/v2\/types\/product"}],"wp:featuredmedia":[{"embeddable":true,"href":"https:\/\/pro-pages.secretcityrecords.com\/fr\/wp-json\/wp\/v2\/media\/23944"}],"wp:attachment":[{"href":"https:\/\/pro-pages.secretcityrecords.com\/fr\/wp-json\/wp\/v2\/media?parent=23814"}],"wp:term":[{"taxonomy":"product_brand","embeddable":true,"href":"https:\/\/pro-pages.secretcityrecords.com\/fr\/wp-json\/wp\/v2\/product_brand?post=23814"},{"taxonomy":"product_cat","embeddable":true,"href":"https:\/\/pro-pages.secretcityrecords.com\/fr\/wp-json\/wp\/v2\/product_cat?post=23814"},{"taxonomy":"product_tag","embeddable":true,"href":"https:\/\/pro-pages.secretcityrecords.com\/fr\/wp-json\/wp\/v2\/product_tag?post=23814"}],"curies":[{"name":"wp","href":"https:\/\/api.w.org\/{rel}","templated":true}]}}