{"id":3493,"date":"2016-08-17T01:37:50","date_gmt":"2016-08-17T05:37:50","guid":{"rendered":"https:\/\/pro-pages.secretcityrecords.com\/shop\/black-matter-2\/"},"modified":"2016-09-02T12:34:42","modified_gmt":"2016-09-02T16:34:42","slug":"black-matter-fr","status":"publish","type":"product","link":"https:\/\/pro-pages.secretcityrecords.com\/fr\/produit\/black-matter-fr\/","title":{"rendered":"Black Matter"},"content":{"rendered":"<p>Ce EP s\u2019\u00e9carte du sentier afin d\u2019examiner ce qui caract\u00e9rise le groupe d\u2019un nouveau point de vue, en adoptant de nouveaux sons, de nouvelles collaborations et de nouvelles relations artistiques. Enregistr\u00e9 \u00e0 la maison et chez des amis, et finalement rendu homog\u00e8ne gr\u00e2ce \u00e0 Pierre Girard de Planet Studios, le format du EP a permis au groupe de repartir \u00e0 z\u00e9ro et d\u2019approfondir sa d\u00e9marche, \u00ab \u2026 de mettre l\u2019emphase sur quelque chose de plus petit avec tous les types de d\u00e9tails et de perfection qu\u2019on d\u00e9sirait\u2026 \u00bb, dit Erika Angell.<\/p>\n","protected":false},"excerpt":{"rendered":"<p>Ce EP s\u2019\u00e9carte du sentier afin d\u2019examiner ce qui caract\u00e9rise le groupe d\u2019un nouveau point de vue, en adoptant de nouveaux sons, de nouvelles collaborations et de nouvelles relations artistiques. Enregistr\u00e9 \u00e0 la maison et chez des amis, et finalement rendu homog\u00e8ne gr\u00e2ce \u00e0 Pierre Girard de Planet Studios, le format du EP a permis au groupe de repartir \u00e0 z\u00e9ro et d\u2019approfondir sa d\u00e9marche, \u00ab \u2026 de mettre l\u2019emphase sur quelque chose de plus petit avec tous les types de d\u00e9tails et de perfection qu\u2019on d\u00e9sirait\u2026 \u00bb, dit Erika Angell.<\/p>\n","protected":false},"featured_media":2937,"template":"","meta":[],"product_brand":[],"product_cat":[97,100,94],"product_tag":[],"class_list":{"0":"post-3493","1":"product","2":"type-product","3":"status-publish","4":"has-post-thumbnail","6":"product_cat-digital-fr","7":"product_cat-lp-fr","8":"product_cat-vinyle","10":"first","11":"instock","12":"taxable","13":"shipping-taxable","14":"purchasable","15":"product-type-variable"},"acf":[],"yoast_head":"<!-- This site is optimized with the Yoast SEO plugin v27.5 - https:\/\/yoast.com\/product\/yoast-seo-wordpress\/ -->\n<title>Black Matter - Secret City Records<\/title>\n<meta name=\"robots\" content=\"noindex, follow, max-snippet:-1, max-image-preview:large, max-video-preview:-1\" \/>\n<meta property=\"og:locale\" content=\"fr_FR\" \/>\n<meta property=\"og:type\" content=\"article\" \/>\n<meta property=\"og:title\" content=\"Black Matter - Secret City Records\" \/>\n<meta property=\"og:description\" content=\"Ce EP s\u2019\u00e9carte du sentier afin d\u2019examiner ce qui caract\u00e9rise le groupe d\u2019un nouveau point de vue, en adoptant de nouveaux sons, de nouvelles collaborations et de nouvelles relations artistiques. Enregistr\u00e9 \u00e0 la maison et chez des amis, et finalement rendu homog\u00e8ne gr\u00e2ce \u00e0 Pierre Girard de Planet Studios, le format du EP a permis au groupe de repartir \u00e0 z\u00e9ro et d\u2019approfondir sa d\u00e9marche, \u00ab \u2026 de mettre l\u2019emphase sur quelque chose de plus petit avec tous les types de d\u00e9tails et de perfection qu\u2019on d\u00e9sirait\u2026 \u00bb, dit Erika Angell.\" \/>\n<meta property=\"og:url\" content=\"https:\/\/pro-pages.secretcityrecords.com\/fr\/produit\/black-matter-fr\/\" \/>\n<meta property=\"og:site_name\" content=\"Secret City Records\" \/>\n<meta property=\"article:modified_time\" content=\"2016-09-02T16:34:42+00:00\" \/>\n<meta property=\"og:image\" content=\"https:\/\/pro-pages.secretcityrecords.com\/wp-content\/uploads\/old\/album\/cover_art_file\/48\/Thus_Owls_Black_Matter_Cover_hires-scaled.jpg\" \/>\n\t<meta property=\"og:image:width\" content=\"2560\" \/>\n\t<meta property=\"og:image:height\" content=\"2560\" \/>\n\t<meta property=\"og:image:type\" content=\"image\/jpeg\" \/>\n<meta name=\"twitter:card\" content=\"summary_large_image\" \/>\n<script type=\"application\/ld+json\" class=\"yoast-schema-graph\">{\"@context\":\"https:\\\/\\\/schema.org\",\"@graph\":[{\"@type\":\"WebPage\",\"@id\":\"https:\\\/\\\/pro-pages.secretcityrecords.com\\\/fr\\\/produit\\\/black-matter-fr\\\/\",\"url\":\"https:\\\/\\\/pro-pages.secretcityrecords.com\\\/fr\\\/produit\\\/black-matter-fr\\\/\",\"name\":\"Black Matter - Secret City Records\",\"isPartOf\":{\"@id\":\"https:\\\/\\\/pro-pages.secretcityrecords.com\\\/fr\\\/#website\"},\"primaryImageOfPage\":{\"@id\":\"https:\\\/\\\/pro-pages.secretcityrecords.com\\\/fr\\\/produit\\\/black-matter-fr\\\/#primaryimage\"},\"image\":{\"@id\":\"https:\\\/\\\/pro-pages.secretcityrecords.com\\\/fr\\\/produit\\\/black-matter-fr\\\/#primaryimage\"},\"thumbnailUrl\":\"https:\\\/\\\/pro-pages.secretcityrecords.com\\\/wp-content\\\/uploads\\\/old\\\/album\\\/cover_art_file\\\/48\\\/Thus_Owls_Black_Matter_Cover_hires-scaled.jpg\",\"datePublished\":\"2016-08-17T05:37:50+00:00\",\"dateModified\":\"2016-09-02T16:34:42+00:00\",\"breadcrumb\":{\"@id\":\"https:\\\/\\\/pro-pages.secretcityrecords.com\\\/fr\\\/produit\\\/black-matter-fr\\\/#breadcrumb\"},\"inLanguage\":\"fr-FR\",\"potentialAction\":[{\"@type\":\"ReadAction\",\"target\":[\"https:\\\/\\\/pro-pages.secretcityrecords.com\\\/fr\\\/produit\\\/black-matter-fr\\\/\"]}]},{\"@type\":\"ImageObject\",\"inLanguage\":\"fr-FR\",\"@id\":\"https:\\\/\\\/pro-pages.secretcityrecords.com\\\/fr\\\/produit\\\/black-matter-fr\\\/#primaryimage\",\"url\":\"https:\\\/\\\/pro-pages.secretcityrecords.com\\\/wp-content\\\/uploads\\\/old\\\/album\\\/cover_art_file\\\/48\\\/Thus_Owls_Black_Matter_Cover_hires-scaled.jpg\",\"contentUrl\":\"https:\\\/\\\/pro-pages.secretcityrecords.com\\\/wp-content\\\/uploads\\\/old\\\/album\\\/cover_art_file\\\/48\\\/Thus_Owls_Black_Matter_Cover_hires-scaled.jpg\",\"width\":2560,\"height\":2560},{\"@type\":\"BreadcrumbList\",\"@id\":\"https:\\\/\\\/pro-pages.secretcityrecords.com\\\/fr\\\/produit\\\/black-matter-fr\\\/#breadcrumb\",\"itemListElement\":[{\"@type\":\"ListItem\",\"position\":1,\"name\":\"Home\",\"item\":\"https:\\\/\\\/pro-pages.secretcityrecords.com\\\/fr\\\/\"},{\"@type\":\"ListItem\",\"position\":2,\"name\":\"Boutique\",\"item\":\"https:\\\/\\\/pro-pages.secretcityrecords.com\\\/fr\\\/boutique\\\/\"},{\"@type\":\"ListItem\",\"position\":3,\"name\":\"Black Matter\"}]},{\"@type\":\"WebSite\",\"@id\":\"https:\\\/\\\/pro-pages.secretcityrecords.com\\\/fr\\\/#website\",\"url\":\"https:\\\/\\\/pro-pages.secretcityrecords.com\\\/fr\\\/\",\"name\":\"Secret City Records\",\"description\":\"En musique depuis 2006\",\"potentialAction\":[{\"@type\":\"SearchAction\",\"target\":{\"@type\":\"EntryPoint\",\"urlTemplate\":\"https:\\\/\\\/pro-pages.secretcityrecords.com\\\/fr\\\/?s={search_term_string}\"},\"query-input\":{\"@type\":\"PropertyValueSpecification\",\"valueRequired\":true,\"valueName\":\"search_term_string\"}}],\"inLanguage\":\"fr-FR\"}]}<\/script>\n<!-- \/ Yoast SEO plugin. -->","yoast_head_json":{"title":"Black Matter - Secret City Records","robots":{"index":"noindex","follow":"follow","max-snippet":"max-snippet:-1","max-image-preview":"max-image-preview:large","max-video-preview":"max-video-preview:-1"},"og_locale":"fr_FR","og_type":"article","og_title":"Black Matter - Secret City Records","og_description":"Ce EP s\u2019\u00e9carte du sentier afin d\u2019examiner ce qui caract\u00e9rise le groupe d\u2019un nouveau point de vue, en adoptant de nouveaux sons, de nouvelles collaborations et de nouvelles relations artistiques. Enregistr\u00e9 \u00e0 la maison et chez des amis, et finalement rendu homog\u00e8ne gr\u00e2ce \u00e0 Pierre Girard de Planet Studios, le format du EP a permis au groupe de repartir \u00e0 z\u00e9ro et d\u2019approfondir sa d\u00e9marche, \u00ab \u2026 de mettre l\u2019emphase sur quelque chose de plus petit avec tous les types de d\u00e9tails et de perfection qu\u2019on d\u00e9sirait\u2026 \u00bb, dit Erika Angell.","og_url":"https:\/\/pro-pages.secretcityrecords.com\/fr\/produit\/black-matter-fr\/","og_site_name":"Secret City Records","article_modified_time":"2016-09-02T16:34:42+00:00","og_image":[{"width":2560,"height":2560,"url":"https:\/\/pro-pages.secretcityrecords.com\/wp-content\/uploads\/old\/album\/cover_art_file\/48\/Thus_Owls_Black_Matter_Cover_hires-scaled.jpg","type":"image\/jpeg"}],"twitter_card":"summary_large_image","schema":{"@context":"https:\/\/schema.org","@graph":[{"@type":"WebPage","@id":"https:\/\/pro-pages.secretcityrecords.com\/fr\/produit\/black-matter-fr\/","url":"https:\/\/pro-pages.secretcityrecords.com\/fr\/produit\/black-matter-fr\/","name":"Black Matter - Secret City Records","isPartOf":{"@id":"https:\/\/pro-pages.secretcityrecords.com\/fr\/#website"},"primaryImageOfPage":{"@id":"https:\/\/pro-pages.secretcityrecords.com\/fr\/produit\/black-matter-fr\/#primaryimage"},"image":{"@id":"https:\/\/pro-pages.secretcityrecords.com\/fr\/produit\/black-matter-fr\/#primaryimage"},"thumbnailUrl":"https:\/\/pro-pages.secretcityrecords.com\/wp-content\/uploads\/old\/album\/cover_art_file\/48\/Thus_Owls_Black_Matter_Cover_hires-scaled.jpg","datePublished":"2016-08-17T05:37:50+00:00","dateModified":"2016-09-02T16:34:42+00:00","breadcrumb":{"@id":"https:\/\/pro-pages.secretcityrecords.com\/fr\/produit\/black-matter-fr\/#breadcrumb"},"inLanguage":"fr-FR","potentialAction":[{"@type":"ReadAction","target":["https:\/\/pro-pages.secretcityrecords.com\/fr\/produit\/black-matter-fr\/"]}]},{"@type":"ImageObject","inLanguage":"fr-FR","@id":"https:\/\/pro-pages.secretcityrecords.com\/fr\/produit\/black-matter-fr\/#primaryimage","url":"https:\/\/pro-pages.secretcityrecords.com\/wp-content\/uploads\/old\/album\/cover_art_file\/48\/Thus_Owls_Black_Matter_Cover_hires-scaled.jpg","contentUrl":"https:\/\/pro-pages.secretcityrecords.com\/wp-content\/uploads\/old\/album\/cover_art_file\/48\/Thus_Owls_Black_Matter_Cover_hires-scaled.jpg","width":2560,"height":2560},{"@type":"BreadcrumbList","@id":"https:\/\/pro-pages.secretcityrecords.com\/fr\/produit\/black-matter-fr\/#breadcrumb","itemListElement":[{"@type":"ListItem","position":1,"name":"Home","item":"https:\/\/pro-pages.secretcityrecords.com\/fr\/"},{"@type":"ListItem","position":2,"name":"Boutique","item":"https:\/\/pro-pages.secretcityrecords.com\/fr\/boutique\/"},{"@type":"ListItem","position":3,"name":"Black Matter"}]},{"@type":"WebSite","@id":"https:\/\/pro-pages.secretcityrecords.com\/fr\/#website","url":"https:\/\/pro-pages.secretcityrecords.com\/fr\/","name":"Secret City Records","description":"En musique depuis 2006","potentialAction":[{"@type":"SearchAction","target":{"@type":"EntryPoint","urlTemplate":"https:\/\/pro-pages.secretcityrecords.com\/fr\/?s={search_term_string}"},"query-input":{"@type":"PropertyValueSpecification","valueRequired":true,"valueName":"search_term_string"}}],"inLanguage":"fr-FR"}]}},"_links":{"self":[{"href":"https:\/\/pro-pages.secretcityrecords.com\/fr\/wp-json\/wp\/v2\/product\/3493","targetHints":{"allow":["GET"]}}],"collection":[{"href":"https:\/\/pro-pages.secretcityrecords.com\/fr\/wp-json\/wp\/v2\/product"}],"about":[{"href":"https:\/\/pro-pages.secretcityrecords.com\/fr\/wp-json\/wp\/v2\/types\/product"}],"wp:featuredmedia":[{"embeddable":true,"href":"https:\/\/pro-pages.secretcityrecords.com\/fr\/wp-json\/wp\/v2\/media\/2937"}],"wp:attachment":[{"href":"https:\/\/pro-pages.secretcityrecords.com\/fr\/wp-json\/wp\/v2\/media?parent=3493"}],"wp:term":[{"taxonomy":"product_brand","embeddable":true,"href":"https:\/\/pro-pages.secretcityrecords.com\/fr\/wp-json\/wp\/v2\/product_brand?post=3493"},{"taxonomy":"product_cat","embeddable":true,"href":"https:\/\/pro-pages.secretcityrecords.com\/fr\/wp-json\/wp\/v2\/product_cat?post=3493"},{"taxonomy":"product_tag","embeddable":true,"href":"https:\/\/pro-pages.secretcityrecords.com\/fr\/wp-json\/wp\/v2\/product_tag?post=3493"}],"curies":[{"name":"wp","href":"https:\/\/api.w.org\/{rel}","templated":true}]}}