{"id":3525,"date":"2016-08-17T01:37:42","date_gmt":"2016-08-17T05:37:42","guid":{"rendered":"https:\/\/pro-pages.secretcityrecords.com\/shop\/the-end-of-that-2\/"},"modified":"2016-09-02T12:34:52","modified_gmt":"2016-09-02T16:34:52","slug":"the-end-of-that-fr","status":"publish","type":"product","link":"https:\/\/pro-pages.secretcityrecords.com\/fr\/produit\/the-end-of-that-fr\/","title":{"rendered":"The End of That"},"content":{"rendered":"<p>Automne.<br \/>\n\u00ab Il est temps d\u2019\u00e9crire un nouvel album \u00bb, se sont-ils dit. \u00ab Comment allons-nous proc\u00e9der? Diff\u00e9remment. Cette fois-ci, \u00e9crivons un tas de chansons et travaillons-les avant d\u2019entrer en studio \u2013 changeons la routine d\u2019\u00e9crire lorsque nous sommes d\u00e9j\u00e0 en enregistrement; \u00e9vitons ce sentiment d\u2019urgence. \u00c9crivons en huis-clos, sans compter les heures et en prenant notre temps\u2026 Comme les gens normaux. \u00bb \u00ab Je r\u00e9serve le Treatment Room alors \u00bb dit Nic.<\/p>\n<p>Hiver.<br \/>\nIls travaillent les apr\u00e8s-midis. Le Treatment Room est un studio \u00e0 Montr\u00e9al o\u00f9 ils ont enregistr\u00e9 Parc Avenue, ainsi que la majorit\u00e9 de La La Land. Les murs sont bruns et blancs, il fait plut\u00f4t sombre \u00e0 l\u2019int\u00e9rieur. Dehors, il fait plut\u00f4t sombre aussi. La ville est brune et blanche, couverte de glace. Ils placent quelques micros et enregistrent sur un ordinateur portable. Warren, qui vient de passer du temps dans un appartement avec un piano, d\u00e9borde d\u2019id\u00e9es. Il faut croire que c\u2019est parfois l\u2019outil de choix. Il alterne ainsi entre le piano et la guitare acoustique, qui \u00e9tait d\u2019ailleurs moins pr\u00e9sente sur le dernier opus. Elle est soudainement pleine de vie.<\/p>\n<p>Ils jouent. Warren est g\u00e9om\u00e9trie, \u00e9motions et chair. Nic est celui qui ajoute les couleurs. \u00c0 la guitare, il est l\u2019\u00e9quivalent de prendre un magnifique veston bleu et le tourner \u00e0 l\u2019envers pour porter la doublure rose n\u00e9on, un peu \u00e0 la Fresh Prince of Bel Air. Il a tout un tas de p\u00e9dales poussi\u00e9reuses et un petit ampli, le Kalamazoo qui chante comme une cicada. Woodman, quant \u00e0 lui, tape sur sa batterie &#8211; bam bam &#8211; telle une pieuvre, ting ting &#8211; telle une araign\u00e9e \u00e0 longues pattes. \u00c0 la recherche de quelque chose de diff\u00e9rent, ils s\u2019arr\u00eateront sur une simplicit\u00e9 musicale bien volontaire.<\/p>\n<p>Printemps.<br \/>\nIls prennent un temps d\u2019arr\u00eat du d\u00e9mo. Nic partage la pile de chansons crues aux autres membres du groupe. Warren retourne chez lui et bouche les trous des textes. Ils sont forts, singuliers et ils se tiennent debout. Sa voix, quant \u00e0 elle, est beaucoup plus profonde qu\u2019auparavant, elle provient de son torse et elle r\u00e9sonne dans sa gorge en s\u2019imposant, comme si elle avait muri avec le temps. Il n\u2019a jamais chant\u00e9 de cette fa\u00e7on. Le soleil est sorti et Warren \u00e9crit alors quelques pi\u00e8ces plus lumineuses que le groupe va essayer en studio, exactement ce qu\u2019ils s\u2019\u00e9taient promis de ne pas faire. Mais qui n\u2019aime pas le soleil ?<\/p>\n<p>Le studio est celui de La Frette, \u00e0 Paris. Ils y ont go\u00fbt\u00e9 un peu auparavant. La Frette est un grand manoir d\u2019une certaine \u00e9poque avec une console vintage qui donne le sentiment d\u2019\u00eatre le capitaine d\u2019un \u00e9norme bateau. Ils dorment l\u00e0 bas. Mangent et jouent aussi l\u00e0 bas. Ils se plaisent \u00e0 d\u00e9guster du fromage et \u00e0 boire du vin. Les oiseaux roucoulent \u00e0 l\u2019ext\u00e9rieur du matin au soir. Ils se sont install\u00e9s dans le salon, la biblioth\u00e8que, la cave \u00e0 vin ainsi que dans la pi\u00e8ce du piano au sous-sol.<\/p>\n<p>Les deux semaines sont enchanteresses, les oiseaux chantent le printemps qui s\u2019\u00e9veille. Non, pas tout a fait. Woodman n\u2019a pas fait ses devoirs. Warren est tr\u00e8s nerveux. Le studio peut \u00eatre un serviteur qui ne pardonne pas. Ils ont la chance d\u2019avoir avec eux un ing\u00e9nieur de son exceptionnel, Lionel Darenne, qui vient tout juste de terminer l\u2019enregistrement de l\u2019album Metals de Feist, sur la c\u00f4te de la Californie. Autour du cinqui\u00e8me jour, la magie commence \u00e0 op\u00e9rer. Quelque part vers le dixi\u00e8me jour, un voisin se plaint que c\u2019est dimanche, et qu\u2019il ne d\u00e9sire pas avoir \u00ab le rock\u2019n\u2019roll \u00bb dans sa cours pendant qu\u2019il re\u00e7oit sa famille \u00e0 souper. Ils prennent alors une journ\u00e9e de cong\u00e9 forc\u00e9, prolongent leurs billets d\u2019avion pour enlever la pression et finissent l\u2019enregistrement en douceur. \u00c7a semble si simple. Ce f\u00fbt \u00e9pique. And that was the End of That.<\/p>\n<p>\u00c9t\u00e9.<br \/>\nLe mix, le mix, le mix. Est-ce si important ? Vraiment plus int\u00e9ressant : La basse. \u00ab Commen\u00e7ons \u00e0 jouer avec un bassiste en spectacle \u00bb s\u2019est dit le groupe \u00e0 l\u2019unisson.<\/p>\n<p>Automne.<br \/>\n\u00ab Nous adorons la basse \u00bb crie \u00e0 l\u2019unisson le groupe et le public. \u00ab Elle colle tout ensemble et rends les pi\u00e8ces multidimensionnelles, gigantesques, dynamiques et sexy. \u00bb<\/p>\n<p>Hiver.<br \/>\nThe End of That sera disponible en magasin le 28 f\u00e9vrier prochain.<\/p>\n<p>________<\/p>\n<p>C\u2019est avec le sentiment de faire le pont entre la joie d\u00e9gag\u00e9e par l&rsquo;album Parc Avenue (2008) et le c\u00f4t\u00e9 plus sombre de La La Land (2010) que Warren C. Spicer, Nic Basque et Matthew Woodman Woodley sont heureux de pr\u00e9senter leur nouvel album, The End of That.<\/p>\n<p>Le trio montr\u00e9alais a pris une toute nouvelle direction pour l\u2019enregistrement du dernier opus. En effet, plut\u00f4t que de se lancer dans le concept \u00e9tourdissant de composer les pi\u00e8ces en studio, Plants and Animals a cette fois-ci pris le pari d\u2019\u00e9crire et de d\u00e9velopper plusieurs chansons avant de s\u2019assoir devant la console et de d\u00e9clencher le compteur. Bien que la pr\u00e9paration ait \u00e9t\u00e9 plus longue et r\u00e9fl\u00e9chie, l\u2019enregistrement et le mixage de l\u2019album &lt;i&gt;The End of That&lt;\/i&gt;, par contre, se sont faits plus rapidement que jamais auparavant. (Sans compter with\/avec EP\u00a0qui les a fait d\u00e9couvrir en 2007). Leur lot de chansons brutes sous le bras, le groupe est retourn\u00e9 au Studio La Frette, un peu en bordure de Paris, et avec l\u2019aide de l\u2019ing\u00e9nieur du son Lionel Darenne (Feist), Plants and Animals a finalis\u00e9 sa session en deux semaines. Le r\u00e9sultat est simple; The End of That est probablement l\u2019album le plus cru et visc\u00e9ral que le groupe n&rsquo;ait jamais enregistr\u00e9.<\/p>\n<p>Ce qui le rend d\u2019autant plus intime. Bien que les riffs de guitare \u00e9lectrique ne manquent pas aux rendez-vous \u2013 comme on peut facilement le constater sur le premier extrait, Lightshow \u2013 l\u2019album pr\u00e9sente aussi le chanteur Warren C. Spicer au piano, mais surtout \u00e0 la guitare acoustique. Cette signature du groupe qui \u00e9tait moins pr\u00e9sente sur leur dernier album revient en force sur &lt;i&gt;The End of That&lt;\/i&gt;. Les fans des d\u00e9buts acoustiques de Plants and Animals seront ravis d\u2019entendre ses nouvelles m\u00e9lodies tandis que les amoureux du vagabondage multisonore de la formation seront quant \u00e0 eux loin d\u2019\u00eatre d\u00e9\u00e7us, puisque les faces A et B de l\u2019album commencent et se terminent par chacun de ses deux genres.<\/p>\n","protected":false},"excerpt":{"rendered":"<p>C\u2019est avec le sentiment de faire le pont entre la joie d\u00e9gag\u00e9e par l&rsquo;album Parc Avenue (2008) et le c\u00f4t\u00e9 plus sombre de La La Land (2010) que Warren C. Spicer, Nic Basque et Matthew Woodman Woodley sont heureux de pr\u00e9senter leur nouvel album, The End of That.<\/p>\n","protected":false},"featured_media":3522,"template":"","meta":[],"product_brand":[],"product_cat":[102,97,100,94],"product_tag":[],"class_list":{"0":"post-3525","1":"product","2":"type-product","3":"status-publish","4":"has-post-thumbnail","6":"product_cat-cd-fr","7":"product_cat-digital-fr","8":"product_cat-lp-fr","9":"product_cat-vinyle","11":"first","12":"instock","13":"taxable","14":"shipping-taxable","15":"purchasable","16":"product-type-variable"},"acf":[],"yoast_head":"<!-- This site is optimized with the Yoast SEO plugin v27.5 - https:\/\/yoast.com\/product\/yoast-seo-wordpress\/ -->\n<title>The End of That - Secret City Records<\/title>\n<meta name=\"robots\" content=\"noindex, follow, max-snippet:-1, max-image-preview:large, max-video-preview:-1\" \/>\n<meta property=\"og:locale\" content=\"fr_FR\" \/>\n<meta property=\"og:type\" content=\"article\" \/>\n<meta property=\"og:title\" content=\"The End of That - Secret City Records\" \/>\n<meta property=\"og:description\" content=\"C\u2019est avec le sentiment de faire le pont entre la joie d\u00e9gag\u00e9e par l&#039;album Parc Avenue (2008) et le c\u00f4t\u00e9 plus sombre de La La Land (2010) que Warren C. Spicer, Nic Basque et Matthew Woodman Woodley sont heureux de pr\u00e9senter leur nouvel album, The End of That.\" \/>\n<meta property=\"og:url\" content=\"https:\/\/pro-pages.secretcityrecords.com\/fr\/produit\/the-end-of-that-fr\/\" \/>\n<meta property=\"og:site_name\" content=\"Secret City Records\" \/>\n<meta property=\"article:modified_time\" content=\"2016-09-02T16:34:52+00:00\" \/>\n<meta property=\"og:image\" content=\"https:\/\/pro-pages.secretcityrecords.com\/wp-content\/uploads\/2016\/08\/artworks-000014717685-elx6j5-original-scaled.jpg\" \/>\n\t<meta property=\"og:image:width\" content=\"2560\" \/>\n\t<meta property=\"og:image:height\" content=\"2560\" \/>\n\t<meta property=\"og:image:type\" content=\"image\/jpeg\" \/>\n<meta name=\"twitter:card\" content=\"summary_large_image\" \/>\n<meta name=\"twitter:label1\" content=\"Dur\u00e9e de lecture estim\u00e9e\" \/>\n\t<meta name=\"twitter:data1\" content=\"6 minutes\" \/>\n<script type=\"application\/ld+json\" class=\"yoast-schema-graph\">{\"@context\":\"https:\\\/\\\/schema.org\",\"@graph\":[{\"@type\":\"WebPage\",\"@id\":\"https:\\\/\\\/pro-pages.secretcityrecords.com\\\/fr\\\/produit\\\/the-end-of-that-fr\\\/\",\"url\":\"https:\\\/\\\/pro-pages.secretcityrecords.com\\\/fr\\\/produit\\\/the-end-of-that-fr\\\/\",\"name\":\"The End of That - Secret City Records\",\"isPartOf\":{\"@id\":\"https:\\\/\\\/pro-pages.secretcityrecords.com\\\/fr\\\/#website\"},\"primaryImageOfPage\":{\"@id\":\"https:\\\/\\\/pro-pages.secretcityrecords.com\\\/fr\\\/produit\\\/the-end-of-that-fr\\\/#primaryimage\"},\"image\":{\"@id\":\"https:\\\/\\\/pro-pages.secretcityrecords.com\\\/fr\\\/produit\\\/the-end-of-that-fr\\\/#primaryimage\"},\"thumbnailUrl\":\"https:\\\/\\\/pro-pages.secretcityrecords.com\\\/wp-content\\\/uploads\\\/2016\\\/08\\\/artworks-000014717685-elx6j5-original-scaled.jpg\",\"datePublished\":\"2016-08-17T05:37:42+00:00\",\"dateModified\":\"2016-09-02T16:34:52+00:00\",\"breadcrumb\":{\"@id\":\"https:\\\/\\\/pro-pages.secretcityrecords.com\\\/fr\\\/produit\\\/the-end-of-that-fr\\\/#breadcrumb\"},\"inLanguage\":\"fr-FR\",\"potentialAction\":[{\"@type\":\"ReadAction\",\"target\":[\"https:\\\/\\\/pro-pages.secretcityrecords.com\\\/fr\\\/produit\\\/the-end-of-that-fr\\\/\"]}]},{\"@type\":\"ImageObject\",\"inLanguage\":\"fr-FR\",\"@id\":\"https:\\\/\\\/pro-pages.secretcityrecords.com\\\/fr\\\/produit\\\/the-end-of-that-fr\\\/#primaryimage\",\"url\":\"https:\\\/\\\/pro-pages.secretcityrecords.com\\\/wp-content\\\/uploads\\\/2016\\\/08\\\/artworks-000014717685-elx6j5-original-scaled.jpg\",\"contentUrl\":\"https:\\\/\\\/pro-pages.secretcityrecords.com\\\/wp-content\\\/uploads\\\/2016\\\/08\\\/artworks-000014717685-elx6j5-original-scaled.jpg\",\"width\":2560,\"height\":2560},{\"@type\":\"BreadcrumbList\",\"@id\":\"https:\\\/\\\/pro-pages.secretcityrecords.com\\\/fr\\\/produit\\\/the-end-of-that-fr\\\/#breadcrumb\",\"itemListElement\":[{\"@type\":\"ListItem\",\"position\":1,\"name\":\"Home\",\"item\":\"https:\\\/\\\/pro-pages.secretcityrecords.com\\\/fr\\\/\"},{\"@type\":\"ListItem\",\"position\":2,\"name\":\"Boutique\",\"item\":\"https:\\\/\\\/pro-pages.secretcityrecords.com\\\/fr\\\/boutique\\\/\"},{\"@type\":\"ListItem\",\"position\":3,\"name\":\"The End of That\"}]},{\"@type\":\"WebSite\",\"@id\":\"https:\\\/\\\/pro-pages.secretcityrecords.com\\\/fr\\\/#website\",\"url\":\"https:\\\/\\\/pro-pages.secretcityrecords.com\\\/fr\\\/\",\"name\":\"Secret City Records\",\"description\":\"En musique depuis 2006\",\"potentialAction\":[{\"@type\":\"SearchAction\",\"target\":{\"@type\":\"EntryPoint\",\"urlTemplate\":\"https:\\\/\\\/pro-pages.secretcityrecords.com\\\/fr\\\/?s={search_term_string}\"},\"query-input\":{\"@type\":\"PropertyValueSpecification\",\"valueRequired\":true,\"valueName\":\"search_term_string\"}}],\"inLanguage\":\"fr-FR\"}]}<\/script>\n<!-- \/ Yoast SEO plugin. -->","yoast_head_json":{"title":"The End of That - Secret City Records","robots":{"index":"noindex","follow":"follow","max-snippet":"max-snippet:-1","max-image-preview":"max-image-preview:large","max-video-preview":"max-video-preview:-1"},"og_locale":"fr_FR","og_type":"article","og_title":"The End of That - Secret City Records","og_description":"C\u2019est avec le sentiment de faire le pont entre la joie d\u00e9gag\u00e9e par l'album Parc Avenue (2008) et le c\u00f4t\u00e9 plus sombre de La La Land (2010) que Warren C. Spicer, Nic Basque et Matthew Woodman Woodley sont heureux de pr\u00e9senter leur nouvel album, The End of That.","og_url":"https:\/\/pro-pages.secretcityrecords.com\/fr\/produit\/the-end-of-that-fr\/","og_site_name":"Secret City Records","article_modified_time":"2016-09-02T16:34:52+00:00","og_image":[{"width":2560,"height":2560,"url":"https:\/\/pro-pages.secretcityrecords.com\/wp-content\/uploads\/2016\/08\/artworks-000014717685-elx6j5-original-scaled.jpg","type":"image\/jpeg"}],"twitter_card":"summary_large_image","twitter_misc":{"Dur\u00e9e de lecture estim\u00e9e":"6 minutes"},"schema":{"@context":"https:\/\/schema.org","@graph":[{"@type":"WebPage","@id":"https:\/\/pro-pages.secretcityrecords.com\/fr\/produit\/the-end-of-that-fr\/","url":"https:\/\/pro-pages.secretcityrecords.com\/fr\/produit\/the-end-of-that-fr\/","name":"The End of That - Secret City Records","isPartOf":{"@id":"https:\/\/pro-pages.secretcityrecords.com\/fr\/#website"},"primaryImageOfPage":{"@id":"https:\/\/pro-pages.secretcityrecords.com\/fr\/produit\/the-end-of-that-fr\/#primaryimage"},"image":{"@id":"https:\/\/pro-pages.secretcityrecords.com\/fr\/produit\/the-end-of-that-fr\/#primaryimage"},"thumbnailUrl":"https:\/\/pro-pages.secretcityrecords.com\/wp-content\/uploads\/2016\/08\/artworks-000014717685-elx6j5-original-scaled.jpg","datePublished":"2016-08-17T05:37:42+00:00","dateModified":"2016-09-02T16:34:52+00:00","breadcrumb":{"@id":"https:\/\/pro-pages.secretcityrecords.com\/fr\/produit\/the-end-of-that-fr\/#breadcrumb"},"inLanguage":"fr-FR","potentialAction":[{"@type":"ReadAction","target":["https:\/\/pro-pages.secretcityrecords.com\/fr\/produit\/the-end-of-that-fr\/"]}]},{"@type":"ImageObject","inLanguage":"fr-FR","@id":"https:\/\/pro-pages.secretcityrecords.com\/fr\/produit\/the-end-of-that-fr\/#primaryimage","url":"https:\/\/pro-pages.secretcityrecords.com\/wp-content\/uploads\/2016\/08\/artworks-000014717685-elx6j5-original-scaled.jpg","contentUrl":"https:\/\/pro-pages.secretcityrecords.com\/wp-content\/uploads\/2016\/08\/artworks-000014717685-elx6j5-original-scaled.jpg","width":2560,"height":2560},{"@type":"BreadcrumbList","@id":"https:\/\/pro-pages.secretcityrecords.com\/fr\/produit\/the-end-of-that-fr\/#breadcrumb","itemListElement":[{"@type":"ListItem","position":1,"name":"Home","item":"https:\/\/pro-pages.secretcityrecords.com\/fr\/"},{"@type":"ListItem","position":2,"name":"Boutique","item":"https:\/\/pro-pages.secretcityrecords.com\/fr\/boutique\/"},{"@type":"ListItem","position":3,"name":"The End of That"}]},{"@type":"WebSite","@id":"https:\/\/pro-pages.secretcityrecords.com\/fr\/#website","url":"https:\/\/pro-pages.secretcityrecords.com\/fr\/","name":"Secret City Records","description":"En musique depuis 2006","potentialAction":[{"@type":"SearchAction","target":{"@type":"EntryPoint","urlTemplate":"https:\/\/pro-pages.secretcityrecords.com\/fr\/?s={search_term_string}"},"query-input":{"@type":"PropertyValueSpecification","valueRequired":true,"valueName":"search_term_string"}}],"inLanguage":"fr-FR"}]}},"_links":{"self":[{"href":"https:\/\/pro-pages.secretcityrecords.com\/fr\/wp-json\/wp\/v2\/product\/3525","targetHints":{"allow":["GET"]}}],"collection":[{"href":"https:\/\/pro-pages.secretcityrecords.com\/fr\/wp-json\/wp\/v2\/product"}],"about":[{"href":"https:\/\/pro-pages.secretcityrecords.com\/fr\/wp-json\/wp\/v2\/types\/product"}],"wp:featuredmedia":[{"embeddable":true,"href":"https:\/\/pro-pages.secretcityrecords.com\/fr\/wp-json\/wp\/v2\/media\/3522"}],"wp:attachment":[{"href":"https:\/\/pro-pages.secretcityrecords.com\/fr\/wp-json\/wp\/v2\/media?parent=3525"}],"wp:term":[{"taxonomy":"product_brand","embeddable":true,"href":"https:\/\/pro-pages.secretcityrecords.com\/fr\/wp-json\/wp\/v2\/product_brand?post=3525"},{"taxonomy":"product_cat","embeddable":true,"href":"https:\/\/pro-pages.secretcityrecords.com\/fr\/wp-json\/wp\/v2\/product_cat?post=3525"},{"taxonomy":"product_tag","embeddable":true,"href":"https:\/\/pro-pages.secretcityrecords.com\/fr\/wp-json\/wp\/v2\/product_tag?post=3525"}],"curies":[{"name":"wp","href":"https:\/\/api.w.org\/{rel}","templated":true}]}}