{"id":36098,"date":"2022-09-27T11:53:54","date_gmt":"2022-09-27T15:53:54","guid":{"rendered":"https:\/\/pro-pages.secretcityrecords.com\/?post_type=product&#038;p=36098"},"modified":"2022-09-28T12:11:55","modified_gmt":"2022-09-28T16:11:55","slug":"song-book-volume-1","status":"publish","type":"product","link":"https:\/\/pro-pages.secretcityrecords.com\/fr\/produit\/song-book-volume-1\/","title":{"rendered":"Song Book Volume 1"},"content":{"rendered":"<p>Arrang\u00e9es pour piano et voix, ce cahier de partitions musicales offre une collection de sept \u0153uvres \u00e9crites et compos\u00e9es par Patrick Watson.<\/p>\n<p>\u00a0\u00bb Beaucoup de personnes m&rsquo;ont demand\u00e9 d\u2019offrir des partitions pour certaines de mes chansons qu\u2019ils et qu\u2019elles aiment et j\u2019ai donc cr\u00e9\u00e9 ce cahier de partitions pour ceux et celles qui souhaitent pouvoir jouer ces pi\u00e8ces. Elles ne sont pas particuli\u00e8rement difficiles \u00e0 jouer et elles sont surtout destin\u00e9es aux d\u00e9butants. \u00c9couter de la musique c&rsquo;est bien mais je peux vous dire que jouer de la musique c&rsquo;est encore mieux. J&rsquo;encourage tout le monde \u00e0 s&rsquo;amuser et \u00e0 jouer les chansons qu&rsquo;ils aiment pour eux-m\u00eames. \u00c0 la fin du livre, j&rsquo;ai inclus quelques chansons moins connues mais qui sont plaisantes \u00e0 jouer au piano et j&rsquo;ai fait de nouveaux enregistrements pour que vous sachiez comment les jouer. Je vous souhaite une excellente journ\u00e9e et n&rsquo;oubliez pas de pratiquer.\u00a0\u00bb<\/p>\n<p><em>-Patrick Watson<\/em><\/p>\n<p>* Chaque personne qui pr\u00e9commande ce cahier de partitions recevra, \u00e0 la mi-novembre, les fichiers MP3 de chaque pi\u00e8ce incluse dans le Songbook &#8211; Vol. 1.<\/p>\n","protected":false},"excerpt":{"rendered":"<p>Arrang\u00e9es pour piano et voix, ce cahier de partitions musicales offre une collection de sept \u0153uvres \u00e9crites et compos\u00e9es par Patrick Watson. \u00a0\u00bb Beaucoup de personnes m&rsquo;ont demand\u00e9 d\u2019offrir des partitions pour certaines de mes chansons qu\u2019ils et qu\u2019elles aiment et j\u2019ai donc cr\u00e9\u00e9 ce cahier de partitions pour ceux et celles qui souhaitent pouvoir [&hellip;]<\/p>\n","protected":false},"featured_media":36097,"template":"","meta":[],"product_brand":[],"product_cat":[97,144,381],"product_tag":[],"class_list":{"0":"post-36098","1":"product","2":"type-product","3":"status-publish","4":"has-post-thumbnail","6":"product_cat-digital-fr","7":"product_cat-non-classifiee","8":"product_cat-partitions","10":"first","11":"instock","12":"taxable","13":"shipping-taxable","14":"purchasable","15":"product-type-variable"},"acf":[],"yoast_head":"<!-- This site is optimized with the Yoast SEO plugin v27.5 - https:\/\/yoast.com\/product\/yoast-seo-wordpress\/ -->\n<title>Song Book Volume 1 - Secret City Records<\/title>\n<meta name=\"robots\" content=\"noindex, follow, max-snippet:-1, max-image-preview:large, max-video-preview:-1\" \/>\n<meta property=\"og:locale\" content=\"fr_FR\" \/>\n<meta property=\"og:type\" content=\"article\" \/>\n<meta property=\"og:title\" content=\"Song Book Volume 1 - Secret City Records\" \/>\n<meta property=\"og:description\" content=\"Arrang\u00e9es pour piano et voix, ce cahier de partitions musicales offre une collection de sept \u0153uvres \u00e9crites et compos\u00e9es par Patrick Watson. \u00a0\u00bb Beaucoup de personnes m&rsquo;ont demand\u00e9 d\u2019offrir des partitions pour certaines de mes chansons qu\u2019ils et qu\u2019elles aiment et j\u2019ai donc cr\u00e9\u00e9 ce cahier de partitions pour ceux et celles qui souhaitent pouvoir [&hellip;]\" \/>\n<meta property=\"og:url\" content=\"https:\/\/pro-pages.secretcityrecords.com\/fr\/produit\/song-book-volume-1\/\" \/>\n<meta property=\"og:site_name\" content=\"Secret City Records\" \/>\n<meta property=\"article:modified_time\" content=\"2022-09-28T16:11:55+00:00\" \/>\n<meta property=\"og:image\" content=\"https:\/\/pro-pages.secretcityrecords.com\/wp-content\/uploads\/2022\/09\/Patrickwatson_musicsheets_bookprint_v1.2-dragged.jpg\" \/>\n\t<meta property=\"og:image:width\" content=\"648\" \/>\n\t<meta property=\"og:image:height\" content=\"864\" \/>\n\t<meta property=\"og:image:type\" content=\"image\/jpeg\" \/>\n<meta name=\"twitter:card\" content=\"summary_large_image\" \/>\n<meta name=\"twitter:label1\" content=\"Dur\u00e9e de lecture estim\u00e9e\" \/>\n\t<meta name=\"twitter:data1\" content=\"1 minute\" \/>\n<script type=\"application\/ld+json\" class=\"yoast-schema-graph\">{\"@context\":\"https:\\\/\\\/schema.org\",\"@graph\":[{\"@type\":\"WebPage\",\"@id\":\"https:\\\/\\\/pro-pages.secretcityrecords.com\\\/fr\\\/produit\\\/song-book-volume-1\\\/\",\"url\":\"https:\\\/\\\/pro-pages.secretcityrecords.com\\\/fr\\\/produit\\\/song-book-volume-1\\\/\",\"name\":\"Song Book Volume 1 - Secret City Records\",\"isPartOf\":{\"@id\":\"https:\\\/\\\/pro-pages.secretcityrecords.com\\\/fr\\\/#website\"},\"primaryImageOfPage\":{\"@id\":\"https:\\\/\\\/pro-pages.secretcityrecords.com\\\/fr\\\/produit\\\/song-book-volume-1\\\/#primaryimage\"},\"image\":{\"@id\":\"https:\\\/\\\/pro-pages.secretcityrecords.com\\\/fr\\\/produit\\\/song-book-volume-1\\\/#primaryimage\"},\"thumbnailUrl\":\"https:\\\/\\\/pro-pages.secretcityrecords.com\\\/wp-content\\\/uploads\\\/2022\\\/09\\\/Patrickwatson_musicsheets_bookprint_v1.2-dragged.jpg\",\"datePublished\":\"2022-09-27T15:53:54+00:00\",\"dateModified\":\"2022-09-28T16:11:55+00:00\",\"breadcrumb\":{\"@id\":\"https:\\\/\\\/pro-pages.secretcityrecords.com\\\/fr\\\/produit\\\/song-book-volume-1\\\/#breadcrumb\"},\"inLanguage\":\"fr-FR\",\"potentialAction\":[{\"@type\":\"ReadAction\",\"target\":[\"https:\\\/\\\/pro-pages.secretcityrecords.com\\\/fr\\\/produit\\\/song-book-volume-1\\\/\"]}]},{\"@type\":\"ImageObject\",\"inLanguage\":\"fr-FR\",\"@id\":\"https:\\\/\\\/pro-pages.secretcityrecords.com\\\/fr\\\/produit\\\/song-book-volume-1\\\/#primaryimage\",\"url\":\"https:\\\/\\\/pro-pages.secretcityrecords.com\\\/wp-content\\\/uploads\\\/2022\\\/09\\\/Patrickwatson_musicsheets_bookprint_v1.2-dragged.jpg\",\"contentUrl\":\"https:\\\/\\\/pro-pages.secretcityrecords.com\\\/wp-content\\\/uploads\\\/2022\\\/09\\\/Patrickwatson_musicsheets_bookprint_v1.2-dragged.jpg\",\"width\":648,\"height\":864},{\"@type\":\"BreadcrumbList\",\"@id\":\"https:\\\/\\\/pro-pages.secretcityrecords.com\\\/fr\\\/produit\\\/song-book-volume-1\\\/#breadcrumb\",\"itemListElement\":[{\"@type\":\"ListItem\",\"position\":1,\"name\":\"Home\",\"item\":\"https:\\\/\\\/pro-pages.secretcityrecords.com\\\/fr\\\/\"},{\"@type\":\"ListItem\",\"position\":2,\"name\":\"Boutique\",\"item\":\"https:\\\/\\\/pro-pages.secretcityrecords.com\\\/fr\\\/boutique\\\/\"},{\"@type\":\"ListItem\",\"position\":3,\"name\":\"Song Book Volume 1\"}]},{\"@type\":\"WebSite\",\"@id\":\"https:\\\/\\\/pro-pages.secretcityrecords.com\\\/fr\\\/#website\",\"url\":\"https:\\\/\\\/pro-pages.secretcityrecords.com\\\/fr\\\/\",\"name\":\"Secret City Records\",\"description\":\"En musique depuis 2006\",\"potentialAction\":[{\"@type\":\"SearchAction\",\"target\":{\"@type\":\"EntryPoint\",\"urlTemplate\":\"https:\\\/\\\/pro-pages.secretcityrecords.com\\\/fr\\\/?s={search_term_string}\"},\"query-input\":{\"@type\":\"PropertyValueSpecification\",\"valueRequired\":true,\"valueName\":\"search_term_string\"}}],\"inLanguage\":\"fr-FR\"}]}<\/script>\n<!-- \/ Yoast SEO plugin. -->","yoast_head_json":{"title":"Song Book Volume 1 - Secret City Records","robots":{"index":"noindex","follow":"follow","max-snippet":"max-snippet:-1","max-image-preview":"max-image-preview:large","max-video-preview":"max-video-preview:-1"},"og_locale":"fr_FR","og_type":"article","og_title":"Song Book Volume 1 - Secret City Records","og_description":"Arrang\u00e9es pour piano et voix, ce cahier de partitions musicales offre une collection de sept \u0153uvres \u00e9crites et compos\u00e9es par Patrick Watson. \u00a0\u00bb Beaucoup de personnes m&rsquo;ont demand\u00e9 d\u2019offrir des partitions pour certaines de mes chansons qu\u2019ils et qu\u2019elles aiment et j\u2019ai donc cr\u00e9\u00e9 ce cahier de partitions pour ceux et celles qui souhaitent pouvoir [&hellip;]","og_url":"https:\/\/pro-pages.secretcityrecords.com\/fr\/produit\/song-book-volume-1\/","og_site_name":"Secret City Records","article_modified_time":"2022-09-28T16:11:55+00:00","og_image":[{"width":648,"height":864,"url":"https:\/\/pro-pages.secretcityrecords.com\/wp-content\/uploads\/2022\/09\/Patrickwatson_musicsheets_bookprint_v1.2-dragged.jpg","type":"image\/jpeg"}],"twitter_card":"summary_large_image","twitter_misc":{"Dur\u00e9e de lecture estim\u00e9e":"1 minute"},"schema":{"@context":"https:\/\/schema.org","@graph":[{"@type":"WebPage","@id":"https:\/\/pro-pages.secretcityrecords.com\/fr\/produit\/song-book-volume-1\/","url":"https:\/\/pro-pages.secretcityrecords.com\/fr\/produit\/song-book-volume-1\/","name":"Song Book Volume 1 - Secret City Records","isPartOf":{"@id":"https:\/\/pro-pages.secretcityrecords.com\/fr\/#website"},"primaryImageOfPage":{"@id":"https:\/\/pro-pages.secretcityrecords.com\/fr\/produit\/song-book-volume-1\/#primaryimage"},"image":{"@id":"https:\/\/pro-pages.secretcityrecords.com\/fr\/produit\/song-book-volume-1\/#primaryimage"},"thumbnailUrl":"https:\/\/pro-pages.secretcityrecords.com\/wp-content\/uploads\/2022\/09\/Patrickwatson_musicsheets_bookprint_v1.2-dragged.jpg","datePublished":"2022-09-27T15:53:54+00:00","dateModified":"2022-09-28T16:11:55+00:00","breadcrumb":{"@id":"https:\/\/pro-pages.secretcityrecords.com\/fr\/produit\/song-book-volume-1\/#breadcrumb"},"inLanguage":"fr-FR","potentialAction":[{"@type":"ReadAction","target":["https:\/\/pro-pages.secretcityrecords.com\/fr\/produit\/song-book-volume-1\/"]}]},{"@type":"ImageObject","inLanguage":"fr-FR","@id":"https:\/\/pro-pages.secretcityrecords.com\/fr\/produit\/song-book-volume-1\/#primaryimage","url":"https:\/\/pro-pages.secretcityrecords.com\/wp-content\/uploads\/2022\/09\/Patrickwatson_musicsheets_bookprint_v1.2-dragged.jpg","contentUrl":"https:\/\/pro-pages.secretcityrecords.com\/wp-content\/uploads\/2022\/09\/Patrickwatson_musicsheets_bookprint_v1.2-dragged.jpg","width":648,"height":864},{"@type":"BreadcrumbList","@id":"https:\/\/pro-pages.secretcityrecords.com\/fr\/produit\/song-book-volume-1\/#breadcrumb","itemListElement":[{"@type":"ListItem","position":1,"name":"Home","item":"https:\/\/pro-pages.secretcityrecords.com\/fr\/"},{"@type":"ListItem","position":2,"name":"Boutique","item":"https:\/\/pro-pages.secretcityrecords.com\/fr\/boutique\/"},{"@type":"ListItem","position":3,"name":"Song Book Volume 1"}]},{"@type":"WebSite","@id":"https:\/\/pro-pages.secretcityrecords.com\/fr\/#website","url":"https:\/\/pro-pages.secretcityrecords.com\/fr\/","name":"Secret City Records","description":"En musique depuis 2006","potentialAction":[{"@type":"SearchAction","target":{"@type":"EntryPoint","urlTemplate":"https:\/\/pro-pages.secretcityrecords.com\/fr\/?s={search_term_string}"},"query-input":{"@type":"PropertyValueSpecification","valueRequired":true,"valueName":"search_term_string"}}],"inLanguage":"fr-FR"}]}},"_links":{"self":[{"href":"https:\/\/pro-pages.secretcityrecords.com\/fr\/wp-json\/wp\/v2\/product\/36098","targetHints":{"allow":["GET"]}}],"collection":[{"href":"https:\/\/pro-pages.secretcityrecords.com\/fr\/wp-json\/wp\/v2\/product"}],"about":[{"href":"https:\/\/pro-pages.secretcityrecords.com\/fr\/wp-json\/wp\/v2\/types\/product"}],"wp:featuredmedia":[{"embeddable":true,"href":"https:\/\/pro-pages.secretcityrecords.com\/fr\/wp-json\/wp\/v2\/media\/36097"}],"wp:attachment":[{"href":"https:\/\/pro-pages.secretcityrecords.com\/fr\/wp-json\/wp\/v2\/media?parent=36098"}],"wp:term":[{"taxonomy":"product_brand","embeddable":true,"href":"https:\/\/pro-pages.secretcityrecords.com\/fr\/wp-json\/wp\/v2\/product_brand?post=36098"},{"taxonomy":"product_cat","embeddable":true,"href":"https:\/\/pro-pages.secretcityrecords.com\/fr\/wp-json\/wp\/v2\/product_cat?post=36098"},{"taxonomy":"product_tag","embeddable":true,"href":"https:\/\/pro-pages.secretcityrecords.com\/fr\/wp-json\/wp\/v2\/product_tag?post=36098"}],"curies":[{"name":"wp","href":"https:\/\/api.w.org\/{rel}","templated":true}]}}