{"id":3732,"date":"2016-08-17T01:37:22","date_gmt":"2016-08-17T05:37:22","guid":{"rendered":"https:\/\/pro-pages.secretcityrecords.com\/shop\/wooden-arms-2\/"},"modified":"2021-07-30T09:26:46","modified_gmt":"2021-07-30T13:26:46","slug":"wooden-arms-fr","status":"publish","type":"product","link":"https:\/\/pro-pages.secretcityrecords.com\/fr\/produit\/wooden-arms-fr\/","title":{"rendered":"Wooden Arms"},"content":{"rendered":"<p>Wooden Arms est la r\u00e9plique tr\u00e8s attendue \u00e0 l&rsquo;onde de choc cr\u00e9\u00e9e en 2007 par Patrick Watson et Close to Paradise, opus qui a propuls\u00e9 l&rsquo;homme et son groupe au firmament de la renomm\u00e9e internationale. Apr\u00e8s la parution canadienne de Close to Paradise en 2006, les quatre musiciens ont \u00e9t\u00e9 en tourn\u00e9e sans arr\u00eat pendant deux ann\u00e9es et, de bien des fa\u00e7ons, Wooden Arms est la trame sonore, l&rsquo;histoire d&rsquo;un groupe qui chaque jour s&rsquo;\u00e9veille dans un nouvel endroit plus \u00e9trange que le pr\u00e9c\u00e9dent un peu partout \u00e0 travers le monde.<\/p>\n<p>Que ce soit \u00e0 travers l&rsquo;ambiance cycliste de Beijing, la chaleur de La Nouvelle-Orl\u00e9ans dans Big Bird in a Small Cage ou l&rsquo;envo\u00fbtante valse de la pi\u00e8ce titre, impossible impossible de ne pas vous sentir en tourn\u00e9e avec le groupe lorsque vous \u00e9couterez Wooden Arms. C&rsquo;est parfois pas tr\u00e8s propre, c&rsquo;est souvent compl\u00e8tement fou, mais ce n&rsquo;est jamais, jamais ennuyeux.<\/p>\n<p>En 2007, Close to Paradise a remport\u00e9 le prestigieux Prix Polaris, battant au fil d&rsquo;arriv\u00e9e des contemporains tels que Arcade Fire et Feist, pour ne nommer que ceux-l\u00e0. Avant m\u00eame que l&rsquo;album ne soit lanc\u00e9 aux \u00c9tats-Unis, en Europe et au Japon, le groupe sillonnait d\u00e9j\u00e0 le monde et suscitait l&rsquo;unanimit\u00e9 partout o\u00f9 il passait avec sa musique et sa prestation sc\u00e9nique.<\/p>\n<p>Une fois la temp\u00eate pass\u00e9e et la tourn\u00e9e achev\u00e9e, les comp\u00e8res avaient d\u00e9j\u00e0 \u00e9crit suffisamment de nouvelles pi\u00e8ces pour enregistrer un nouvel album, chose qui f\u00fbt faite au cours des derniers mois de 2008, \u00e0 Montr\u00e9al. Watson chante, sur Fireweed, la pi\u00e8ce qui ouvre cet album \u00abSo we dug ourselves a hole, and planted all our skin; like a seed in the ground, to grow again\u00bb (librement: Nous avons creus\u00e9 un trou et y avons tous plant\u00e9 notre peau, comme une semence, pour qu&rsquo;elle repousse), et le renouvellement est bel et bien un de th\u00e8mes de Wooden Arms. Tant la voix de Watson que les arrangements rayonnent de pleins feux autour d&rsquo;une fondation percussive qui est mise \u00e0 l&rsquo;avant-plan.<\/p>\n<p>Pourtant, Wooden Arms n&rsquo;est pas le fruit d&rsquo;un groupe qui cherche \u00e0 polir ses sonorit\u00e9s; il cherche \u00e9galement \u00e0 \u00e9largir ses horizons. La pi\u00e8ce Machinery of Heavens, qui cl\u00f4ture le disque, n&rsquo;est qu&rsquo;\u00e0 un cheveu d&rsquo;\u00eatre une pi\u00e8ce de swing en bonne et due forme, tandis que Big Bird in a Small Cage est un parfait sp\u00e9cimen de chanson country-pop. Les fans de la chanson The Great Escape, de l&rsquo;album Close to Paradise, seront imm\u00e9diatement conquis par la d\u00e9chirante Man of Like You et son duo voix et guitare.<\/p>\n<p>Mais par-dessus tout, Wooden Arms est la vitrine qui d\u00e9montre, s&rsquo;il fallait encore le d\u00e9montrer, que Watson et ses acolytes sont des compositeurs et des musiciens du plus haut calibre. Il suffit d&rsquo;\u00e9couter l&rsquo;orchestration de Tracy\u2019s Waters, ou le travail \u00abguitaristique\u00bb de Simon Angell sur Traveling Salesman, la performance renversante du batteur Robbie Kuster sur Hommage ou encore la solide fondation jet\u00e9e par la basse de Mishka Stein sur la d\u00e9jant\u00e9e pi\u00e8ce instrumentale Down at the Beach.<\/p>\n","protected":false},"excerpt":{"rendered":"<p>Wooden Arms est la r\u00e9plique tr\u00e8s attendue \u00e0 l&rsquo;onde de choc cr\u00e9\u00e9e en 2007 par Patrick Watson et Close to Paradise, opus qui a propuls\u00e9 l&rsquo;homme et son groupe au firmament de la renomm\u00e9e internationale. Apr\u00e8s la parution canadienne de Close to Paradise en 2006, les quatre musiciens ont \u00e9t\u00e9 en tourn\u00e9e sans arr\u00eat pendant deux ann\u00e9es et, de bien des fa\u00e7ons, Wooden Arms est la trame sonore, l&rsquo;histoire d&rsquo;un groupe qui chaque jour s&rsquo;\u00e9veille dans un nouvel endroit plus \u00e9trange que le pr\u00e9c\u00e9dent un peu partout \u00e0 travers le monde.<\/p>\n","protected":false},"featured_media":3706,"template":"","meta":[],"product_brand":[],"product_cat":[102,97,95,94],"product_tag":[],"class_list":{"0":"post-3732","1":"product","2":"type-product","3":"status-publish","4":"has-post-thumbnail","6":"product_cat-cd-fr","7":"product_cat-digital-fr","8":"product_cat-double-lp-fr","9":"product_cat-vinyle","11":"first","12":"instock","13":"taxable","14":"shipping-taxable","15":"purchasable","16":"product-type-variable"},"acf":[],"yoast_head":"<!-- This site is optimized with the Yoast SEO plugin v27.5 - https:\/\/yoast.com\/product\/yoast-seo-wordpress\/ -->\n<title>Wooden Arms - Secret City Records<\/title>\n<meta name=\"robots\" content=\"noindex, follow, max-snippet:-1, max-image-preview:large, max-video-preview:-1\" \/>\n<meta property=\"og:locale\" content=\"fr_FR\" \/>\n<meta property=\"og:type\" content=\"article\" \/>\n<meta property=\"og:title\" content=\"Wooden Arms - Secret City Records\" \/>\n<meta property=\"og:description\" content=\"Wooden Arms est la r\u00e9plique tr\u00e8s attendue \u00e0 l&#039;onde de choc cr\u00e9\u00e9e en 2007 par Patrick Watson et Close to Paradise, opus qui a propuls\u00e9 l&#039;homme et son groupe au firmament de la renomm\u00e9e internationale. Apr\u00e8s la parution canadienne de Close to Paradise en 2006, les quatre musiciens ont \u00e9t\u00e9 en tourn\u00e9e sans arr\u00eat pendant deux ann\u00e9es et, de bien des fa\u00e7ons, Wooden Arms est la trame sonore, l&#039;histoire d&#039;un groupe qui chaque jour s&#039;\u00e9veille dans un nouvel endroit plus \u00e9trange que le pr\u00e9c\u00e9dent un peu partout \u00e0 travers le monde.\" \/>\n<meta property=\"og:url\" content=\"https:\/\/pro-pages.secretcityrecords.com\/fr\/produit\/wooden-arms-fr\/\" \/>\n<meta property=\"og:site_name\" content=\"Secret City Records\" \/>\n<meta property=\"article:modified_time\" content=\"2021-07-30T13:26:46+00:00\" \/>\n<meta property=\"og:image\" content=\"https:\/\/pro-pages.secretcityrecords.com\/wp-content\/uploads\/2016\/08\/Patrick-Watson-Wooden-Arms.jpg\" \/>\n\t<meta property=\"og:image:width\" content=\"1650\" \/>\n\t<meta property=\"og:image:height\" content=\"1500\" \/>\n\t<meta property=\"og:image:type\" content=\"image\/jpeg\" \/>\n<meta name=\"twitter:card\" content=\"summary_large_image\" \/>\n<meta name=\"twitter:label1\" content=\"Dur\u00e9e de lecture estim\u00e9e\" \/>\n\t<meta name=\"twitter:data1\" content=\"3 minutes\" \/>\n<script type=\"application\/ld+json\" class=\"yoast-schema-graph\">{\"@context\":\"https:\\\/\\\/schema.org\",\"@graph\":[{\"@type\":\"WebPage\",\"@id\":\"https:\\\/\\\/pro-pages.secretcityrecords.com\\\/fr\\\/produit\\\/wooden-arms-fr\\\/\",\"url\":\"https:\\\/\\\/pro-pages.secretcityrecords.com\\\/fr\\\/produit\\\/wooden-arms-fr\\\/\",\"name\":\"Wooden Arms - Secret City Records\",\"isPartOf\":{\"@id\":\"https:\\\/\\\/pro-pages.secretcityrecords.com\\\/fr\\\/#website\"},\"primaryImageOfPage\":{\"@id\":\"https:\\\/\\\/pro-pages.secretcityrecords.com\\\/fr\\\/produit\\\/wooden-arms-fr\\\/#primaryimage\"},\"image\":{\"@id\":\"https:\\\/\\\/pro-pages.secretcityrecords.com\\\/fr\\\/produit\\\/wooden-arms-fr\\\/#primaryimage\"},\"thumbnailUrl\":\"https:\\\/\\\/pro-pages.secretcityrecords.com\\\/wp-content\\\/uploads\\\/2016\\\/08\\\/Patrick-Watson-Wooden-Arms.jpg\",\"datePublished\":\"2016-08-17T05:37:22+00:00\",\"dateModified\":\"2021-07-30T13:26:46+00:00\",\"breadcrumb\":{\"@id\":\"https:\\\/\\\/pro-pages.secretcityrecords.com\\\/fr\\\/produit\\\/wooden-arms-fr\\\/#breadcrumb\"},\"inLanguage\":\"fr-FR\",\"potentialAction\":[{\"@type\":\"ReadAction\",\"target\":[\"https:\\\/\\\/pro-pages.secretcityrecords.com\\\/fr\\\/produit\\\/wooden-arms-fr\\\/\"]}]},{\"@type\":\"ImageObject\",\"inLanguage\":\"fr-FR\",\"@id\":\"https:\\\/\\\/pro-pages.secretcityrecords.com\\\/fr\\\/produit\\\/wooden-arms-fr\\\/#primaryimage\",\"url\":\"https:\\\/\\\/pro-pages.secretcityrecords.com\\\/wp-content\\\/uploads\\\/2016\\\/08\\\/Patrick-Watson-Wooden-Arms.jpg\",\"contentUrl\":\"https:\\\/\\\/pro-pages.secretcityrecords.com\\\/wp-content\\\/uploads\\\/2016\\\/08\\\/Patrick-Watson-Wooden-Arms.jpg\",\"width\":1650,\"height\":1500},{\"@type\":\"BreadcrumbList\",\"@id\":\"https:\\\/\\\/pro-pages.secretcityrecords.com\\\/fr\\\/produit\\\/wooden-arms-fr\\\/#breadcrumb\",\"itemListElement\":[{\"@type\":\"ListItem\",\"position\":1,\"name\":\"Home\",\"item\":\"https:\\\/\\\/pro-pages.secretcityrecords.com\\\/fr\\\/\"},{\"@type\":\"ListItem\",\"position\":2,\"name\":\"Boutique\",\"item\":\"https:\\\/\\\/pro-pages.secretcityrecords.com\\\/fr\\\/boutique\\\/\"},{\"@type\":\"ListItem\",\"position\":3,\"name\":\"Wooden Arms\"}]},{\"@type\":\"WebSite\",\"@id\":\"https:\\\/\\\/pro-pages.secretcityrecords.com\\\/fr\\\/#website\",\"url\":\"https:\\\/\\\/pro-pages.secretcityrecords.com\\\/fr\\\/\",\"name\":\"Secret City Records\",\"description\":\"En musique depuis 2006\",\"potentialAction\":[{\"@type\":\"SearchAction\",\"target\":{\"@type\":\"EntryPoint\",\"urlTemplate\":\"https:\\\/\\\/pro-pages.secretcityrecords.com\\\/fr\\\/?s={search_term_string}\"},\"query-input\":{\"@type\":\"PropertyValueSpecification\",\"valueRequired\":true,\"valueName\":\"search_term_string\"}}],\"inLanguage\":\"fr-FR\"}]}<\/script>\n<!-- \/ Yoast SEO plugin. -->","yoast_head_json":{"title":"Wooden Arms - Secret City Records","robots":{"index":"noindex","follow":"follow","max-snippet":"max-snippet:-1","max-image-preview":"max-image-preview:large","max-video-preview":"max-video-preview:-1"},"og_locale":"fr_FR","og_type":"article","og_title":"Wooden Arms - Secret City Records","og_description":"Wooden Arms est la r\u00e9plique tr\u00e8s attendue \u00e0 l'onde de choc cr\u00e9\u00e9e en 2007 par Patrick Watson et Close to Paradise, opus qui a propuls\u00e9 l'homme et son groupe au firmament de la renomm\u00e9e internationale. Apr\u00e8s la parution canadienne de Close to Paradise en 2006, les quatre musiciens ont \u00e9t\u00e9 en tourn\u00e9e sans arr\u00eat pendant deux ann\u00e9es et, de bien des fa\u00e7ons, Wooden Arms est la trame sonore, l'histoire d'un groupe qui chaque jour s'\u00e9veille dans un nouvel endroit plus \u00e9trange que le pr\u00e9c\u00e9dent un peu partout \u00e0 travers le monde.","og_url":"https:\/\/pro-pages.secretcityrecords.com\/fr\/produit\/wooden-arms-fr\/","og_site_name":"Secret City Records","article_modified_time":"2021-07-30T13:26:46+00:00","og_image":[{"width":1650,"height":1500,"url":"https:\/\/pro-pages.secretcityrecords.com\/wp-content\/uploads\/2016\/08\/Patrick-Watson-Wooden-Arms.jpg","type":"image\/jpeg"}],"twitter_card":"summary_large_image","twitter_misc":{"Dur\u00e9e de lecture estim\u00e9e":"3 minutes"},"schema":{"@context":"https:\/\/schema.org","@graph":[{"@type":"WebPage","@id":"https:\/\/pro-pages.secretcityrecords.com\/fr\/produit\/wooden-arms-fr\/","url":"https:\/\/pro-pages.secretcityrecords.com\/fr\/produit\/wooden-arms-fr\/","name":"Wooden Arms - Secret City Records","isPartOf":{"@id":"https:\/\/pro-pages.secretcityrecords.com\/fr\/#website"},"primaryImageOfPage":{"@id":"https:\/\/pro-pages.secretcityrecords.com\/fr\/produit\/wooden-arms-fr\/#primaryimage"},"image":{"@id":"https:\/\/pro-pages.secretcityrecords.com\/fr\/produit\/wooden-arms-fr\/#primaryimage"},"thumbnailUrl":"https:\/\/pro-pages.secretcityrecords.com\/wp-content\/uploads\/2016\/08\/Patrick-Watson-Wooden-Arms.jpg","datePublished":"2016-08-17T05:37:22+00:00","dateModified":"2021-07-30T13:26:46+00:00","breadcrumb":{"@id":"https:\/\/pro-pages.secretcityrecords.com\/fr\/produit\/wooden-arms-fr\/#breadcrumb"},"inLanguage":"fr-FR","potentialAction":[{"@type":"ReadAction","target":["https:\/\/pro-pages.secretcityrecords.com\/fr\/produit\/wooden-arms-fr\/"]}]},{"@type":"ImageObject","inLanguage":"fr-FR","@id":"https:\/\/pro-pages.secretcityrecords.com\/fr\/produit\/wooden-arms-fr\/#primaryimage","url":"https:\/\/pro-pages.secretcityrecords.com\/wp-content\/uploads\/2016\/08\/Patrick-Watson-Wooden-Arms.jpg","contentUrl":"https:\/\/pro-pages.secretcityrecords.com\/wp-content\/uploads\/2016\/08\/Patrick-Watson-Wooden-Arms.jpg","width":1650,"height":1500},{"@type":"BreadcrumbList","@id":"https:\/\/pro-pages.secretcityrecords.com\/fr\/produit\/wooden-arms-fr\/#breadcrumb","itemListElement":[{"@type":"ListItem","position":1,"name":"Home","item":"https:\/\/pro-pages.secretcityrecords.com\/fr\/"},{"@type":"ListItem","position":2,"name":"Boutique","item":"https:\/\/pro-pages.secretcityrecords.com\/fr\/boutique\/"},{"@type":"ListItem","position":3,"name":"Wooden Arms"}]},{"@type":"WebSite","@id":"https:\/\/pro-pages.secretcityrecords.com\/fr\/#website","url":"https:\/\/pro-pages.secretcityrecords.com\/fr\/","name":"Secret City Records","description":"En musique depuis 2006","potentialAction":[{"@type":"SearchAction","target":{"@type":"EntryPoint","urlTemplate":"https:\/\/pro-pages.secretcityrecords.com\/fr\/?s={search_term_string}"},"query-input":{"@type":"PropertyValueSpecification","valueRequired":true,"valueName":"search_term_string"}}],"inLanguage":"fr-FR"}]}},"_links":{"self":[{"href":"https:\/\/pro-pages.secretcityrecords.com\/fr\/wp-json\/wp\/v2\/product\/3732","targetHints":{"allow":["GET"]}}],"collection":[{"href":"https:\/\/pro-pages.secretcityrecords.com\/fr\/wp-json\/wp\/v2\/product"}],"about":[{"href":"https:\/\/pro-pages.secretcityrecords.com\/fr\/wp-json\/wp\/v2\/types\/product"}],"wp:featuredmedia":[{"embeddable":true,"href":"https:\/\/pro-pages.secretcityrecords.com\/fr\/wp-json\/wp\/v2\/media\/3706"}],"wp:attachment":[{"href":"https:\/\/pro-pages.secretcityrecords.com\/fr\/wp-json\/wp\/v2\/media?parent=3732"}],"wp:term":[{"taxonomy":"product_brand","embeddable":true,"href":"https:\/\/pro-pages.secretcityrecords.com\/fr\/wp-json\/wp\/v2\/product_brand?post=3732"},{"taxonomy":"product_cat","embeddable":true,"href":"https:\/\/pro-pages.secretcityrecords.com\/fr\/wp-json\/wp\/v2\/product_cat?post=3732"},{"taxonomy":"product_tag","embeddable":true,"href":"https:\/\/pro-pages.secretcityrecords.com\/fr\/wp-json\/wp\/v2\/product_tag?post=3732"}],"curies":[{"name":"wp","href":"https:\/\/api.w.org\/{rel}","templated":true}]}}