{"id":37380,"date":"2023-01-25T15:30:30","date_gmt":"2023-01-25T20:30:30","guid":{"rendered":"https:\/\/pro-pages.secretcityrecords.com\/?post_type=product&#038;p=37380"},"modified":"2023-01-25T17:09:05","modified_gmt":"2023-01-25T22:09:05","slug":"wave-suuns-2","status":"publish","type":"product","link":"https:\/\/pro-pages.secretcityrecords.com\/fr\/produit\/wave-suuns-2\/","title":{"rendered":"Wave"},"content":{"rendered":"<p><span class=\"TextRun SCXW58745406 BCX8\" lang=\"FR-CA\" xml:lang=\"FR-CA\" data-contrast=\"none\"><span class=\"NormalTextRun SCXW58745406 BCX8\">Le trio rock exp\u00e9rimental montr\u00e9alais <\/span><\/span><strong><span class=\"TextRun SCXW58745406 BCX8\" lang=\"FR-CA\" xml:lang=\"FR-CA\" data-contrast=\"none\"><span class=\"NormalTextRun SCXW58745406 BCX8\">SUUNS<\/span><\/span><\/strong><span class=\"TextRun SCXW58745406 BCX8\" lang=\"FR-CA\" xml:lang=\"FR-CA\" data-contrast=\"none\"><span class=\"NormalTextRun SCXW58745406 BCX8\"> partage une toute nouvelle chanson intitul\u00e9e <\/span><\/span><span class=\"TextRun SCXW58745406 BCX8\" lang=\"FR-CA\" xml:lang=\"FR-CA\" data-contrast=\"none\"><span class=\"NormalTextRun SCXW58745406 BCX8\">\u00ab\u2009<\/span><strong><span class=\"NormalTextRun SpellingErrorV2Themed SCXW58745406 BCX8\">Wave<\/span><\/strong><span class=\"NormalTextRun SCXW58745406 BCX8\"><strong>\u2009<\/strong>\u00bb,<\/span><\/span><span class=\"TextRun SCXW58745406 BCX8\" lang=\"FR-CA\" xml:lang=\"FR-CA\" data-contrast=\"none\"><span class=\"NormalTextRun SCXW58745406 BCX8\"> sa premi\u00e8re nouvelle pi\u00e8ce depuis la parution de son album encens\u00e9 par la critique <\/span><\/span><span class=\"TextRun SCXW58745406 BCX8\" lang=\"FR-CA\" xml:lang=\"FR-CA\" data-contrast=\"none\"><span class=\"NormalTextRun SCXW58745406 BCX8\">\u00ab\u2009The <\/span><span class=\"NormalTextRun SpellingErrorV2Themed SCXW58745406 BCX8\">Witness<\/span><span class=\"NormalTextRun SCXW58745406 BCX8\">\u2009\u00bb<\/span><\/span><span class=\"TextRun SCXW58745406 BCX8\" lang=\"FR-CA\" xml:lang=\"FR-CA\" data-contrast=\"none\"><span class=\"NormalTextRun SCXW58745406 BCX8\"> en 2021. Les musiciens pr\u00e9sentent \u00e9galement un vid\u00e9oclip r\u00e9alis\u00e9 par <\/span><span class=\"NormalTextRun SpellingErrorV2Themed SCXW58745406 BCX8\">Ilyse<\/span> <span class=\"NormalTextRun SpellingErrorV2Themed SCXW58745406 BCX8\">Krivel<\/span><span class=\"NormalTextRun SCXW58745406 BCX8\">, que vous pouvez regarder <\/span><\/span><a class=\"Hyperlink SCXW58745406 BCX8\" href=\"https:\/\/youtu.be\/jf8w2m9xz-Q\" target=\"_blank\" rel=\"noreferrer noopener\"><span class=\"TextRun Underlined SCXW58745406 BCX8\" lang=\"FR-CA\" xml:lang=\"FR-CA\" data-contrast=\"none\"><span class=\"NormalTextRun SCXW58745406 BCX8\" data-ccp-charstyle=\"Hyperlink\">ICI<\/span><\/span><\/a><span class=\"TextRun SCXW58745406 BCX8\" lang=\"FR-CA\" xml:lang=\"FR-CA\" data-contrast=\"none\"><span class=\"NormalTextRun SCXW58745406 BCX8\">. Enregistr\u00e9e avec Adrian <\/span><span class=\"NormalTextRun SpellingErrorV2Themed SCXW58745406 BCX8\">Popovich<\/span><span class=\"NormalTextRun SCXW58745406 BCX8\"> (<\/span><span class=\"NormalTextRun SpellingErrorV2Themed SCXW58745406 BCX8\">Tricky<\/span><span class=\"NormalTextRun SCXW58745406 BCX8\"> Woo) aux consoles au <\/span><span class=\"NormalTextRun SpellingErrorV2Themed SCXW58745406 BCX8\">Mountain<\/span><span class=\"NormalTextRun SCXW58745406 BCX8\"> City <\/span><span class=\"NormalTextRun SpellingErrorV2Themed SCXW58745406 BCX8\">Recording<\/span><span class=\"NormalTextRun SCXW58745406 BCX8\"> Studio de Montr\u00e9al en juillet 2022, <\/span><\/span><span class=\"TextRun SCXW58745406 BCX8\" lang=\"FR-CA\" xml:lang=\"FR-CA\" data-contrast=\"none\"><span class=\"NormalTextRun SCXW58745406 BCX8\">\u00ab\u2009<\/span><strong><span class=\"NormalTextRun SpellingErrorV2Themed SCXW58745406 BCX8\">Wave<\/span><\/strong><span class=\"NormalTextRun SCXW58745406 BCX8\"><strong>\u2009<\/strong>\u00bb<\/span><\/span><span class=\"TextRun SCXW58745406 BCX8\" lang=\"FR-CA\" xml:lang=\"FR-CA\" data-contrast=\"none\"><span class=\"NormalTextRun SCXW58745406 BCX8\"> a \u00e9volu\u00e9 au cours de la derni\u00e8re ann\u00e9e et demie. \u00ab <\/span><\/span><span class=\"TextRun SCXW58745406 BCX8\" lang=\"FR-CA\" xml:lang=\"FR-CA\" data-contrast=\"none\"><span class=\"NormalTextRun SCXW58745406 BCX8\">Durant la tourn\u00e9e de <\/span><\/span><span class=\"TextRun SCXW58745406 BCX8\" lang=\"FR-CA\" xml:lang=\"FR-CA\" data-contrast=\"none\"><span class=\"NormalTextRun SCXW58745406 BCX8\">The <\/span><span class=\"NormalTextRun SpellingErrorV2Themed SCXW58745406 BCX8\">Witness<\/span><\/span><span class=\"TextRun SCXW58745406 BCX8\" lang=\"FR-CA\" xml:lang=\"FR-CA\" data-contrast=\"none\"><span class=\"NormalTextRun SCXW58745406 BCX8\">, entre les vols d\u2019avion, les trajets en voiture ou en camionnette, et les conversations via textos, on a commenc\u00e9 \u00e0 travailler sur de la nouvelle musique <\/span><\/span><span class=\"TextRun SCXW58745406 BCX8\" lang=\"FR-CA\" xml:lang=\"FR-CA\" data-contrast=\"none\"><span class=\"NormalTextRun SCXW58745406 BCX8\">\u00bb, explique le chanteur et guitariste <\/span><\/span><span class=\"TextRun SCXW58745406 BCX8\" lang=\"FR-CA\" xml:lang=\"FR-CA\" data-contrast=\"none\"><span class=\"NormalTextRun SCXW58745406 BCX8\">Ben <\/span><span class=\"NormalTextRun SpellingErrorV2Themed SCXW58745406 BCX8\">Shemie<\/span><\/span><span class=\"TextRun SCXW58745406 BCX8\" lang=\"FR-CA\" xml:lang=\"FR-CA\" data-contrast=\"none\"><span class=\"NormalTextRun SCXW58745406 BCX8\">. <\/span><\/span><span class=\"TextRun SCXW58745406 BCX8\" lang=\"FR-CA\" xml:lang=\"FR-CA\" data-contrast=\"none\"><span class=\"NormalTextRun SCXW58745406 BCX8\">\u00ab De nouvelles sonorit\u00e9s et une nouvelle approche ont pris forme alors que nous testions du nouveau mat\u00e9riel. Ce qui a commenc\u00e9 \u00e0 voir le jour \u00e9tait une s\u00e9rie de chansons tr\u00e8s lentes, d\u2019\u00e9tranges exp\u00e9rimentations et quelques <\/span><span class=\"NormalTextRun SpellingErrorV2Themed SCXW58745406 BCX8\">jams<\/span><span class=\"NormalTextRun SCXW58745406 BCX8\"> impossibles \u00e0 cat\u00e9goriser. Parmi ces chansons, \u201c<\/span><strong><span class=\"NormalTextRun SpellingErrorV2Themed SCXW58745406 BCX8\">Wave<\/span><\/strong><span class=\"NormalTextRun SCXW58745406 BCX8\">\u201d a \u00e9merg\u00e9. Il s\u2019agit d\u2019une des compositions les plus accessibles de <\/span><\/span><strong><span class=\"TextRun SCXW58745406 BCX8\" lang=\"FR-CA\" xml:lang=\"FR-CA\" data-contrast=\"none\"><span class=\"NormalTextRun SCXW58745406 BCX8\">SUUNS<\/span><\/span><\/strong><span class=\"TextRun SCXW58745406 BCX8\" lang=\"FR-CA\" xml:lang=\"FR-CA\" data-contrast=\"none\"><span class=\"NormalTextRun SCXW58745406 BCX8\">, puisant dans notre h\u00e9ritage rock and roll classique et faisant un clin d\u2019\u0153il \u00e0 nos compatriotes montr\u00e9alais The Besnard <\/span><span class=\"NormalTextRun SpellingErrorV2Themed SCXW58745406 BCX8\">Lakes<\/span><span class=\"NormalTextRun SCXW58745406 BCX8\">. \u00bb<\/span><\/span><span class=\"EOP SCXW58745406 BCX8\" data-ccp-props=\"{&quot;134233117&quot;:false,&quot;134233118&quot;:false,&quot;201341983&quot;:0,&quot;335551550&quot;:6,&quot;335551620&quot;:6,&quot;335559738&quot;:0,&quot;335559739&quot;:0,&quot;335559740&quot;:240}\">\u00a0<\/span><\/p>\n","protected":false},"excerpt":{"rendered":"<p>Le trio rock exp\u00e9rimental montr\u00e9alais SUUNS partage une toute nouvelle chanson intitul\u00e9e \u00ab\u2009Wave\u2009\u00bb, sa premi\u00e8re nouvelle pi\u00e8ce depuis la parution de son album encens\u00e9 par la critique \u00ab\u2009The Witness\u2009\u00bb en 2021. Les musiciens pr\u00e9sentent \u00e9galement un vid\u00e9oclip r\u00e9alis\u00e9 par Ilyse Krivel, que vous pouvez regarder ICI. Enregistr\u00e9e avec Adrian Popovich (Tricky Woo) aux consoles au [&hellip;]<\/p>\n","protected":false},"featured_media":37377,"template":"","meta":[],"product_brand":[],"product_cat":[144],"product_tag":[],"class_list":{"0":"post-37380","1":"product","2":"type-product","3":"status-publish","4":"has-post-thumbnail","6":"product_cat-non-classifiee","8":"first","9":"instock","10":"taxable","11":"shipping-taxable","12":"purchasable","13":"product-type-variable"},"acf":[],"yoast_head":"<!-- This site is optimized with the Yoast SEO plugin v27.5 - https:\/\/yoast.com\/product\/yoast-seo-wordpress\/ -->\n<title>Wave - Secret City Records<\/title>\n<meta name=\"robots\" content=\"noindex, follow, max-snippet:-1, max-image-preview:large, max-video-preview:-1\" \/>\n<meta property=\"og:locale\" content=\"fr_FR\" \/>\n<meta property=\"og:type\" content=\"article\" \/>\n<meta property=\"og:title\" content=\"Wave - Secret City Records\" \/>\n<meta property=\"og:description\" content=\"Le trio rock exp\u00e9rimental montr\u00e9alais SUUNS partage une toute nouvelle chanson intitul\u00e9e \u00ab\u2009Wave\u2009\u00bb, sa premi\u00e8re nouvelle pi\u00e8ce depuis la parution de son album encens\u00e9 par la critique \u00ab\u2009The Witness\u2009\u00bb en 2021. Les musiciens pr\u00e9sentent \u00e9galement un vid\u00e9oclip r\u00e9alis\u00e9 par Ilyse Krivel, que vous pouvez regarder ICI. Enregistr\u00e9e avec Adrian Popovich (Tricky Woo) aux consoles au [&hellip;]\" \/>\n<meta property=\"og:url\" content=\"https:\/\/pro-pages.secretcityrecords.com\/fr\/produit\/wave-suuns-2\/\" \/>\n<meta property=\"og:site_name\" content=\"Secret City Records\" \/>\n<meta property=\"article:modified_time\" content=\"2023-01-25T22:09:05+00:00\" \/>\n<meta property=\"og:image\" content=\"https:\/\/pro-pages.secretcityrecords.com\/wp-content\/uploads\/2023\/01\/wave-suuns-artwork-1-scaled.jpeg\" \/>\n\t<meta property=\"og:image:width\" content=\"2560\" \/>\n\t<meta property=\"og:image:height\" content=\"2560\" \/>\n\t<meta property=\"og:image:type\" content=\"image\/jpeg\" \/>\n<meta name=\"twitter:card\" content=\"summary_large_image\" \/>\n<meta name=\"twitter:label1\" content=\"Dur\u00e9e de lecture estim\u00e9e\" \/>\n\t<meta name=\"twitter:data1\" content=\"1 minute\" \/>\n<script type=\"application\/ld+json\" class=\"yoast-schema-graph\">{\"@context\":\"https:\\\/\\\/schema.org\",\"@graph\":[{\"@type\":\"WebPage\",\"@id\":\"https:\\\/\\\/pro-pages.secretcityrecords.com\\\/fr\\\/produit\\\/wave-suuns-2\\\/\",\"url\":\"https:\\\/\\\/pro-pages.secretcityrecords.com\\\/fr\\\/produit\\\/wave-suuns-2\\\/\",\"name\":\"Wave - Secret City Records\",\"isPartOf\":{\"@id\":\"https:\\\/\\\/pro-pages.secretcityrecords.com\\\/fr\\\/#website\"},\"primaryImageOfPage\":{\"@id\":\"https:\\\/\\\/pro-pages.secretcityrecords.com\\\/fr\\\/produit\\\/wave-suuns-2\\\/#primaryimage\"},\"image\":{\"@id\":\"https:\\\/\\\/pro-pages.secretcityrecords.com\\\/fr\\\/produit\\\/wave-suuns-2\\\/#primaryimage\"},\"thumbnailUrl\":\"https:\\\/\\\/pro-pages.secretcityrecords.com\\\/wp-content\\\/uploads\\\/2023\\\/01\\\/wave-suuns-artwork-1-scaled.jpeg\",\"datePublished\":\"2023-01-25T20:30:30+00:00\",\"dateModified\":\"2023-01-25T22:09:05+00:00\",\"breadcrumb\":{\"@id\":\"https:\\\/\\\/pro-pages.secretcityrecords.com\\\/fr\\\/produit\\\/wave-suuns-2\\\/#breadcrumb\"},\"inLanguage\":\"fr-FR\",\"potentialAction\":[{\"@type\":\"ReadAction\",\"target\":[\"https:\\\/\\\/pro-pages.secretcityrecords.com\\\/fr\\\/produit\\\/wave-suuns-2\\\/\"]}]},{\"@type\":\"ImageObject\",\"inLanguage\":\"fr-FR\",\"@id\":\"https:\\\/\\\/pro-pages.secretcityrecords.com\\\/fr\\\/produit\\\/wave-suuns-2\\\/#primaryimage\",\"url\":\"https:\\\/\\\/pro-pages.secretcityrecords.com\\\/wp-content\\\/uploads\\\/2023\\\/01\\\/wave-suuns-artwork-1-scaled.jpeg\",\"contentUrl\":\"https:\\\/\\\/pro-pages.secretcityrecords.com\\\/wp-content\\\/uploads\\\/2023\\\/01\\\/wave-suuns-artwork-1-scaled.jpeg\",\"width\":2560,\"height\":2560},{\"@type\":\"BreadcrumbList\",\"@id\":\"https:\\\/\\\/pro-pages.secretcityrecords.com\\\/fr\\\/produit\\\/wave-suuns-2\\\/#breadcrumb\",\"itemListElement\":[{\"@type\":\"ListItem\",\"position\":1,\"name\":\"Home\",\"item\":\"https:\\\/\\\/pro-pages.secretcityrecords.com\\\/fr\\\/\"},{\"@type\":\"ListItem\",\"position\":2,\"name\":\"Boutique\",\"item\":\"https:\\\/\\\/pro-pages.secretcityrecords.com\\\/fr\\\/boutique\\\/\"},{\"@type\":\"ListItem\",\"position\":3,\"name\":\"Wave\"}]},{\"@type\":\"WebSite\",\"@id\":\"https:\\\/\\\/pro-pages.secretcityrecords.com\\\/fr\\\/#website\",\"url\":\"https:\\\/\\\/pro-pages.secretcityrecords.com\\\/fr\\\/\",\"name\":\"Secret City Records\",\"description\":\"En musique depuis 2006\",\"potentialAction\":[{\"@type\":\"SearchAction\",\"target\":{\"@type\":\"EntryPoint\",\"urlTemplate\":\"https:\\\/\\\/pro-pages.secretcityrecords.com\\\/fr\\\/?s={search_term_string}\"},\"query-input\":{\"@type\":\"PropertyValueSpecification\",\"valueRequired\":true,\"valueName\":\"search_term_string\"}}],\"inLanguage\":\"fr-FR\"}]}<\/script>\n<!-- \/ Yoast SEO plugin. -->","yoast_head_json":{"title":"Wave - Secret City Records","robots":{"index":"noindex","follow":"follow","max-snippet":"max-snippet:-1","max-image-preview":"max-image-preview:large","max-video-preview":"max-video-preview:-1"},"og_locale":"fr_FR","og_type":"article","og_title":"Wave - Secret City Records","og_description":"Le trio rock exp\u00e9rimental montr\u00e9alais SUUNS partage une toute nouvelle chanson intitul\u00e9e \u00ab\u2009Wave\u2009\u00bb, sa premi\u00e8re nouvelle pi\u00e8ce depuis la parution de son album encens\u00e9 par la critique \u00ab\u2009The Witness\u2009\u00bb en 2021. Les musiciens pr\u00e9sentent \u00e9galement un vid\u00e9oclip r\u00e9alis\u00e9 par Ilyse Krivel, que vous pouvez regarder ICI. Enregistr\u00e9e avec Adrian Popovich (Tricky Woo) aux consoles au [&hellip;]","og_url":"https:\/\/pro-pages.secretcityrecords.com\/fr\/produit\/wave-suuns-2\/","og_site_name":"Secret City Records","article_modified_time":"2023-01-25T22:09:05+00:00","og_image":[{"width":2560,"height":2560,"url":"https:\/\/pro-pages.secretcityrecords.com\/wp-content\/uploads\/2023\/01\/wave-suuns-artwork-1-scaled.jpeg","type":"image\/jpeg"}],"twitter_card":"summary_large_image","twitter_misc":{"Dur\u00e9e de lecture estim\u00e9e":"1 minute"},"schema":{"@context":"https:\/\/schema.org","@graph":[{"@type":"WebPage","@id":"https:\/\/pro-pages.secretcityrecords.com\/fr\/produit\/wave-suuns-2\/","url":"https:\/\/pro-pages.secretcityrecords.com\/fr\/produit\/wave-suuns-2\/","name":"Wave - Secret City Records","isPartOf":{"@id":"https:\/\/pro-pages.secretcityrecords.com\/fr\/#website"},"primaryImageOfPage":{"@id":"https:\/\/pro-pages.secretcityrecords.com\/fr\/produit\/wave-suuns-2\/#primaryimage"},"image":{"@id":"https:\/\/pro-pages.secretcityrecords.com\/fr\/produit\/wave-suuns-2\/#primaryimage"},"thumbnailUrl":"https:\/\/pro-pages.secretcityrecords.com\/wp-content\/uploads\/2023\/01\/wave-suuns-artwork-1-scaled.jpeg","datePublished":"2023-01-25T20:30:30+00:00","dateModified":"2023-01-25T22:09:05+00:00","breadcrumb":{"@id":"https:\/\/pro-pages.secretcityrecords.com\/fr\/produit\/wave-suuns-2\/#breadcrumb"},"inLanguage":"fr-FR","potentialAction":[{"@type":"ReadAction","target":["https:\/\/pro-pages.secretcityrecords.com\/fr\/produit\/wave-suuns-2\/"]}]},{"@type":"ImageObject","inLanguage":"fr-FR","@id":"https:\/\/pro-pages.secretcityrecords.com\/fr\/produit\/wave-suuns-2\/#primaryimage","url":"https:\/\/pro-pages.secretcityrecords.com\/wp-content\/uploads\/2023\/01\/wave-suuns-artwork-1-scaled.jpeg","contentUrl":"https:\/\/pro-pages.secretcityrecords.com\/wp-content\/uploads\/2023\/01\/wave-suuns-artwork-1-scaled.jpeg","width":2560,"height":2560},{"@type":"BreadcrumbList","@id":"https:\/\/pro-pages.secretcityrecords.com\/fr\/produit\/wave-suuns-2\/#breadcrumb","itemListElement":[{"@type":"ListItem","position":1,"name":"Home","item":"https:\/\/pro-pages.secretcityrecords.com\/fr\/"},{"@type":"ListItem","position":2,"name":"Boutique","item":"https:\/\/pro-pages.secretcityrecords.com\/fr\/boutique\/"},{"@type":"ListItem","position":3,"name":"Wave"}]},{"@type":"WebSite","@id":"https:\/\/pro-pages.secretcityrecords.com\/fr\/#website","url":"https:\/\/pro-pages.secretcityrecords.com\/fr\/","name":"Secret City Records","description":"En musique depuis 2006","potentialAction":[{"@type":"SearchAction","target":{"@type":"EntryPoint","urlTemplate":"https:\/\/pro-pages.secretcityrecords.com\/fr\/?s={search_term_string}"},"query-input":{"@type":"PropertyValueSpecification","valueRequired":true,"valueName":"search_term_string"}}],"inLanguage":"fr-FR"}]}},"_links":{"self":[{"href":"https:\/\/pro-pages.secretcityrecords.com\/fr\/wp-json\/wp\/v2\/product\/37380","targetHints":{"allow":["GET"]}}],"collection":[{"href":"https:\/\/pro-pages.secretcityrecords.com\/fr\/wp-json\/wp\/v2\/product"}],"about":[{"href":"https:\/\/pro-pages.secretcityrecords.com\/fr\/wp-json\/wp\/v2\/types\/product"}],"wp:featuredmedia":[{"embeddable":true,"href":"https:\/\/pro-pages.secretcityrecords.com\/fr\/wp-json\/wp\/v2\/media\/37377"}],"wp:attachment":[{"href":"https:\/\/pro-pages.secretcityrecords.com\/fr\/wp-json\/wp\/v2\/media?parent=37380"}],"wp:term":[{"taxonomy":"product_brand","embeddable":true,"href":"https:\/\/pro-pages.secretcityrecords.com\/fr\/wp-json\/wp\/v2\/product_brand?post=37380"},{"taxonomy":"product_cat","embeddable":true,"href":"https:\/\/pro-pages.secretcityrecords.com\/fr\/wp-json\/wp\/v2\/product_cat?post=37380"},{"taxonomy":"product_tag","embeddable":true,"href":"https:\/\/pro-pages.secretcityrecords.com\/fr\/wp-json\/wp\/v2\/product_tag?post=37380"}],"curies":[{"name":"wp","href":"https:\/\/api.w.org\/{rel}","templated":true}]}}