{"id":3786,"date":"2016-08-17T01:37:58","date_gmt":"2016-08-17T05:37:58","guid":{"rendered":"https:\/\/pro-pages.secretcityrecords.com\/shop\/images-du-futur-2\/"},"modified":"2016-09-02T12:34:37","modified_gmt":"2016-09-02T16:34:37","slug":"images-du-futur-fr","status":"publish","type":"product","link":"https:\/\/pro-pages.secretcityrecords.com\/fr\/produit\/images-du-futur-fr\/","title":{"rendered":"Images du Futur"},"content":{"rendered":"<p>R\u00e9alis\u00e9 une fois de plus avec Jace Lasek des Besnard Lakes, Images du futur d\u00e9marre en trombe avec Powers of Ten, un manifeste qui s\u2019installe d\u00e8s les premi\u00e8res lignes : Got it together\/I read in the paper\/all of theses strangers\/stranger and stranger&#8230;\/No, no, no, no, how you try and remember\/how all of these pieces\/all fit together. \u00c0 propos de leur processus cr\u00e9atif, Shemie nous dit, en tant que groupe, nous avons essay\u00e9 de prendre le plus de recul possible face \u00e0 notre conception. Ainsi, plusieurs d\u00e9tails auparavant ignor\u00e9s ont fait surface lorsque nous avons \u00e9largi notre vision.<\/p>\n","protected":false},"excerpt":{"rendered":"<p>R\u00e9alis\u00e9 une fois de plus avec Jace Lasek des Besnard Lakes, Images du futur d\u00e9marre en trombe avec Powers of Ten, un manifeste qui s\u2019installe d\u00e8s les premi\u00e8res lignes : Got it together\/I read in the paper\/all of theses strangers\/stranger and stranger&#8230;\/No, no, no, no, how you try and remember\/how all of these pieces\/all fit together. \u00c0 propos de leur processus cr\u00e9atif, Shemie nous dit, en tant que groupe, nous avons essay\u00e9 de prendre le plus de recul possible face \u00e0 notre conception. Ainsi, plusieurs d\u00e9tails auparavant ignor\u00e9s ont fait surface lorsque nous avons \u00e9largi notre vision.<\/p>\n","protected":false},"featured_media":3882,"template":"","meta":[],"product_brand":[],"product_cat":[102,97,100,94],"product_tag":[],"class_list":{"0":"post-3786","1":"product","2":"type-product","3":"status-publish","4":"has-post-thumbnail","6":"product_cat-cd-fr","7":"product_cat-digital-fr","8":"product_cat-lp-fr","9":"product_cat-vinyle","11":"first","12":"instock","13":"sale","14":"taxable","15":"shipping-taxable","16":"purchasable","17":"product-type-variable"},"acf":[],"yoast_head":"<!-- This site is optimized with the Yoast SEO plugin v27.5 - https:\/\/yoast.com\/product\/yoast-seo-wordpress\/ -->\n<title>Images du Futur - Secret City Records<\/title>\n<meta name=\"robots\" content=\"noindex, follow, max-snippet:-1, max-image-preview:large, max-video-preview:-1\" \/>\n<meta property=\"og:locale\" content=\"fr_FR\" \/>\n<meta property=\"og:type\" content=\"article\" \/>\n<meta property=\"og:title\" content=\"Images du Futur - Secret City Records\" \/>\n<meta property=\"og:description\" content=\"R\u00e9alis\u00e9 une fois de plus avec Jace Lasek des Besnard Lakes, Images du futur d\u00e9marre en trombe avec Powers of Ten, un manifeste qui s\u2019installe d\u00e8s les premi\u00e8res lignes : Got it together\/I read in the paper\/all of theses strangers\/stranger and stranger...\/No, no, no, no, how you try and remember\/how all of these pieces\/all fit together. \u00c0 propos de leur processus cr\u00e9atif, Shemie nous dit, en tant que groupe, nous avons essay\u00e9 de prendre le plus de recul possible face \u00e0 notre conception. Ainsi, plusieurs d\u00e9tails auparavant ignor\u00e9s ont fait surface lorsque nous avons \u00e9largi notre vision.\" \/>\n<meta property=\"og:url\" content=\"https:\/\/pro-pages.secretcityrecords.com\/fr\/produit\/images-du-futur-fr\/\" \/>\n<meta property=\"og:site_name\" content=\"Secret City Records\" \/>\n<meta property=\"article:modified_time\" content=\"2016-09-02T16:34:37+00:00\" \/>\n<meta property=\"og:image\" content=\"https:\/\/pro-pages.secretcityrecords.com\/wp-content\/uploads\/2016\/08\/suuns-images_du_futur.jpg\" \/>\n\t<meta property=\"og:image:width\" content=\"1425\" \/>\n\t<meta property=\"og:image:height\" content=\"1425\" \/>\n\t<meta property=\"og:image:type\" content=\"image\/jpeg\" \/>\n<meta name=\"twitter:card\" content=\"summary_large_image\" \/>\n<meta name=\"twitter:label1\" content=\"Dur\u00e9e de lecture estim\u00e9e\" \/>\n\t<meta name=\"twitter:data1\" content=\"1 minute\" \/>\n<script type=\"application\/ld+json\" class=\"yoast-schema-graph\">{\"@context\":\"https:\\\/\\\/schema.org\",\"@graph\":[{\"@type\":\"WebPage\",\"@id\":\"https:\\\/\\\/pro-pages.secretcityrecords.com\\\/fr\\\/produit\\\/images-du-futur-fr\\\/\",\"url\":\"https:\\\/\\\/pro-pages.secretcityrecords.com\\\/fr\\\/produit\\\/images-du-futur-fr\\\/\",\"name\":\"Images du Futur - Secret City Records\",\"isPartOf\":{\"@id\":\"https:\\\/\\\/pro-pages.secretcityrecords.com\\\/fr\\\/#website\"},\"primaryImageOfPage\":{\"@id\":\"https:\\\/\\\/pro-pages.secretcityrecords.com\\\/fr\\\/produit\\\/images-du-futur-fr\\\/#primaryimage\"},\"image\":{\"@id\":\"https:\\\/\\\/pro-pages.secretcityrecords.com\\\/fr\\\/produit\\\/images-du-futur-fr\\\/#primaryimage\"},\"thumbnailUrl\":\"https:\\\/\\\/pro-pages.secretcityrecords.com\\\/wp-content\\\/uploads\\\/2016\\\/08\\\/suuns-images_du_futur.jpg\",\"datePublished\":\"2016-08-17T05:37:58+00:00\",\"dateModified\":\"2016-09-02T16:34:37+00:00\",\"breadcrumb\":{\"@id\":\"https:\\\/\\\/pro-pages.secretcityrecords.com\\\/fr\\\/produit\\\/images-du-futur-fr\\\/#breadcrumb\"},\"inLanguage\":\"fr-FR\",\"potentialAction\":[{\"@type\":\"ReadAction\",\"target\":[\"https:\\\/\\\/pro-pages.secretcityrecords.com\\\/fr\\\/produit\\\/images-du-futur-fr\\\/\"]}]},{\"@type\":\"ImageObject\",\"inLanguage\":\"fr-FR\",\"@id\":\"https:\\\/\\\/pro-pages.secretcityrecords.com\\\/fr\\\/produit\\\/images-du-futur-fr\\\/#primaryimage\",\"url\":\"https:\\\/\\\/pro-pages.secretcityrecords.com\\\/wp-content\\\/uploads\\\/2016\\\/08\\\/suuns-images_du_futur.jpg\",\"contentUrl\":\"https:\\\/\\\/pro-pages.secretcityrecords.com\\\/wp-content\\\/uploads\\\/2016\\\/08\\\/suuns-images_du_futur.jpg\",\"width\":1425,\"height\":1425},{\"@type\":\"BreadcrumbList\",\"@id\":\"https:\\\/\\\/pro-pages.secretcityrecords.com\\\/fr\\\/produit\\\/images-du-futur-fr\\\/#breadcrumb\",\"itemListElement\":[{\"@type\":\"ListItem\",\"position\":1,\"name\":\"Home\",\"item\":\"https:\\\/\\\/pro-pages.secretcityrecords.com\\\/fr\\\/\"},{\"@type\":\"ListItem\",\"position\":2,\"name\":\"Boutique\",\"item\":\"https:\\\/\\\/pro-pages.secretcityrecords.com\\\/fr\\\/boutique\\\/\"},{\"@type\":\"ListItem\",\"position\":3,\"name\":\"Images du Futur\"}]},{\"@type\":\"WebSite\",\"@id\":\"https:\\\/\\\/pro-pages.secretcityrecords.com\\\/fr\\\/#website\",\"url\":\"https:\\\/\\\/pro-pages.secretcityrecords.com\\\/fr\\\/\",\"name\":\"Secret City Records\",\"description\":\"En musique depuis 2006\",\"potentialAction\":[{\"@type\":\"SearchAction\",\"target\":{\"@type\":\"EntryPoint\",\"urlTemplate\":\"https:\\\/\\\/pro-pages.secretcityrecords.com\\\/fr\\\/?s={search_term_string}\"},\"query-input\":{\"@type\":\"PropertyValueSpecification\",\"valueRequired\":true,\"valueName\":\"search_term_string\"}}],\"inLanguage\":\"fr-FR\"}]}<\/script>\n<!-- \/ Yoast SEO plugin. -->","yoast_head_json":{"title":"Images du Futur - Secret City Records","robots":{"index":"noindex","follow":"follow","max-snippet":"max-snippet:-1","max-image-preview":"max-image-preview:large","max-video-preview":"max-video-preview:-1"},"og_locale":"fr_FR","og_type":"article","og_title":"Images du Futur - Secret City Records","og_description":"R\u00e9alis\u00e9 une fois de plus avec Jace Lasek des Besnard Lakes, Images du futur d\u00e9marre en trombe avec Powers of Ten, un manifeste qui s\u2019installe d\u00e8s les premi\u00e8res lignes : Got it together\/I read in the paper\/all of theses strangers\/stranger and stranger...\/No, no, no, no, how you try and remember\/how all of these pieces\/all fit together. \u00c0 propos de leur processus cr\u00e9atif, Shemie nous dit, en tant que groupe, nous avons essay\u00e9 de prendre le plus de recul possible face \u00e0 notre conception. Ainsi, plusieurs d\u00e9tails auparavant ignor\u00e9s ont fait surface lorsque nous avons \u00e9largi notre vision.","og_url":"https:\/\/pro-pages.secretcityrecords.com\/fr\/produit\/images-du-futur-fr\/","og_site_name":"Secret City Records","article_modified_time":"2016-09-02T16:34:37+00:00","og_image":[{"width":1425,"height":1425,"url":"https:\/\/pro-pages.secretcityrecords.com\/wp-content\/uploads\/2016\/08\/suuns-images_du_futur.jpg","type":"image\/jpeg"}],"twitter_card":"summary_large_image","twitter_misc":{"Dur\u00e9e de lecture estim\u00e9e":"1 minute"},"schema":{"@context":"https:\/\/schema.org","@graph":[{"@type":"WebPage","@id":"https:\/\/pro-pages.secretcityrecords.com\/fr\/produit\/images-du-futur-fr\/","url":"https:\/\/pro-pages.secretcityrecords.com\/fr\/produit\/images-du-futur-fr\/","name":"Images du Futur - Secret City Records","isPartOf":{"@id":"https:\/\/pro-pages.secretcityrecords.com\/fr\/#website"},"primaryImageOfPage":{"@id":"https:\/\/pro-pages.secretcityrecords.com\/fr\/produit\/images-du-futur-fr\/#primaryimage"},"image":{"@id":"https:\/\/pro-pages.secretcityrecords.com\/fr\/produit\/images-du-futur-fr\/#primaryimage"},"thumbnailUrl":"https:\/\/pro-pages.secretcityrecords.com\/wp-content\/uploads\/2016\/08\/suuns-images_du_futur.jpg","datePublished":"2016-08-17T05:37:58+00:00","dateModified":"2016-09-02T16:34:37+00:00","breadcrumb":{"@id":"https:\/\/pro-pages.secretcityrecords.com\/fr\/produit\/images-du-futur-fr\/#breadcrumb"},"inLanguage":"fr-FR","potentialAction":[{"@type":"ReadAction","target":["https:\/\/pro-pages.secretcityrecords.com\/fr\/produit\/images-du-futur-fr\/"]}]},{"@type":"ImageObject","inLanguage":"fr-FR","@id":"https:\/\/pro-pages.secretcityrecords.com\/fr\/produit\/images-du-futur-fr\/#primaryimage","url":"https:\/\/pro-pages.secretcityrecords.com\/wp-content\/uploads\/2016\/08\/suuns-images_du_futur.jpg","contentUrl":"https:\/\/pro-pages.secretcityrecords.com\/wp-content\/uploads\/2016\/08\/suuns-images_du_futur.jpg","width":1425,"height":1425},{"@type":"BreadcrumbList","@id":"https:\/\/pro-pages.secretcityrecords.com\/fr\/produit\/images-du-futur-fr\/#breadcrumb","itemListElement":[{"@type":"ListItem","position":1,"name":"Home","item":"https:\/\/pro-pages.secretcityrecords.com\/fr\/"},{"@type":"ListItem","position":2,"name":"Boutique","item":"https:\/\/pro-pages.secretcityrecords.com\/fr\/boutique\/"},{"@type":"ListItem","position":3,"name":"Images du Futur"}]},{"@type":"WebSite","@id":"https:\/\/pro-pages.secretcityrecords.com\/fr\/#website","url":"https:\/\/pro-pages.secretcityrecords.com\/fr\/","name":"Secret City Records","description":"En musique depuis 2006","potentialAction":[{"@type":"SearchAction","target":{"@type":"EntryPoint","urlTemplate":"https:\/\/pro-pages.secretcityrecords.com\/fr\/?s={search_term_string}"},"query-input":{"@type":"PropertyValueSpecification","valueRequired":true,"valueName":"search_term_string"}}],"inLanguage":"fr-FR"}]}},"_links":{"self":[{"href":"https:\/\/pro-pages.secretcityrecords.com\/fr\/wp-json\/wp\/v2\/product\/3786","targetHints":{"allow":["GET"]}}],"collection":[{"href":"https:\/\/pro-pages.secretcityrecords.com\/fr\/wp-json\/wp\/v2\/product"}],"about":[{"href":"https:\/\/pro-pages.secretcityrecords.com\/fr\/wp-json\/wp\/v2\/types\/product"}],"wp:featuredmedia":[{"embeddable":true,"href":"https:\/\/pro-pages.secretcityrecords.com\/fr\/wp-json\/wp\/v2\/media\/3882"}],"wp:attachment":[{"href":"https:\/\/pro-pages.secretcityrecords.com\/fr\/wp-json\/wp\/v2\/media?parent=3786"}],"wp:term":[{"taxonomy":"product_brand","embeddable":true,"href":"https:\/\/pro-pages.secretcityrecords.com\/fr\/wp-json\/wp\/v2\/product_brand?post=3786"},{"taxonomy":"product_cat","embeddable":true,"href":"https:\/\/pro-pages.secretcityrecords.com\/fr\/wp-json\/wp\/v2\/product_cat?post=3786"},{"taxonomy":"product_tag","embeddable":true,"href":"https:\/\/pro-pages.secretcityrecords.com\/fr\/wp-json\/wp\/v2\/product_tag?post=3786"}],"curies":[{"name":"wp","href":"https:\/\/api.w.org\/{rel}","templated":true}]}}