{"id":3792,"date":"2016-08-17T01:37:32","date_gmt":"2016-08-17T05:37:32","guid":{"rendered":"https:\/\/pro-pages.secretcityrecords.com\/shop\/special-affections-2\/"},"modified":"2016-09-02T12:35:03","modified_gmt":"2016-09-02T16:35:03","slug":"special-affections-fr","status":"publish","type":"product","link":"https:\/\/pro-pages.secretcityrecords.com\/fr\/produit\/special-affections-fr\/","title":{"rendered":"Special Affections"},"content":{"rendered":"<p>D&rsquo;abord imagin\u00e9 \u00e0 l&rsquo;\u00e9t\u00e9 2009 par l&rsquo;artiste multidisciplinaire torontois John O, Diamond Rings s&rsquo;est fait conna\u00eetre sur la sc\u00e8ne musicale gr\u00e2ce \u00e0 une s\u00e9rie de chansons et de vid\u00e9oclips o\u00f9 se c\u00f4toient effets sp\u00e9ciaux sur \u00e9cran vert, chor\u00e9graphies exub\u00e9rantes et costumes et maquillages d&rsquo;une androgynie audacieuse. Ces vid\u00e9oclips ont fait l&rsquo;unanimit\u00e9 de la critique internationale tant dans les m\u00e9dias en ligne que de la part des fashionistas. Les simples 7&Prime; vinyl, tir\u00e9s en \u00e9dition limit\u00e9e, ont quant \u00e0 eux \u00e9t\u00e9 \u00e9puis\u00e9s en quelques semaines \u00e0 peine, recevant m\u00eame la mention Best New Music de Pitchfork.<\/p>\n<p>D&rsquo;aucuns ont qualifi\u00e9 Diamond Rings de fantaisiste, mais les amateurs de musique ont imm\u00e9diatement adopt\u00e9 la pop lyrique de Diamond Rings et ses splendides prestations. Il est particuli\u00e8rement rare de voir un jeune homme de 24 ans faire preuve d&rsquo;\u00e9motions sinc\u00e8res et d&rsquo;une honn\u00eate vuln\u00e9rabilit\u00e9, mais \u00e7a l&rsquo;est encore plus lorsque le jeune homme en question agence son fard \u00e0 paupi\u00e8res \u00e0 ses chaussures Air Force Ones tout en dansant sur sc\u00e8ne avec l&rsquo;abandon d&rsquo;un adolescent devant le miroir de sa salle de bain. Qui plus est, malgr\u00e9 la splendide de John O, on devine une maturit\u00e9 bouillonnante \u00e0 travers sa voix unique et ses paroles d&rsquo;une rare intelligence.<\/p>\n<p>Diamond Rings a finalement r\u00e9ussi \u00e0 s&rsquo;immobiliser assez longtemps pour enregistrer un album complet dont le r\u00e9sultat est le tr\u00e8s attendu Special Affections. Fid\u00e8le \u00e0 son habitude de ne pas aller dans la direction o\u00f9 on pourrait s&rsquo;attendre qu&rsquo;il aille, cet album touche \u00e0 une vaste gamme de genres et de sonorit\u00e9s. Des pi\u00e8ces \u00e9th\u00e9r\u00e9es y c\u00f4toient des rocks agressifs pour ensuite laisser place \u00e0 des brulots de discoth\u00e8ques aux synth\u00e9s galopants tandis que le fil conducteur de cet \u00e9clectisme sont les sentiments sinc\u00e8res d&rsquo;un jeune artiste dont l&rsquo;int\u00e9r\u00eat va bien au-del\u00e0 de simplement faire danser son auditoire.<\/p>\n<p>\u00abJ&rsquo;aime comparer ma musique \u00e0 la version par Starz on 54 de la pi\u00e8ce If You Could Read My Mind de Gordon Lightfoot qui a \u00e9t\u00e9 enregistr\u00e9e pour la trame sonore du film Studio 54, explique John O. Selon moi, c&rsquo;est faux qu&rsquo;il doive exister une dichotomie entre le concept de musique populaire et celui d&rsquo;honn\u00eatet\u00e9 lyrique.\u00bb<\/p>\n","protected":false},"excerpt":{"rendered":"<p>Le premier album de l&rsquo;artiste torontois Diamond Rings.<\/p>\n","protected":false},"featured_media":2899,"template":"","meta":[],"product_brand":[],"product_cat":[102,97,100,94],"product_tag":[],"class_list":{"0":"post-3792","1":"product","2":"type-product","3":"status-publish","4":"has-post-thumbnail","6":"product_cat-cd-fr","7":"product_cat-digital-fr","8":"product_cat-lp-fr","9":"product_cat-vinyle","11":"first","12":"instock","13":"taxable","14":"shipping-taxable","15":"purchasable","16":"product-type-variable"},"acf":[],"yoast_head":"<!-- This site is optimized with the Yoast SEO plugin v27.5 - https:\/\/yoast.com\/product\/yoast-seo-wordpress\/ -->\n<title>Special Affections - Secret City Records<\/title>\n<meta name=\"robots\" content=\"noindex, follow, max-snippet:-1, max-image-preview:large, max-video-preview:-1\" \/>\n<meta property=\"og:locale\" content=\"fr_FR\" \/>\n<meta property=\"og:type\" content=\"article\" \/>\n<meta property=\"og:title\" content=\"Special Affections - Secret City Records\" \/>\n<meta property=\"og:description\" content=\"Le premier album de l&#039;artiste torontois Diamond Rings.\" \/>\n<meta property=\"og:url\" content=\"https:\/\/pro-pages.secretcityrecords.com\/fr\/produit\/special-affections-fr\/\" \/>\n<meta property=\"og:site_name\" content=\"Secret City Records\" \/>\n<meta property=\"article:modified_time\" content=\"2016-09-02T16:35:03+00:00\" \/>\n<meta property=\"og:image\" content=\"https:\/\/pro-pages.secretcityrecords.com\/wp-content\/uploads\/old\/album\/cover_art_file\/25\/Secret_City_DiamondRings_COVER.jpg\" \/>\n\t<meta property=\"og:image:width\" content=\"1800\" \/>\n\t<meta property=\"og:image:height\" content=\"1800\" \/>\n\t<meta property=\"og:image:type\" content=\"image\/jpeg\" \/>\n<meta name=\"twitter:card\" content=\"summary_large_image\" \/>\n<meta name=\"twitter:label1\" content=\"Dur\u00e9e de lecture estim\u00e9e\" \/>\n\t<meta name=\"twitter:data1\" content=\"2 minutes\" \/>\n<script type=\"application\/ld+json\" class=\"yoast-schema-graph\">{\"@context\":\"https:\\\/\\\/schema.org\",\"@graph\":[{\"@type\":\"WebPage\",\"@id\":\"https:\\\/\\\/pro-pages.secretcityrecords.com\\\/fr\\\/produit\\\/special-affections-fr\\\/\",\"url\":\"https:\\\/\\\/pro-pages.secretcityrecords.com\\\/fr\\\/produit\\\/special-affections-fr\\\/\",\"name\":\"Special Affections - Secret City Records\",\"isPartOf\":{\"@id\":\"https:\\\/\\\/pro-pages.secretcityrecords.com\\\/fr\\\/#website\"},\"primaryImageOfPage\":{\"@id\":\"https:\\\/\\\/pro-pages.secretcityrecords.com\\\/fr\\\/produit\\\/special-affections-fr\\\/#primaryimage\"},\"image\":{\"@id\":\"https:\\\/\\\/pro-pages.secretcityrecords.com\\\/fr\\\/produit\\\/special-affections-fr\\\/#primaryimage\"},\"thumbnailUrl\":\"https:\\\/\\\/pro-pages.secretcityrecords.com\\\/wp-content\\\/uploads\\\/old\\\/album\\\/cover_art_file\\\/25\\\/Secret_City_DiamondRings_COVER.jpg\",\"datePublished\":\"2016-08-17T05:37:32+00:00\",\"dateModified\":\"2016-09-02T16:35:03+00:00\",\"breadcrumb\":{\"@id\":\"https:\\\/\\\/pro-pages.secretcityrecords.com\\\/fr\\\/produit\\\/special-affections-fr\\\/#breadcrumb\"},\"inLanguage\":\"fr-FR\",\"potentialAction\":[{\"@type\":\"ReadAction\",\"target\":[\"https:\\\/\\\/pro-pages.secretcityrecords.com\\\/fr\\\/produit\\\/special-affections-fr\\\/\"]}]},{\"@type\":\"ImageObject\",\"inLanguage\":\"fr-FR\",\"@id\":\"https:\\\/\\\/pro-pages.secretcityrecords.com\\\/fr\\\/produit\\\/special-affections-fr\\\/#primaryimage\",\"url\":\"https:\\\/\\\/pro-pages.secretcityrecords.com\\\/wp-content\\\/uploads\\\/old\\\/album\\\/cover_art_file\\\/25\\\/Secret_City_DiamondRings_COVER.jpg\",\"contentUrl\":\"https:\\\/\\\/pro-pages.secretcityrecords.com\\\/wp-content\\\/uploads\\\/old\\\/album\\\/cover_art_file\\\/25\\\/Secret_City_DiamondRings_COVER.jpg\",\"width\":1800,\"height\":1800},{\"@type\":\"BreadcrumbList\",\"@id\":\"https:\\\/\\\/pro-pages.secretcityrecords.com\\\/fr\\\/produit\\\/special-affections-fr\\\/#breadcrumb\",\"itemListElement\":[{\"@type\":\"ListItem\",\"position\":1,\"name\":\"Home\",\"item\":\"https:\\\/\\\/pro-pages.secretcityrecords.com\\\/fr\\\/\"},{\"@type\":\"ListItem\",\"position\":2,\"name\":\"Boutique\",\"item\":\"https:\\\/\\\/pro-pages.secretcityrecords.com\\\/fr\\\/boutique\\\/\"},{\"@type\":\"ListItem\",\"position\":3,\"name\":\"Special Affections\"}]},{\"@type\":\"WebSite\",\"@id\":\"https:\\\/\\\/pro-pages.secretcityrecords.com\\\/fr\\\/#website\",\"url\":\"https:\\\/\\\/pro-pages.secretcityrecords.com\\\/fr\\\/\",\"name\":\"Secret City Records\",\"description\":\"En musique depuis 2006\",\"potentialAction\":[{\"@type\":\"SearchAction\",\"target\":{\"@type\":\"EntryPoint\",\"urlTemplate\":\"https:\\\/\\\/pro-pages.secretcityrecords.com\\\/fr\\\/?s={search_term_string}\"},\"query-input\":{\"@type\":\"PropertyValueSpecification\",\"valueRequired\":true,\"valueName\":\"search_term_string\"}}],\"inLanguage\":\"fr-FR\"}]}<\/script>\n<!-- \/ Yoast SEO plugin. -->","yoast_head_json":{"title":"Special Affections - Secret City Records","robots":{"index":"noindex","follow":"follow","max-snippet":"max-snippet:-1","max-image-preview":"max-image-preview:large","max-video-preview":"max-video-preview:-1"},"og_locale":"fr_FR","og_type":"article","og_title":"Special Affections - Secret City Records","og_description":"Le premier album de l'artiste torontois Diamond Rings.","og_url":"https:\/\/pro-pages.secretcityrecords.com\/fr\/produit\/special-affections-fr\/","og_site_name":"Secret City Records","article_modified_time":"2016-09-02T16:35:03+00:00","og_image":[{"width":1800,"height":1800,"url":"https:\/\/pro-pages.secretcityrecords.com\/wp-content\/uploads\/old\/album\/cover_art_file\/25\/Secret_City_DiamondRings_COVER.jpg","type":"image\/jpeg"}],"twitter_card":"summary_large_image","twitter_misc":{"Dur\u00e9e de lecture estim\u00e9e":"2 minutes"},"schema":{"@context":"https:\/\/schema.org","@graph":[{"@type":"WebPage","@id":"https:\/\/pro-pages.secretcityrecords.com\/fr\/produit\/special-affections-fr\/","url":"https:\/\/pro-pages.secretcityrecords.com\/fr\/produit\/special-affections-fr\/","name":"Special Affections - Secret City Records","isPartOf":{"@id":"https:\/\/pro-pages.secretcityrecords.com\/fr\/#website"},"primaryImageOfPage":{"@id":"https:\/\/pro-pages.secretcityrecords.com\/fr\/produit\/special-affections-fr\/#primaryimage"},"image":{"@id":"https:\/\/pro-pages.secretcityrecords.com\/fr\/produit\/special-affections-fr\/#primaryimage"},"thumbnailUrl":"https:\/\/pro-pages.secretcityrecords.com\/wp-content\/uploads\/old\/album\/cover_art_file\/25\/Secret_City_DiamondRings_COVER.jpg","datePublished":"2016-08-17T05:37:32+00:00","dateModified":"2016-09-02T16:35:03+00:00","breadcrumb":{"@id":"https:\/\/pro-pages.secretcityrecords.com\/fr\/produit\/special-affections-fr\/#breadcrumb"},"inLanguage":"fr-FR","potentialAction":[{"@type":"ReadAction","target":["https:\/\/pro-pages.secretcityrecords.com\/fr\/produit\/special-affections-fr\/"]}]},{"@type":"ImageObject","inLanguage":"fr-FR","@id":"https:\/\/pro-pages.secretcityrecords.com\/fr\/produit\/special-affections-fr\/#primaryimage","url":"https:\/\/pro-pages.secretcityrecords.com\/wp-content\/uploads\/old\/album\/cover_art_file\/25\/Secret_City_DiamondRings_COVER.jpg","contentUrl":"https:\/\/pro-pages.secretcityrecords.com\/wp-content\/uploads\/old\/album\/cover_art_file\/25\/Secret_City_DiamondRings_COVER.jpg","width":1800,"height":1800},{"@type":"BreadcrumbList","@id":"https:\/\/pro-pages.secretcityrecords.com\/fr\/produit\/special-affections-fr\/#breadcrumb","itemListElement":[{"@type":"ListItem","position":1,"name":"Home","item":"https:\/\/pro-pages.secretcityrecords.com\/fr\/"},{"@type":"ListItem","position":2,"name":"Boutique","item":"https:\/\/pro-pages.secretcityrecords.com\/fr\/boutique\/"},{"@type":"ListItem","position":3,"name":"Special Affections"}]},{"@type":"WebSite","@id":"https:\/\/pro-pages.secretcityrecords.com\/fr\/#website","url":"https:\/\/pro-pages.secretcityrecords.com\/fr\/","name":"Secret City Records","description":"En musique depuis 2006","potentialAction":[{"@type":"SearchAction","target":{"@type":"EntryPoint","urlTemplate":"https:\/\/pro-pages.secretcityrecords.com\/fr\/?s={search_term_string}"},"query-input":{"@type":"PropertyValueSpecification","valueRequired":true,"valueName":"search_term_string"}}],"inLanguage":"fr-FR"}]}},"_links":{"self":[{"href":"https:\/\/pro-pages.secretcityrecords.com\/fr\/wp-json\/wp\/v2\/product\/3792","targetHints":{"allow":["GET"]}}],"collection":[{"href":"https:\/\/pro-pages.secretcityrecords.com\/fr\/wp-json\/wp\/v2\/product"}],"about":[{"href":"https:\/\/pro-pages.secretcityrecords.com\/fr\/wp-json\/wp\/v2\/types\/product"}],"wp:featuredmedia":[{"embeddable":true,"href":"https:\/\/pro-pages.secretcityrecords.com\/fr\/wp-json\/wp\/v2\/media\/2899"}],"wp:attachment":[{"href":"https:\/\/pro-pages.secretcityrecords.com\/fr\/wp-json\/wp\/v2\/media?parent=3792"}],"wp:term":[{"taxonomy":"product_brand","embeddable":true,"href":"https:\/\/pro-pages.secretcityrecords.com\/fr\/wp-json\/wp\/v2\/product_brand?post=3792"},{"taxonomy":"product_cat","embeddable":true,"href":"https:\/\/pro-pages.secretcityrecords.com\/fr\/wp-json\/wp\/v2\/product_cat?post=3792"},{"taxonomy":"product_tag","embeddable":true,"href":"https:\/\/pro-pages.secretcityrecords.com\/fr\/wp-json\/wp\/v2\/product_tag?post=3792"}],"curies":[{"name":"wp","href":"https:\/\/api.w.org\/{rel}","templated":true}]}}