{"id":3795,"date":"2016-08-17T01:37:30","date_gmt":"2016-08-17T05:37:30","guid":{"rendered":"https:\/\/pro-pages.secretcityrecords.com\/shop\/something-else-2\/"},"modified":"2016-11-08T21:14:39","modified_gmt":"2016-11-09T02:14:39","slug":"something-else-fr","status":"publish","type":"product","link":"https:\/\/pro-pages.secretcityrecords.com\/fr\/produit\/something-else-fr\/","title":{"rendered":"Something Else"},"content":{"rendered":"<p>Ce simple 7\u201d du Torontois Diamond Rings est tir\u00e9 en \u00e9dition limit\u00e9e \u00e0 500 copies et nous arrive en annonciateur de l&rsquo;album Special Affections, qui para\u00eetra le 26 octobre prochain chez Secret City. Ce nouveau 7&Prime; fait suite \u00e0 All Yr Songs, paru de fa\u00e7on ind\u00e9pendante et qui a fait sa marque sur YouTube en plus d&rsquo;obtenir la mention Best New Music de Pitchfork. Something Else est la premi\u00e8re parution officielle de Diamond Rings sur \u00e9tiquette Secret City Records. Sur la face B, on retrouve une collaboration avec son compatriote torontois, Owen Pallett. Ensemble, ils ont enregistr\u00e9 une version de la chanson The Gentleman Who Fell commise sur disque par Milla Jovovich au milieu des ann\u00e9es 90.<\/p>\n","protected":false},"excerpt":{"rendered":"<p>Simple 7&Prime; en \u00e9dition limit\u00e9e de la pi\u00e8ce Something Else, tir\u00e9e de l&rsquo;album Special Affections, \u00e0 para\u00eetre bient\u00f4t. Sur la face B, on retrouve une version de la chanson Gentleman Who Fell de Milla Jovovich, mettant en vedette Owen Pallett.<\/p>\n","protected":false},"featured_media":2895,"template":"","meta":[],"product_brand":[],"product_cat":[98,97,94],"product_tag":[],"class_list":{"0":"post-3795","1":"product","2":"type-product","3":"status-publish","4":"has-post-thumbnail","6":"product_cat-7in","7":"product_cat-digital-fr","8":"product_cat-vinyle","10":"first","11":"instock","12":"taxable","13":"shipping-taxable","14":"purchasable","15":"product-type-variable"},"acf":[],"yoast_head":"<!-- This site is optimized with the Yoast SEO plugin v27.5 - https:\/\/yoast.com\/product\/yoast-seo-wordpress\/ -->\n<title>Something Else - Secret City Records<\/title>\n<meta name=\"robots\" content=\"noindex, follow, max-snippet:-1, max-image-preview:large, max-video-preview:-1\" \/>\n<meta property=\"og:locale\" content=\"fr_FR\" \/>\n<meta property=\"og:type\" content=\"article\" \/>\n<meta property=\"og:title\" content=\"Something Else - Secret City Records\" \/>\n<meta property=\"og:description\" content=\"Simple 7&quot; en \u00e9dition limit\u00e9e de la pi\u00e8ce Something Else, tir\u00e9e de l&#039;album Special Affections, \u00e0 para\u00eetre bient\u00f4t. Sur la face B, on retrouve une version de la chanson Gentleman Who Fell de Milla Jovovich, mettant en vedette Owen Pallett.\" \/>\n<meta property=\"og:url\" content=\"https:\/\/pro-pages.secretcityrecords.com\/fr\/produit\/something-else-fr\/\" \/>\n<meta property=\"og:site_name\" content=\"Secret City Records\" \/>\n<meta property=\"article:modified_time\" content=\"2016-11-09T02:14:39+00:00\" \/>\n<meta property=\"og:image\" content=\"https:\/\/www.secretcityrecords.com\/wp-content\/uploads\/old\/album\/cover_art_file\/26\/Secret_City_Diamond_Rings_7.jpg\" \/>\n\t<meta property=\"og:image:width\" content=\"1500\" \/>\n\t<meta property=\"og:image:height\" content=\"1500\" \/>\n\t<meta property=\"og:image:type\" content=\"image\/jpeg\" \/>\n<meta name=\"twitter:card\" content=\"summary_large_image\" \/>\n<meta name=\"twitter:label1\" content=\"Dur\u00e9e de lecture estim\u00e9e\" \/>\n\t<meta name=\"twitter:data1\" content=\"1 minute\" \/>\n<script type=\"application\/ld+json\" class=\"yoast-schema-graph\">{\"@context\":\"https:\\\/\\\/schema.org\",\"@graph\":[{\"@type\":\"WebPage\",\"@id\":\"https:\\\/\\\/pro-pages.secretcityrecords.com\\\/fr\\\/produit\\\/something-else-fr\\\/\",\"url\":\"https:\\\/\\\/pro-pages.secretcityrecords.com\\\/fr\\\/produit\\\/something-else-fr\\\/\",\"name\":\"Something Else - Secret City Records\",\"isPartOf\":{\"@id\":\"https:\\\/\\\/pro-pages.secretcityrecords.com\\\/fr\\\/#website\"},\"primaryImageOfPage\":{\"@id\":\"https:\\\/\\\/pro-pages.secretcityrecords.com\\\/fr\\\/produit\\\/something-else-fr\\\/#primaryimage\"},\"image\":{\"@id\":\"https:\\\/\\\/pro-pages.secretcityrecords.com\\\/fr\\\/produit\\\/something-else-fr\\\/#primaryimage\"},\"thumbnailUrl\":\"https:\\\/\\\/pro-pages.secretcityrecords.com\\\/wp-content\\\/uploads\\\/old\\\/album\\\/cover_art_file\\\/26\\\/Secret_City_Diamond_Rings_7.jpg\",\"datePublished\":\"2016-08-17T05:37:30+00:00\",\"dateModified\":\"2016-11-09T02:14:39+00:00\",\"breadcrumb\":{\"@id\":\"https:\\\/\\\/pro-pages.secretcityrecords.com\\\/fr\\\/produit\\\/something-else-fr\\\/#breadcrumb\"},\"inLanguage\":\"fr-FR\",\"potentialAction\":[{\"@type\":\"ReadAction\",\"target\":[\"https:\\\/\\\/pro-pages.secretcityrecords.com\\\/fr\\\/produit\\\/something-else-fr\\\/\"]}]},{\"@type\":\"ImageObject\",\"inLanguage\":\"fr-FR\",\"@id\":\"https:\\\/\\\/pro-pages.secretcityrecords.com\\\/fr\\\/produit\\\/something-else-fr\\\/#primaryimage\",\"url\":\"https:\\\/\\\/pro-pages.secretcityrecords.com\\\/wp-content\\\/uploads\\\/old\\\/album\\\/cover_art_file\\\/26\\\/Secret_City_Diamond_Rings_7.jpg\",\"contentUrl\":\"https:\\\/\\\/pro-pages.secretcityrecords.com\\\/wp-content\\\/uploads\\\/old\\\/album\\\/cover_art_file\\\/26\\\/Secret_City_Diamond_Rings_7.jpg\",\"width\":1500,\"height\":1500},{\"@type\":\"BreadcrumbList\",\"@id\":\"https:\\\/\\\/pro-pages.secretcityrecords.com\\\/fr\\\/produit\\\/something-else-fr\\\/#breadcrumb\",\"itemListElement\":[{\"@type\":\"ListItem\",\"position\":1,\"name\":\"Home\",\"item\":\"https:\\\/\\\/pro-pages.secretcityrecords.com\\\/fr\\\/\"},{\"@type\":\"ListItem\",\"position\":2,\"name\":\"Boutique\",\"item\":\"https:\\\/\\\/pro-pages.secretcityrecords.com\\\/fr\\\/boutique\\\/\"},{\"@type\":\"ListItem\",\"position\":3,\"name\":\"Something Else\"}]},{\"@type\":\"WebSite\",\"@id\":\"https:\\\/\\\/pro-pages.secretcityrecords.com\\\/fr\\\/#website\",\"url\":\"https:\\\/\\\/pro-pages.secretcityrecords.com\\\/fr\\\/\",\"name\":\"Secret City Records\",\"description\":\"En musique depuis 2006\",\"potentialAction\":[{\"@type\":\"SearchAction\",\"target\":{\"@type\":\"EntryPoint\",\"urlTemplate\":\"https:\\\/\\\/pro-pages.secretcityrecords.com\\\/fr\\\/?s={search_term_string}\"},\"query-input\":{\"@type\":\"PropertyValueSpecification\",\"valueRequired\":true,\"valueName\":\"search_term_string\"}}],\"inLanguage\":\"fr-FR\"}]}<\/script>\n<!-- \/ Yoast SEO plugin. -->","yoast_head_json":{"title":"Something Else - Secret City Records","robots":{"index":"noindex","follow":"follow","max-snippet":"max-snippet:-1","max-image-preview":"max-image-preview:large","max-video-preview":"max-video-preview:-1"},"og_locale":"fr_FR","og_type":"article","og_title":"Something Else - Secret City Records","og_description":"Simple 7\" en \u00e9dition limit\u00e9e de la pi\u00e8ce Something Else, tir\u00e9e de l'album Special Affections, \u00e0 para\u00eetre bient\u00f4t. Sur la face B, on retrouve une version de la chanson Gentleman Who Fell de Milla Jovovich, mettant en vedette Owen Pallett.","og_url":"https:\/\/pro-pages.secretcityrecords.com\/fr\/produit\/something-else-fr\/","og_site_name":"Secret City Records","article_modified_time":"2016-11-09T02:14:39+00:00","og_image":[{"width":1500,"height":1500,"url":"https:\/\/www.secretcityrecords.com\/wp-content\/uploads\/old\/album\/cover_art_file\/26\/Secret_City_Diamond_Rings_7.jpg","type":"image\/jpeg"}],"twitter_card":"summary_large_image","twitter_misc":{"Dur\u00e9e de lecture estim\u00e9e":"1 minute"},"schema":{"@context":"https:\/\/schema.org","@graph":[{"@type":"WebPage","@id":"https:\/\/pro-pages.secretcityrecords.com\/fr\/produit\/something-else-fr\/","url":"https:\/\/pro-pages.secretcityrecords.com\/fr\/produit\/something-else-fr\/","name":"Something Else - Secret City Records","isPartOf":{"@id":"https:\/\/pro-pages.secretcityrecords.com\/fr\/#website"},"primaryImageOfPage":{"@id":"https:\/\/pro-pages.secretcityrecords.com\/fr\/produit\/something-else-fr\/#primaryimage"},"image":{"@id":"https:\/\/pro-pages.secretcityrecords.com\/fr\/produit\/something-else-fr\/#primaryimage"},"thumbnailUrl":"https:\/\/pro-pages.secretcityrecords.com\/wp-content\/uploads\/old\/album\/cover_art_file\/26\/Secret_City_Diamond_Rings_7.jpg","datePublished":"2016-08-17T05:37:30+00:00","dateModified":"2016-11-09T02:14:39+00:00","breadcrumb":{"@id":"https:\/\/pro-pages.secretcityrecords.com\/fr\/produit\/something-else-fr\/#breadcrumb"},"inLanguage":"fr-FR","potentialAction":[{"@type":"ReadAction","target":["https:\/\/pro-pages.secretcityrecords.com\/fr\/produit\/something-else-fr\/"]}]},{"@type":"ImageObject","inLanguage":"fr-FR","@id":"https:\/\/pro-pages.secretcityrecords.com\/fr\/produit\/something-else-fr\/#primaryimage","url":"https:\/\/pro-pages.secretcityrecords.com\/wp-content\/uploads\/old\/album\/cover_art_file\/26\/Secret_City_Diamond_Rings_7.jpg","contentUrl":"https:\/\/pro-pages.secretcityrecords.com\/wp-content\/uploads\/old\/album\/cover_art_file\/26\/Secret_City_Diamond_Rings_7.jpg","width":1500,"height":1500},{"@type":"BreadcrumbList","@id":"https:\/\/pro-pages.secretcityrecords.com\/fr\/produit\/something-else-fr\/#breadcrumb","itemListElement":[{"@type":"ListItem","position":1,"name":"Home","item":"https:\/\/pro-pages.secretcityrecords.com\/fr\/"},{"@type":"ListItem","position":2,"name":"Boutique","item":"https:\/\/pro-pages.secretcityrecords.com\/fr\/boutique\/"},{"@type":"ListItem","position":3,"name":"Something Else"}]},{"@type":"WebSite","@id":"https:\/\/pro-pages.secretcityrecords.com\/fr\/#website","url":"https:\/\/pro-pages.secretcityrecords.com\/fr\/","name":"Secret City Records","description":"En musique depuis 2006","potentialAction":[{"@type":"SearchAction","target":{"@type":"EntryPoint","urlTemplate":"https:\/\/pro-pages.secretcityrecords.com\/fr\/?s={search_term_string}"},"query-input":{"@type":"PropertyValueSpecification","valueRequired":true,"valueName":"search_term_string"}}],"inLanguage":"fr-FR"}]}},"_links":{"self":[{"href":"https:\/\/pro-pages.secretcityrecords.com\/fr\/wp-json\/wp\/v2\/product\/3795","targetHints":{"allow":["GET"]}}],"collection":[{"href":"https:\/\/pro-pages.secretcityrecords.com\/fr\/wp-json\/wp\/v2\/product"}],"about":[{"href":"https:\/\/pro-pages.secretcityrecords.com\/fr\/wp-json\/wp\/v2\/types\/product"}],"wp:featuredmedia":[{"embeddable":true,"href":"https:\/\/pro-pages.secretcityrecords.com\/fr\/wp-json\/wp\/v2\/media\/2895"}],"wp:attachment":[{"href":"https:\/\/pro-pages.secretcityrecords.com\/fr\/wp-json\/wp\/v2\/media?parent=3795"}],"wp:term":[{"taxonomy":"product_brand","embeddable":true,"href":"https:\/\/pro-pages.secretcityrecords.com\/fr\/wp-json\/wp\/v2\/product_brand?post=3795"},{"taxonomy":"product_cat","embeddable":true,"href":"https:\/\/pro-pages.secretcityrecords.com\/fr\/wp-json\/wp\/v2\/product_cat?post=3795"},{"taxonomy":"product_tag","embeddable":true,"href":"https:\/\/pro-pages.secretcityrecords.com\/fr\/wp-json\/wp\/v2\/product_tag?post=3795"}],"curies":[{"name":"wp","href":"https:\/\/api.w.org\/{rel}","templated":true}]}}