{"id":3797,"date":"2016-08-17T01:37:28","date_gmt":"2016-08-17T05:37:28","guid":{"rendered":"https:\/\/pro-pages.secretcityrecords.com\/shop\/just-another-ordinary-day-2\/"},"modified":"2016-09-02T12:35:08","modified_gmt":"2016-09-02T16:35:08","slug":"just-another-ordinary-day-2","status":"publish","type":"product","link":"https:\/\/pro-pages.secretcityrecords.com\/fr\/produit\/just-another-ordinary-day-2\/","title":{"rendered":"Just Another Ordinary Day"},"content":{"rendered":"<p>Lanc\u00e9 en quantit\u00e9s tr\u00e8s limit\u00e9es de fa\u00e7on ind\u00e9pendante en 2003, Just Another Ordinary Day constitue une compilation des premiers enregistrements du quartet de Patrick Watson tel qu&rsquo;on le conna\u00eet. \u00c0 l&rsquo;\u00e9poque, le groupe donnait r\u00e9guli\u00e8rement des spectacles en deux actes au l\u00e9gendaire et regrett\u00e9 Cafe Sarajevo \u00e0 Montr\u00e9al devant des foules de plus en plus imposantes. Ce disque plaira autant aux fans de Wooden Arms que de Close to Paradise gr\u00e2ce \u00e0 ses atmosph\u00e8res planantes et \u00e0 certaines des pi\u00e8ces pop les plus accessibles du groupe.<\/p>\n","protected":false},"excerpt":{"rendered":"<p>Lanc\u00e9 en quantit\u00e9s tr\u00e8s limit\u00e9es de fa\u00e7on ind\u00e9pendante en 2003, Just Another Ordinary Day constitue une compilation des premiers enregistrements du quartet de Patrick Watson tel qu&rsquo;on le conna\u00eet. \u00c0 l&rsquo;\u00e9poque, le groupe donnait r\u00e9guli\u00e8rement des spectacles en deux actes au l\u00e9gendaire et regrett\u00e9 Cafe Sarajevo \u00e0 Montr\u00e9al devant des foules de plus en plus imposantes. Ce disque plaira autant aux fans de Wooden Arms que de Close to Paradise gr\u00e2ce \u00e0 ses atmosph\u00e8res planantes et \u00e0 certaines des pi\u00e8ces pop les plus accessibles du groupe.<\/p>\n","protected":false},"featured_media":2890,"template":"","meta":[],"product_brand":[],"product_cat":[102,97,94],"product_tag":[],"class_list":{"0":"post-3797","1":"product","2":"type-product","3":"status-publish","4":"has-post-thumbnail","6":"product_cat-cd-fr","7":"product_cat-digital-fr","8":"product_cat-vinyle","10":"first","11":"instock","12":"taxable","13":"shipping-taxable","14":"purchasable","15":"product-type-variable"},"acf":[],"yoast_head":"<!-- This site is optimized with the Yoast SEO plugin v27.5 - https:\/\/yoast.com\/product\/yoast-seo-wordpress\/ -->\n<title>Just Another Ordinary Day - Secret City Records<\/title>\n<meta name=\"robots\" content=\"noindex, follow, max-snippet:-1, max-image-preview:large, max-video-preview:-1\" \/>\n<meta property=\"og:locale\" content=\"fr_FR\" \/>\n<meta property=\"og:type\" content=\"article\" \/>\n<meta property=\"og:title\" content=\"Just Another Ordinary Day - Secret City Records\" \/>\n<meta property=\"og:description\" content=\"Lanc\u00e9 en quantit\u00e9s tr\u00e8s limit\u00e9es de fa\u00e7on ind\u00e9pendante en 2003, Just Another Ordinary Day constitue une compilation des premiers enregistrements du quartet de Patrick Watson tel qu&#039;on le conna\u00eet. \u00c0 l&#039;\u00e9poque, le groupe donnait r\u00e9guli\u00e8rement des spectacles en deux actes au l\u00e9gendaire et regrett\u00e9 Cafe Sarajevo \u00e0 Montr\u00e9al devant des foules de plus en plus imposantes. Ce disque plaira autant aux fans de Wooden Arms que de Close to Paradise gr\u00e2ce \u00e0 ses atmosph\u00e8res planantes et \u00e0 certaines des pi\u00e8ces pop les plus accessibles du groupe.\" \/>\n<meta property=\"og:url\" content=\"https:\/\/pro-pages.secretcityrecords.com\/fr\/produit\/just-another-ordinary-day-2\/\" \/>\n<meta property=\"og:site_name\" content=\"Secret City Records\" \/>\n<meta property=\"article:modified_time\" content=\"2016-09-02T16:35:08+00:00\" \/>\n<meta property=\"og:image\" content=\"https:\/\/pro-pages.secretcityrecords.com\/wp-content\/uploads\/old\/album\/cover_art_file\/18\/SCR006cover_hi.jpg\" \/>\n\t<meta property=\"og:image:width\" content=\"1638\" \/>\n\t<meta property=\"og:image:height\" content=\"1472\" \/>\n\t<meta property=\"og:image:type\" content=\"image\/jpeg\" \/>\n<meta name=\"twitter:card\" content=\"summary_large_image\" \/>\n<script type=\"application\/ld+json\" class=\"yoast-schema-graph\">{\"@context\":\"https:\\\/\\\/schema.org\",\"@graph\":[{\"@type\":\"WebPage\",\"@id\":\"https:\\\/\\\/pro-pages.secretcityrecords.com\\\/fr\\\/produit\\\/just-another-ordinary-day-2\\\/\",\"url\":\"https:\\\/\\\/pro-pages.secretcityrecords.com\\\/fr\\\/produit\\\/just-another-ordinary-day-2\\\/\",\"name\":\"Just Another Ordinary Day - Secret City Records\",\"isPartOf\":{\"@id\":\"https:\\\/\\\/pro-pages.secretcityrecords.com\\\/fr\\\/#website\"},\"primaryImageOfPage\":{\"@id\":\"https:\\\/\\\/pro-pages.secretcityrecords.com\\\/fr\\\/produit\\\/just-another-ordinary-day-2\\\/#primaryimage\"},\"image\":{\"@id\":\"https:\\\/\\\/pro-pages.secretcityrecords.com\\\/fr\\\/produit\\\/just-another-ordinary-day-2\\\/#primaryimage\"},\"thumbnailUrl\":\"https:\\\/\\\/pro-pages.secretcityrecords.com\\\/wp-content\\\/uploads\\\/old\\\/album\\\/cover_art_file\\\/18\\\/SCR006cover_hi.jpg\",\"datePublished\":\"2016-08-17T05:37:28+00:00\",\"dateModified\":\"2016-09-02T16:35:08+00:00\",\"breadcrumb\":{\"@id\":\"https:\\\/\\\/pro-pages.secretcityrecords.com\\\/fr\\\/produit\\\/just-another-ordinary-day-2\\\/#breadcrumb\"},\"inLanguage\":\"fr-FR\",\"potentialAction\":[{\"@type\":\"ReadAction\",\"target\":[\"https:\\\/\\\/pro-pages.secretcityrecords.com\\\/fr\\\/produit\\\/just-another-ordinary-day-2\\\/\"]}]},{\"@type\":\"ImageObject\",\"inLanguage\":\"fr-FR\",\"@id\":\"https:\\\/\\\/pro-pages.secretcityrecords.com\\\/fr\\\/produit\\\/just-another-ordinary-day-2\\\/#primaryimage\",\"url\":\"https:\\\/\\\/pro-pages.secretcityrecords.com\\\/wp-content\\\/uploads\\\/old\\\/album\\\/cover_art_file\\\/18\\\/SCR006cover_hi.jpg\",\"contentUrl\":\"https:\\\/\\\/pro-pages.secretcityrecords.com\\\/wp-content\\\/uploads\\\/old\\\/album\\\/cover_art_file\\\/18\\\/SCR006cover_hi.jpg\",\"width\":1638,\"height\":1472},{\"@type\":\"BreadcrumbList\",\"@id\":\"https:\\\/\\\/pro-pages.secretcityrecords.com\\\/fr\\\/produit\\\/just-another-ordinary-day-2\\\/#breadcrumb\",\"itemListElement\":[{\"@type\":\"ListItem\",\"position\":1,\"name\":\"Home\",\"item\":\"https:\\\/\\\/pro-pages.secretcityrecords.com\\\/fr\\\/\"},{\"@type\":\"ListItem\",\"position\":2,\"name\":\"Boutique\",\"item\":\"https:\\\/\\\/pro-pages.secretcityrecords.com\\\/fr\\\/boutique\\\/\"},{\"@type\":\"ListItem\",\"position\":3,\"name\":\"Just Another Ordinary Day\"}]},{\"@type\":\"WebSite\",\"@id\":\"https:\\\/\\\/pro-pages.secretcityrecords.com\\\/fr\\\/#website\",\"url\":\"https:\\\/\\\/pro-pages.secretcityrecords.com\\\/fr\\\/\",\"name\":\"Secret City Records\",\"description\":\"En musique depuis 2006\",\"potentialAction\":[{\"@type\":\"SearchAction\",\"target\":{\"@type\":\"EntryPoint\",\"urlTemplate\":\"https:\\\/\\\/pro-pages.secretcityrecords.com\\\/fr\\\/?s={search_term_string}\"},\"query-input\":{\"@type\":\"PropertyValueSpecification\",\"valueRequired\":true,\"valueName\":\"search_term_string\"}}],\"inLanguage\":\"fr-FR\"}]}<\/script>\n<!-- \/ Yoast SEO plugin. -->","yoast_head_json":{"title":"Just Another Ordinary Day - Secret City Records","robots":{"index":"noindex","follow":"follow","max-snippet":"max-snippet:-1","max-image-preview":"max-image-preview:large","max-video-preview":"max-video-preview:-1"},"og_locale":"fr_FR","og_type":"article","og_title":"Just Another Ordinary Day - Secret City Records","og_description":"Lanc\u00e9 en quantit\u00e9s tr\u00e8s limit\u00e9es de fa\u00e7on ind\u00e9pendante en 2003, Just Another Ordinary Day constitue une compilation des premiers enregistrements du quartet de Patrick Watson tel qu'on le conna\u00eet. \u00c0 l'\u00e9poque, le groupe donnait r\u00e9guli\u00e8rement des spectacles en deux actes au l\u00e9gendaire et regrett\u00e9 Cafe Sarajevo \u00e0 Montr\u00e9al devant des foules de plus en plus imposantes. Ce disque plaira autant aux fans de Wooden Arms que de Close to Paradise gr\u00e2ce \u00e0 ses atmosph\u00e8res planantes et \u00e0 certaines des pi\u00e8ces pop les plus accessibles du groupe.","og_url":"https:\/\/pro-pages.secretcityrecords.com\/fr\/produit\/just-another-ordinary-day-2\/","og_site_name":"Secret City Records","article_modified_time":"2016-09-02T16:35:08+00:00","og_image":[{"width":1638,"height":1472,"url":"https:\/\/pro-pages.secretcityrecords.com\/wp-content\/uploads\/old\/album\/cover_art_file\/18\/SCR006cover_hi.jpg","type":"image\/jpeg"}],"twitter_card":"summary_large_image","schema":{"@context":"https:\/\/schema.org","@graph":[{"@type":"WebPage","@id":"https:\/\/pro-pages.secretcityrecords.com\/fr\/produit\/just-another-ordinary-day-2\/","url":"https:\/\/pro-pages.secretcityrecords.com\/fr\/produit\/just-another-ordinary-day-2\/","name":"Just Another Ordinary Day - Secret City Records","isPartOf":{"@id":"https:\/\/pro-pages.secretcityrecords.com\/fr\/#website"},"primaryImageOfPage":{"@id":"https:\/\/pro-pages.secretcityrecords.com\/fr\/produit\/just-another-ordinary-day-2\/#primaryimage"},"image":{"@id":"https:\/\/pro-pages.secretcityrecords.com\/fr\/produit\/just-another-ordinary-day-2\/#primaryimage"},"thumbnailUrl":"https:\/\/pro-pages.secretcityrecords.com\/wp-content\/uploads\/old\/album\/cover_art_file\/18\/SCR006cover_hi.jpg","datePublished":"2016-08-17T05:37:28+00:00","dateModified":"2016-09-02T16:35:08+00:00","breadcrumb":{"@id":"https:\/\/pro-pages.secretcityrecords.com\/fr\/produit\/just-another-ordinary-day-2\/#breadcrumb"},"inLanguage":"fr-FR","potentialAction":[{"@type":"ReadAction","target":["https:\/\/pro-pages.secretcityrecords.com\/fr\/produit\/just-another-ordinary-day-2\/"]}]},{"@type":"ImageObject","inLanguage":"fr-FR","@id":"https:\/\/pro-pages.secretcityrecords.com\/fr\/produit\/just-another-ordinary-day-2\/#primaryimage","url":"https:\/\/pro-pages.secretcityrecords.com\/wp-content\/uploads\/old\/album\/cover_art_file\/18\/SCR006cover_hi.jpg","contentUrl":"https:\/\/pro-pages.secretcityrecords.com\/wp-content\/uploads\/old\/album\/cover_art_file\/18\/SCR006cover_hi.jpg","width":1638,"height":1472},{"@type":"BreadcrumbList","@id":"https:\/\/pro-pages.secretcityrecords.com\/fr\/produit\/just-another-ordinary-day-2\/#breadcrumb","itemListElement":[{"@type":"ListItem","position":1,"name":"Home","item":"https:\/\/pro-pages.secretcityrecords.com\/fr\/"},{"@type":"ListItem","position":2,"name":"Boutique","item":"https:\/\/pro-pages.secretcityrecords.com\/fr\/boutique\/"},{"@type":"ListItem","position":3,"name":"Just Another Ordinary Day"}]},{"@type":"WebSite","@id":"https:\/\/pro-pages.secretcityrecords.com\/fr\/#website","url":"https:\/\/pro-pages.secretcityrecords.com\/fr\/","name":"Secret City Records","description":"En musique depuis 2006","potentialAction":[{"@type":"SearchAction","target":{"@type":"EntryPoint","urlTemplate":"https:\/\/pro-pages.secretcityrecords.com\/fr\/?s={search_term_string}"},"query-input":{"@type":"PropertyValueSpecification","valueRequired":true,"valueName":"search_term_string"}}],"inLanguage":"fr-FR"}]}},"_links":{"self":[{"href":"https:\/\/pro-pages.secretcityrecords.com\/fr\/wp-json\/wp\/v2\/product\/3797","targetHints":{"allow":["GET"]}}],"collection":[{"href":"https:\/\/pro-pages.secretcityrecords.com\/fr\/wp-json\/wp\/v2\/product"}],"about":[{"href":"https:\/\/pro-pages.secretcityrecords.com\/fr\/wp-json\/wp\/v2\/types\/product"}],"wp:featuredmedia":[{"embeddable":true,"href":"https:\/\/pro-pages.secretcityrecords.com\/fr\/wp-json\/wp\/v2\/media\/2890"}],"wp:attachment":[{"href":"https:\/\/pro-pages.secretcityrecords.com\/fr\/wp-json\/wp\/v2\/media?parent=3797"}],"wp:term":[{"taxonomy":"product_brand","embeddable":true,"href":"https:\/\/pro-pages.secretcityrecords.com\/fr\/wp-json\/wp\/v2\/product_brand?post=3797"},{"taxonomy":"product_cat","embeddable":true,"href":"https:\/\/pro-pages.secretcityrecords.com\/fr\/wp-json\/wp\/v2\/product_cat?post=3797"},{"taxonomy":"product_tag","embeddable":true,"href":"https:\/\/pro-pages.secretcityrecords.com\/fr\/wp-json\/wp\/v2\/product_tag?post=3797"}],"curies":[{"name":"wp","href":"https:\/\/api.w.org\/{rel}","templated":true}]}}