{"id":3806,"date":"2016-08-17T01:37:15","date_gmt":"2016-08-17T05:37:15","guid":{"rendered":"https:\/\/pro-pages.secretcityrecords.com\/shop\/five-roses-2\/"},"modified":"2018-05-02T08:42:15","modified_gmt":"2018-05-02T12:42:15","slug":"five-roses-fr","status":"publish","type":"product","link":"https:\/\/pro-pages.secretcityrecords.com\/fr\/produit\/five-roses-fr\/","title":{"rendered":"Five Roses"},"content":{"rendered":"<p>Un des aspects les plus magiques de l&rsquo;enfance c&rsquo;est cette impression que nous avons que m\u00eame les plus petits plaisirs du quotidien sont sans fin. Bien entendu, ils ne sont pas tous \u00e0 notre port\u00e9e, mais ils sont n\u00e9anmoins omnipr\u00e9sents, tout comme la promesse qu&rsquo;on nous fait que bient\u00f4t nous serons grands et qu&rsquo;alors ils seront \u00e0 notre port\u00e9e. En ce sens, le premier album de Miracle Fortress s&rsquo;apparente tout \u00e0 fait \u00e0 une visite dans une confiserie pour un enfant de 6 ans, avec ses innombrables couleurs, toutes plus d\u00e9licieuses que la pr\u00e9c\u00e9dente, tant\u00f4t famili\u00e8res, tant\u00f4t totalement nouvelles, mais toutes aussi satisfaisantes les unes que les autres.<\/p>\n<p>FIVE ROSES est une ode \u00e0 ce no man&rsquo;s land onirique qu&rsquo;est l&rsquo;enfance rendue gr\u00e2ce \u00e0 des pi\u00e8ces shoegaze enveloppantes, des instrumentales a\u00e9riennes et des bijoux dans la plus pure tradition pop. L&rsquo;album est le fruit d&rsquo;un seul homme, Graham Van Pelt, qui l&rsquo;a enti\u00e8rement compos\u00e9, jou\u00e9, enregistr\u00e9 et mix\u00e9 \u00e0 Friendship Cove (en soi un monument \u00e0 l&rsquo;innocence de l&rsquo;enfance). M\u00eame la pochette du disque a \u00e9t\u00e9 inspir\u00e9e par les draps qui recouvraient son lit au domicile familial lorsqu&rsquo;il \u00e9tait un jeune gar\u00e7on. Le titre de l&rsquo;album est \u00e9videmment inspir\u00e9 de l&rsquo;ic\u00f4ne du paysage montr\u00e9alais qu&rsquo;est l&rsquo;usine de farine Five Roses et son enseigne au n\u00e9on surplombant Friendship Cove et Griffintown. <\/p>\n<p>Bien que triomphal en apparence, Five Roses n&rsquo;est certes pas un album na\u00eff, ni m\u00eame l\u00e9ger. On conna\u00eet Van Pelt en tant qu&rsquo;exub\u00e9rant clavi\u00e9riste du groupe Think About Life et m\u00eame comme remixeur Hip Hop, mais Five Roses nous fait d\u00e9couvrir un auteur-compositeur et r\u00e9alisateur \u00e9clectique et prometteur qui parvient \u00e0 \u00e9voquer les joies de l&rsquo;enfance tout en rappelant des artistes influents comme Brian Wilson, Paul McCartney et Brian Eno. Et bien que ce puisse \u00eatre le c\u00f4t\u00e9 nostalgique de Five Roses qui vous s\u00e9duise en premier gr\u00e2ce \u00e0 des pi\u00e8ces pop parfaites telles que This Thing About You and Maybe Lately, l&rsquo;album contient de nombreuses petites perles sonores qui n&rsquo;ont rien \u00e0 envier \u00e0 leurs plus exploratoires contemporaines. Prenez l&rsquo;exemple de Blasphemy: cette pi\u00e8ce d\u00e9marre de fa\u00e7on tout \u00e0 fait innocente, puis, \u00e0 mi-chemin, se m\u00e9tamorphose en une magistrale oeuvre postrock \u00e0 base de synth\u00e9s qui n&rsquo;est pas sans rappeler ses compatriotes Caribou ou Bell Orchestre, tandis qu&rsquo;\u00e0 l&rsquo;inverse, Beach Baby et Hold Your Secrets to Your Heart font fi des structures conventionnelles et leurs arrangements d&rsquo;une l\u00e9g\u00e8ret\u00e9 trompeuse pourraient tout aussi bien avoir \u00e9t\u00e9 tir\u00e9s du Sung Tongs d&rsquo;Animal Collective. Et m\u00eame si l&rsquo;album est un floril\u00e8ge de magnifiques harmonies vocales, c&rsquo;est une pi\u00e8ce instrumentale, la pi\u00e8ce titre de l&rsquo;album, en fait, qui en est sans doute le moment le plus fort musicalement et \u00e9motivement.<\/p>\n<p>L&rsquo;autre c\u00f4t\u00e9 marquant de l&rsquo;enfance est que celle-ci prend fin. Lorsqu&rsquo;on demande \u00e0 Van Pelt si Miracle Fortress n&rsquo;est qu&rsquo;un projet indie-pop quasi accidentel, voici sa r\u00e9ponse: \u00abMiracle Fortress existe dans le vide absolu, \u00e0 l&rsquo;abri de tout. C&rsquo;est un endroit o\u00f9 je me permets tout&#8230; Je change constamment de style musical; c&rsquo;est presque un mode de vie, alors il y a de fortes chances pour que le prochain album soit radicalement diff\u00e9rent.\u00bb<\/p>\n<p>Du bonbon!<\/p>\n","protected":false},"excerpt":{"rendered":"<p>Le premier album solo de l&rsquo;alchimiste des sons, le Montr\u00e9alais Graham Van Pelt. \u00abMagnifique du d\u00e9but \u00e0 la fin.\u00bb [*****] &#8211; UK Guardian<\/p>\n","protected":false},"featured_media":4042,"template":"","meta":[],"product_brand":[],"product_cat":[102,97,100,94],"product_tag":[],"class_list":{"0":"post-3806","1":"product","2":"type-product","3":"status-publish","4":"has-post-thumbnail","6":"product_cat-cd-fr","7":"product_cat-digital-fr","8":"product_cat-lp-fr","9":"product_cat-vinyle","11":"first","12":"instock","13":"taxable","14":"shipping-taxable","15":"purchasable","16":"product-type-variable"},"acf":[],"yoast_head":"<!-- This site is optimized with the Yoast SEO plugin v27.5 - https:\/\/yoast.com\/product\/yoast-seo-wordpress\/ -->\n<title>Five Roses - Secret City Records<\/title>\n<meta name=\"robots\" content=\"noindex, follow, max-snippet:-1, max-image-preview:large, max-video-preview:-1\" \/>\n<meta property=\"og:locale\" content=\"fr_FR\" \/>\n<meta property=\"og:type\" content=\"article\" \/>\n<meta property=\"og:title\" content=\"Five Roses - Secret City Records\" \/>\n<meta property=\"og:description\" content=\"Le premier album solo de l&#039;alchimiste des sons, le Montr\u00e9alais Graham Van Pelt. \u00abMagnifique du d\u00e9but \u00e0 la fin.\u00bb [*****] - UK Guardian\" \/>\n<meta property=\"og:url\" content=\"https:\/\/pro-pages.secretcityrecords.com\/fr\/produit\/five-roses-fr\/\" \/>\n<meta property=\"og:site_name\" content=\"Secret City Records\" \/>\n<meta property=\"article:modified_time\" content=\"2018-05-02T12:42:15+00:00\" \/>\n<meta property=\"og:image\" content=\"https:\/\/www.secretcityrecords.com\/wp-content\/uploads\/2016\/08\/Miracle-Fortress_Five-Roses_Album-Cover_hires-scaled.jpg\" \/>\n\t<meta property=\"og:image:width\" content=\"2560\" \/>\n\t<meta property=\"og:image:height\" content=\"2560\" \/>\n\t<meta property=\"og:image:type\" content=\"image\/jpeg\" \/>\n<meta name=\"twitter:card\" content=\"summary_large_image\" \/>\n<meta name=\"twitter:label1\" content=\"Dur\u00e9e de lecture estim\u00e9e\" \/>\n\t<meta name=\"twitter:data1\" content=\"3 minutes\" \/>\n<script type=\"application\/ld+json\" class=\"yoast-schema-graph\">{\"@context\":\"https:\\\/\\\/schema.org\",\"@graph\":[{\"@type\":\"WebPage\",\"@id\":\"https:\\\/\\\/pro-pages.secretcityrecords.com\\\/fr\\\/produit\\\/five-roses-fr\\\/\",\"url\":\"https:\\\/\\\/pro-pages.secretcityrecords.com\\\/fr\\\/produit\\\/five-roses-fr\\\/\",\"name\":\"Five Roses - Secret City Records\",\"isPartOf\":{\"@id\":\"https:\\\/\\\/pro-pages.secretcityrecords.com\\\/fr\\\/#website\"},\"primaryImageOfPage\":{\"@id\":\"https:\\\/\\\/pro-pages.secretcityrecords.com\\\/fr\\\/produit\\\/five-roses-fr\\\/#primaryimage\"},\"image\":{\"@id\":\"https:\\\/\\\/pro-pages.secretcityrecords.com\\\/fr\\\/produit\\\/five-roses-fr\\\/#primaryimage\"},\"thumbnailUrl\":\"https:\\\/\\\/pro-pages.secretcityrecords.com\\\/wp-content\\\/uploads\\\/2016\\\/08\\\/Miracle-Fortress_Five-Roses_Album-Cover_hires-scaled.jpg\",\"datePublished\":\"2016-08-17T05:37:15+00:00\",\"dateModified\":\"2018-05-02T12:42:15+00:00\",\"breadcrumb\":{\"@id\":\"https:\\\/\\\/pro-pages.secretcityrecords.com\\\/fr\\\/produit\\\/five-roses-fr\\\/#breadcrumb\"},\"inLanguage\":\"fr-FR\",\"potentialAction\":[{\"@type\":\"ReadAction\",\"target\":[\"https:\\\/\\\/pro-pages.secretcityrecords.com\\\/fr\\\/produit\\\/five-roses-fr\\\/\"]}]},{\"@type\":\"ImageObject\",\"inLanguage\":\"fr-FR\",\"@id\":\"https:\\\/\\\/pro-pages.secretcityrecords.com\\\/fr\\\/produit\\\/five-roses-fr\\\/#primaryimage\",\"url\":\"https:\\\/\\\/pro-pages.secretcityrecords.com\\\/wp-content\\\/uploads\\\/2016\\\/08\\\/Miracle-Fortress_Five-Roses_Album-Cover_hires-scaled.jpg\",\"contentUrl\":\"https:\\\/\\\/pro-pages.secretcityrecords.com\\\/wp-content\\\/uploads\\\/2016\\\/08\\\/Miracle-Fortress_Five-Roses_Album-Cover_hires-scaled.jpg\",\"width\":2560,\"height\":2560},{\"@type\":\"BreadcrumbList\",\"@id\":\"https:\\\/\\\/pro-pages.secretcityrecords.com\\\/fr\\\/produit\\\/five-roses-fr\\\/#breadcrumb\",\"itemListElement\":[{\"@type\":\"ListItem\",\"position\":1,\"name\":\"Home\",\"item\":\"https:\\\/\\\/pro-pages.secretcityrecords.com\\\/fr\\\/\"},{\"@type\":\"ListItem\",\"position\":2,\"name\":\"Boutique\",\"item\":\"https:\\\/\\\/pro-pages.secretcityrecords.com\\\/fr\\\/boutique\\\/\"},{\"@type\":\"ListItem\",\"position\":3,\"name\":\"Five Roses\"}]},{\"@type\":\"WebSite\",\"@id\":\"https:\\\/\\\/pro-pages.secretcityrecords.com\\\/fr\\\/#website\",\"url\":\"https:\\\/\\\/pro-pages.secretcityrecords.com\\\/fr\\\/\",\"name\":\"Secret City Records\",\"description\":\"En musique depuis 2006\",\"potentialAction\":[{\"@type\":\"SearchAction\",\"target\":{\"@type\":\"EntryPoint\",\"urlTemplate\":\"https:\\\/\\\/pro-pages.secretcityrecords.com\\\/fr\\\/?s={search_term_string}\"},\"query-input\":{\"@type\":\"PropertyValueSpecification\",\"valueRequired\":true,\"valueName\":\"search_term_string\"}}],\"inLanguage\":\"fr-FR\"}]}<\/script>\n<!-- \/ Yoast SEO plugin. -->","yoast_head_json":{"title":"Five Roses - Secret City Records","robots":{"index":"noindex","follow":"follow","max-snippet":"max-snippet:-1","max-image-preview":"max-image-preview:large","max-video-preview":"max-video-preview:-1"},"og_locale":"fr_FR","og_type":"article","og_title":"Five Roses - Secret City Records","og_description":"Le premier album solo de l'alchimiste des sons, le Montr\u00e9alais Graham Van Pelt. \u00abMagnifique du d\u00e9but \u00e0 la fin.\u00bb [*****] - UK Guardian","og_url":"https:\/\/pro-pages.secretcityrecords.com\/fr\/produit\/five-roses-fr\/","og_site_name":"Secret City Records","article_modified_time":"2018-05-02T12:42:15+00:00","og_image":[{"width":2560,"height":2560,"url":"https:\/\/www.secretcityrecords.com\/wp-content\/uploads\/2016\/08\/Miracle-Fortress_Five-Roses_Album-Cover_hires-scaled.jpg","type":"image\/jpeg"}],"twitter_card":"summary_large_image","twitter_misc":{"Dur\u00e9e de lecture estim\u00e9e":"3 minutes"},"schema":{"@context":"https:\/\/schema.org","@graph":[{"@type":"WebPage","@id":"https:\/\/pro-pages.secretcityrecords.com\/fr\/produit\/five-roses-fr\/","url":"https:\/\/pro-pages.secretcityrecords.com\/fr\/produit\/five-roses-fr\/","name":"Five Roses - Secret City Records","isPartOf":{"@id":"https:\/\/pro-pages.secretcityrecords.com\/fr\/#website"},"primaryImageOfPage":{"@id":"https:\/\/pro-pages.secretcityrecords.com\/fr\/produit\/five-roses-fr\/#primaryimage"},"image":{"@id":"https:\/\/pro-pages.secretcityrecords.com\/fr\/produit\/five-roses-fr\/#primaryimage"},"thumbnailUrl":"https:\/\/pro-pages.secretcityrecords.com\/wp-content\/uploads\/2016\/08\/Miracle-Fortress_Five-Roses_Album-Cover_hires-scaled.jpg","datePublished":"2016-08-17T05:37:15+00:00","dateModified":"2018-05-02T12:42:15+00:00","breadcrumb":{"@id":"https:\/\/pro-pages.secretcityrecords.com\/fr\/produit\/five-roses-fr\/#breadcrumb"},"inLanguage":"fr-FR","potentialAction":[{"@type":"ReadAction","target":["https:\/\/pro-pages.secretcityrecords.com\/fr\/produit\/five-roses-fr\/"]}]},{"@type":"ImageObject","inLanguage":"fr-FR","@id":"https:\/\/pro-pages.secretcityrecords.com\/fr\/produit\/five-roses-fr\/#primaryimage","url":"https:\/\/pro-pages.secretcityrecords.com\/wp-content\/uploads\/2016\/08\/Miracle-Fortress_Five-Roses_Album-Cover_hires-scaled.jpg","contentUrl":"https:\/\/pro-pages.secretcityrecords.com\/wp-content\/uploads\/2016\/08\/Miracle-Fortress_Five-Roses_Album-Cover_hires-scaled.jpg","width":2560,"height":2560},{"@type":"BreadcrumbList","@id":"https:\/\/pro-pages.secretcityrecords.com\/fr\/produit\/five-roses-fr\/#breadcrumb","itemListElement":[{"@type":"ListItem","position":1,"name":"Home","item":"https:\/\/pro-pages.secretcityrecords.com\/fr\/"},{"@type":"ListItem","position":2,"name":"Boutique","item":"https:\/\/pro-pages.secretcityrecords.com\/fr\/boutique\/"},{"@type":"ListItem","position":3,"name":"Five Roses"}]},{"@type":"WebSite","@id":"https:\/\/pro-pages.secretcityrecords.com\/fr\/#website","url":"https:\/\/pro-pages.secretcityrecords.com\/fr\/","name":"Secret City Records","description":"En musique depuis 2006","potentialAction":[{"@type":"SearchAction","target":{"@type":"EntryPoint","urlTemplate":"https:\/\/pro-pages.secretcityrecords.com\/fr\/?s={search_term_string}"},"query-input":{"@type":"PropertyValueSpecification","valueRequired":true,"valueName":"search_term_string"}}],"inLanguage":"fr-FR"}]}},"_links":{"self":[{"href":"https:\/\/pro-pages.secretcityrecords.com\/fr\/wp-json\/wp\/v2\/product\/3806","targetHints":{"allow":["GET"]}}],"collection":[{"href":"https:\/\/pro-pages.secretcityrecords.com\/fr\/wp-json\/wp\/v2\/product"}],"about":[{"href":"https:\/\/pro-pages.secretcityrecords.com\/fr\/wp-json\/wp\/v2\/types\/product"}],"wp:featuredmedia":[{"embeddable":true,"href":"https:\/\/pro-pages.secretcityrecords.com\/fr\/wp-json\/wp\/v2\/media\/4042"}],"wp:attachment":[{"href":"https:\/\/pro-pages.secretcityrecords.com\/fr\/wp-json\/wp\/v2\/media?parent=3806"}],"wp:term":[{"taxonomy":"product_brand","embeddable":true,"href":"https:\/\/pro-pages.secretcityrecords.com\/fr\/wp-json\/wp\/v2\/product_brand?post=3806"},{"taxonomy":"product_cat","embeddable":true,"href":"https:\/\/pro-pages.secretcityrecords.com\/fr\/wp-json\/wp\/v2\/product_cat?post=3806"},{"taxonomy":"product_tag","embeddable":true,"href":"https:\/\/pro-pages.secretcityrecords.com\/fr\/wp-json\/wp\/v2\/product_tag?post=3806"}],"curies":[{"name":"wp","href":"https:\/\/api.w.org\/{rel}","templated":true}]}}