{"id":39735,"date":"2023-07-14T13:19:41","date_gmt":"2023-07-14T17:19:41","guid":{"rendered":"https:\/\/pro-pages.secretcityrecords.com\/?post_type=product&#038;p=39735"},"modified":"2023-07-28T09:09:29","modified_gmt":"2023-07-28T13:09:29","slug":"settle-fly","status":"publish","type":"product","link":"https:\/\/pro-pages.secretcityrecords.com\/fr\/produit\/settle-fly\/","title":{"rendered":"Settle &#038; Fly"},"content":{"rendered":"<p>Pr\u00e8s d\u2019un mois apr\u00e8s avoir enflamm\u00e9 la sc\u00e8ne au<strong>\u00a0Festival International de Jazz de Montr\u00e9al<\/strong>\u00a0o\u00f9 il d\u00e9voilait de la nouvelle musique,\u00a0<strong>Jesse Mac Cormack<\/strong>\u00a0est de retour avec sa nouvelle chanson \u00ab\u00a0<strong>Settle &amp; Fly<\/strong>\u00a0\u00bb, une collaboration avec sa meilleure amie\u00a0<strong>Gabrielle Shonk<\/strong>, ainsi qu\u2019une chanson compl\u00e9mentaire \u00e0 l\u2019extrait, \u00ab\u00a0<strong>O(O)O\u00a0<\/strong>\u00bb. Leur nouvelle chanson a suscit\u00e9 un fort enthousiasme de la part de ses fans en concert.<\/p>\n<p><em>\u00ab La cr\u00e9ation d&rsquo;une chanson avec ma meilleure amie a \u00e9t\u00e9 un voyage captivant guid\u00e9 par l&rsquo;instinct. Nous avons fait confiance \u00e0 notre intuition musicale, laissant les m\u00e9lodies et les paroles couler naturellement. Notre collaboration cr\u00e9ative a \u00e9t\u00e9 aliment\u00e9e par une entente tacite, ce qui a abouti \u00e0 une chanson qui capture parfaitement l&rsquo;essence du moment.\u202f\u00bb<\/em>, affirme<strong>\u00a0Jesse Mac Cormack.\u00a0<\/strong><\/p>\n","protected":false},"excerpt":{"rendered":"<p>Pr\u00e8s d\u2019un mois apr\u00e8s avoir enflamm\u00e9 la sc\u00e8ne au\u00a0Festival International de Jazz de Montr\u00e9al\u00a0o\u00f9 il d\u00e9voilait de la nouvelle musique,\u00a0Jesse Mac Cormack\u00a0est de retour avec sa nouvelle chanson \u00ab\u00a0Settle &amp; Fly\u00a0\u00bb, une collaboration avec sa meilleure amie\u00a0Gabrielle Shonk, ainsi qu\u2019une chanson compl\u00e9mentaire \u00e0 l\u2019extrait, \u00ab\u00a0O(O)O\u00a0\u00bb. Leur nouvelle chanson a suscit\u00e9 un fort enthousiasme de la [&hellip;]<\/p>\n","protected":false},"featured_media":39472,"template":"","meta":[],"product_brand":[],"product_cat":[97],"product_tag":[],"class_list":{"0":"post-39735","1":"product","2":"type-product","3":"status-publish","4":"has-post-thumbnail","6":"product_cat-digital-fr","8":"first","9":"instock","10":"taxable","11":"shipping-taxable","12":"product-type-simple"},"acf":[],"yoast_head":"<!-- This site is optimized with the Yoast SEO plugin v27.5 - https:\/\/yoast.com\/product\/yoast-seo-wordpress\/ -->\n<title>Settle &amp; Fly - Secret City Records<\/title>\n<meta name=\"robots\" content=\"noindex, follow, max-snippet:-1, max-image-preview:large, max-video-preview:-1\" \/>\n<meta property=\"og:locale\" content=\"fr_FR\" \/>\n<meta property=\"og:type\" content=\"article\" \/>\n<meta property=\"og:title\" content=\"Settle &amp; Fly - Secret City Records\" \/>\n<meta property=\"og:description\" content=\"Pr\u00e8s d\u2019un mois apr\u00e8s avoir enflamm\u00e9 la sc\u00e8ne au\u00a0Festival International de Jazz de Montr\u00e9al\u00a0o\u00f9 il d\u00e9voilait de la nouvelle musique,\u00a0Jesse Mac Cormack\u00a0est de retour avec sa nouvelle chanson \u00ab\u00a0Settle &amp; Fly\u00a0\u00bb, une collaboration avec sa meilleure amie\u00a0Gabrielle Shonk, ainsi qu\u2019une chanson compl\u00e9mentaire \u00e0 l\u2019extrait, \u00ab\u00a0O(O)O\u00a0\u00bb. Leur nouvelle chanson a suscit\u00e9 un fort enthousiasme de la [&hellip;]\" \/>\n<meta property=\"og:url\" content=\"https:\/\/pro-pages.secretcityrecords.com\/fr\/produit\/settle-fly\/\" \/>\n<meta property=\"og:site_name\" content=\"Secret City Records\" \/>\n<meta property=\"article:modified_time\" content=\"2023-07-28T13:09:29+00:00\" \/>\n<meta property=\"og:image\" content=\"https:\/\/pro-pages.secretcityrecords.com\/wp-content\/uploads\/2023\/07\/Settle-Fly-_-OOO-Single-Cover-Mid-Res-Andre-Rainville-768x768.png\" \/>\n\t<meta property=\"og:image:width\" content=\"768\" \/>\n\t<meta property=\"og:image:height\" content=\"768\" \/>\n\t<meta property=\"og:image:type\" content=\"image\/png\" \/>\n<meta name=\"twitter:card\" content=\"summary_large_image\" \/>\n<meta name=\"twitter:label1\" content=\"Dur\u00e9e de lecture estim\u00e9e\" \/>\n\t<meta name=\"twitter:data1\" content=\"1 minute\" \/>\n<script type=\"application\/ld+json\" class=\"yoast-schema-graph\">{\"@context\":\"https:\\\/\\\/schema.org\",\"@graph\":[{\"@type\":\"WebPage\",\"@id\":\"https:\\\/\\\/pro-pages.secretcityrecords.com\\\/fr\\\/produit\\\/settle-fly\\\/\",\"url\":\"https:\\\/\\\/pro-pages.secretcityrecords.com\\\/fr\\\/produit\\\/settle-fly\\\/\",\"name\":\"Settle & Fly - Secret City Records\",\"isPartOf\":{\"@id\":\"https:\\\/\\\/pro-pages.secretcityrecords.com\\\/fr\\\/#website\"},\"primaryImageOfPage\":{\"@id\":\"https:\\\/\\\/pro-pages.secretcityrecords.com\\\/fr\\\/produit\\\/settle-fly\\\/#primaryimage\"},\"image\":{\"@id\":\"https:\\\/\\\/pro-pages.secretcityrecords.com\\\/fr\\\/produit\\\/settle-fly\\\/#primaryimage\"},\"thumbnailUrl\":\"https:\\\/\\\/pro-pages.secretcityrecords.com\\\/wp-content\\\/uploads\\\/2023\\\/07\\\/Settle-Fly-_-OOO-Single-Cover-Mid-Res-Andre-Rainville.png\",\"datePublished\":\"2023-07-14T17:19:41+00:00\",\"dateModified\":\"2023-07-28T13:09:29+00:00\",\"breadcrumb\":{\"@id\":\"https:\\\/\\\/pro-pages.secretcityrecords.com\\\/fr\\\/produit\\\/settle-fly\\\/#breadcrumb\"},\"inLanguage\":\"fr-FR\",\"potentialAction\":[{\"@type\":\"ReadAction\",\"target\":[\"https:\\\/\\\/pro-pages.secretcityrecords.com\\\/fr\\\/produit\\\/settle-fly\\\/\"]}]},{\"@type\":\"ImageObject\",\"inLanguage\":\"fr-FR\",\"@id\":\"https:\\\/\\\/pro-pages.secretcityrecords.com\\\/fr\\\/produit\\\/settle-fly\\\/#primaryimage\",\"url\":\"https:\\\/\\\/pro-pages.secretcityrecords.com\\\/wp-content\\\/uploads\\\/2023\\\/07\\\/Settle-Fly-_-OOO-Single-Cover-Mid-Res-Andre-Rainville.png\",\"contentUrl\":\"https:\\\/\\\/pro-pages.secretcityrecords.com\\\/wp-content\\\/uploads\\\/2023\\\/07\\\/Settle-Fly-_-OOO-Single-Cover-Mid-Res-Andre-Rainville.png\",\"width\":2000,\"height\":2000},{\"@type\":\"BreadcrumbList\",\"@id\":\"https:\\\/\\\/pro-pages.secretcityrecords.com\\\/fr\\\/produit\\\/settle-fly\\\/#breadcrumb\",\"itemListElement\":[{\"@type\":\"ListItem\",\"position\":1,\"name\":\"Home\",\"item\":\"https:\\\/\\\/pro-pages.secretcityrecords.com\\\/fr\\\/\"},{\"@type\":\"ListItem\",\"position\":2,\"name\":\"Boutique\",\"item\":\"https:\\\/\\\/pro-pages.secretcityrecords.com\\\/fr\\\/boutique\\\/\"},{\"@type\":\"ListItem\",\"position\":3,\"name\":\"Settle &#038; Fly\"}]},{\"@type\":\"WebSite\",\"@id\":\"https:\\\/\\\/pro-pages.secretcityrecords.com\\\/fr\\\/#website\",\"url\":\"https:\\\/\\\/pro-pages.secretcityrecords.com\\\/fr\\\/\",\"name\":\"Secret City Records\",\"description\":\"En musique depuis 2006\",\"potentialAction\":[{\"@type\":\"SearchAction\",\"target\":{\"@type\":\"EntryPoint\",\"urlTemplate\":\"https:\\\/\\\/pro-pages.secretcityrecords.com\\\/fr\\\/?s={search_term_string}\"},\"query-input\":{\"@type\":\"PropertyValueSpecification\",\"valueRequired\":true,\"valueName\":\"search_term_string\"}}],\"inLanguage\":\"fr-FR\"}]}<\/script>\n<!-- \/ Yoast SEO plugin. -->","yoast_head_json":{"title":"Settle & Fly - Secret City Records","robots":{"index":"noindex","follow":"follow","max-snippet":"max-snippet:-1","max-image-preview":"max-image-preview:large","max-video-preview":"max-video-preview:-1"},"og_locale":"fr_FR","og_type":"article","og_title":"Settle & Fly - Secret City Records","og_description":"Pr\u00e8s d\u2019un mois apr\u00e8s avoir enflamm\u00e9 la sc\u00e8ne au\u00a0Festival International de Jazz de Montr\u00e9al\u00a0o\u00f9 il d\u00e9voilait de la nouvelle musique,\u00a0Jesse Mac Cormack\u00a0est de retour avec sa nouvelle chanson \u00ab\u00a0Settle &amp; Fly\u00a0\u00bb, une collaboration avec sa meilleure amie\u00a0Gabrielle Shonk, ainsi qu\u2019une chanson compl\u00e9mentaire \u00e0 l\u2019extrait, \u00ab\u00a0O(O)O\u00a0\u00bb. Leur nouvelle chanson a suscit\u00e9 un fort enthousiasme de la [&hellip;]","og_url":"https:\/\/pro-pages.secretcityrecords.com\/fr\/produit\/settle-fly\/","og_site_name":"Secret City Records","article_modified_time":"2023-07-28T13:09:29+00:00","og_image":[{"width":768,"height":768,"url":"https:\/\/pro-pages.secretcityrecords.com\/wp-content\/uploads\/2023\/07\/Settle-Fly-_-OOO-Single-Cover-Mid-Res-Andre-Rainville-768x768.png","type":"image\/png"}],"twitter_card":"summary_large_image","twitter_misc":{"Dur\u00e9e de lecture estim\u00e9e":"1 minute"},"schema":{"@context":"https:\/\/schema.org","@graph":[{"@type":"WebPage","@id":"https:\/\/pro-pages.secretcityrecords.com\/fr\/produit\/settle-fly\/","url":"https:\/\/pro-pages.secretcityrecords.com\/fr\/produit\/settle-fly\/","name":"Settle & Fly - Secret City Records","isPartOf":{"@id":"https:\/\/pro-pages.secretcityrecords.com\/fr\/#website"},"primaryImageOfPage":{"@id":"https:\/\/pro-pages.secretcityrecords.com\/fr\/produit\/settle-fly\/#primaryimage"},"image":{"@id":"https:\/\/pro-pages.secretcityrecords.com\/fr\/produit\/settle-fly\/#primaryimage"},"thumbnailUrl":"https:\/\/pro-pages.secretcityrecords.com\/wp-content\/uploads\/2023\/07\/Settle-Fly-_-OOO-Single-Cover-Mid-Res-Andre-Rainville.png","datePublished":"2023-07-14T17:19:41+00:00","dateModified":"2023-07-28T13:09:29+00:00","breadcrumb":{"@id":"https:\/\/pro-pages.secretcityrecords.com\/fr\/produit\/settle-fly\/#breadcrumb"},"inLanguage":"fr-FR","potentialAction":[{"@type":"ReadAction","target":["https:\/\/pro-pages.secretcityrecords.com\/fr\/produit\/settle-fly\/"]}]},{"@type":"ImageObject","inLanguage":"fr-FR","@id":"https:\/\/pro-pages.secretcityrecords.com\/fr\/produit\/settle-fly\/#primaryimage","url":"https:\/\/pro-pages.secretcityrecords.com\/wp-content\/uploads\/2023\/07\/Settle-Fly-_-OOO-Single-Cover-Mid-Res-Andre-Rainville.png","contentUrl":"https:\/\/pro-pages.secretcityrecords.com\/wp-content\/uploads\/2023\/07\/Settle-Fly-_-OOO-Single-Cover-Mid-Res-Andre-Rainville.png","width":2000,"height":2000},{"@type":"BreadcrumbList","@id":"https:\/\/pro-pages.secretcityrecords.com\/fr\/produit\/settle-fly\/#breadcrumb","itemListElement":[{"@type":"ListItem","position":1,"name":"Home","item":"https:\/\/pro-pages.secretcityrecords.com\/fr\/"},{"@type":"ListItem","position":2,"name":"Boutique","item":"https:\/\/pro-pages.secretcityrecords.com\/fr\/boutique\/"},{"@type":"ListItem","position":3,"name":"Settle &#038; Fly"}]},{"@type":"WebSite","@id":"https:\/\/pro-pages.secretcityrecords.com\/fr\/#website","url":"https:\/\/pro-pages.secretcityrecords.com\/fr\/","name":"Secret City Records","description":"En musique depuis 2006","potentialAction":[{"@type":"SearchAction","target":{"@type":"EntryPoint","urlTemplate":"https:\/\/pro-pages.secretcityrecords.com\/fr\/?s={search_term_string}"},"query-input":{"@type":"PropertyValueSpecification","valueRequired":true,"valueName":"search_term_string"}}],"inLanguage":"fr-FR"}]}},"_links":{"self":[{"href":"https:\/\/pro-pages.secretcityrecords.com\/fr\/wp-json\/wp\/v2\/product\/39735","targetHints":{"allow":["GET"]}}],"collection":[{"href":"https:\/\/pro-pages.secretcityrecords.com\/fr\/wp-json\/wp\/v2\/product"}],"about":[{"href":"https:\/\/pro-pages.secretcityrecords.com\/fr\/wp-json\/wp\/v2\/types\/product"}],"wp:featuredmedia":[{"embeddable":true,"href":"https:\/\/pro-pages.secretcityrecords.com\/fr\/wp-json\/wp\/v2\/media\/39472"}],"wp:attachment":[{"href":"https:\/\/pro-pages.secretcityrecords.com\/fr\/wp-json\/wp\/v2\/media?parent=39735"}],"wp:term":[{"taxonomy":"product_brand","embeddable":true,"href":"https:\/\/pro-pages.secretcityrecords.com\/fr\/wp-json\/wp\/v2\/product_brand?post=39735"},{"taxonomy":"product_cat","embeddable":true,"href":"https:\/\/pro-pages.secretcityrecords.com\/fr\/wp-json\/wp\/v2\/product_cat?post=39735"},{"taxonomy":"product_tag","embeddable":true,"href":"https:\/\/pro-pages.secretcityrecords.com\/fr\/wp-json\/wp\/v2\/product_tag?post=39735"}],"curies":[{"name":"wp","href":"https:\/\/api.w.org\/{rel}","templated":true}]}}