{"id":40506,"date":"2023-08-15T23:35:59","date_gmt":"2023-08-16T03:35:59","guid":{"rendered":"https:\/\/pro-pages.secretcityrecords.com\/?post_type=product&#038;p=40506"},"modified":"2023-08-16T09:54:36","modified_gmt":"2023-08-16T13:54:36","slug":"search-history","status":"publish","type":"product","link":"https:\/\/pro-pages.secretcityrecords.com\/fr\/produit\/search-history\/","title":{"rendered":"Search History"},"content":{"rendered":"<p><b><span data-contrast=\"none\">Emilie Kahn<\/span><\/b><span data-contrast=\"none\"> partage une toute nouvelle chanson et une nouvelle vid\u00e9o intitul\u00e9es \u00ab <\/span><b><span data-contrast=\"none\">Search History <\/span><\/b><span data-contrast=\"none\">\u00bb. Il s&rsquo;agit de la premi\u00e8re nouvelle chanson d&rsquo;Emilie depuis la sortie de \u00ab <\/span><b><span data-contrast=\"none\">Gemini <\/span><\/b><span data-contrast=\"none\">\u00bb. Les fans sur les r\u00e9seaux sociaux seront ravis d&rsquo;entendre enfin cet enregistrement dans son int\u00e9gralit\u00e9, puisque l&rsquo;audio a \u00e9t\u00e9 teas\u00e9 sur les plateformes au d\u00e9but de l&rsquo;\u00e9t\u00e9. Un nombre impressionnant de 4,5 millions de vues sur les cr\u00e9ations de l&rsquo;extrait \u00ab <\/span><b><span data-contrast=\"none\">Search History<\/span><\/b><span data-contrast=\"none\"> \u00bb a \u00e9t\u00e9 comptabilis\u00e9 sur TikTok et continue de grimper. Restez \u00e0 l&rsquo;affut mardi prochain &#8211; Emilie partagera la version officielle acc\u00e9l\u00e9r\u00e9e de ce titre sur toutes les plateformes d\u2019\u00e9coute en continu !\u00a0<\/span><span data-ccp-props=\"{&quot;134233117&quot;:true,&quot;134233118&quot;:true,&quot;201341983&quot;:0,&quot;335551550&quot;:6,&quot;335551620&quot;:6,&quot;335559740&quot;:240}\">\u00a0<\/span><\/p>\n<p><span data-contrast=\"none\">Coproduite par Emilie elle-m\u00eame et Jean-Philippe Levac (Pandal\u00e9on, Rosie Valland), elle partage l&rsquo;inspiration derri\u00e8re la chanson : \u00ab<\/span><i><span data-contrast=\"none\"> J&rsquo;ai \u00e9crit cette chanson lorsque j&rsquo;\u00e9tais obs\u00e9d\u00e9e par un b\u00e9guin en ligne. Je reconnais \u00e0 quel point c&rsquo;est malsain et \u00e0 quel point ce serait embarrassant si la personne en question savait que j&rsquo;agis de la sorte, tout en \u00e9tant incapable d&rsquo;arr\u00eater la compulsion et en aimant le sentiment de nostalgie que j\u2019\u00e9prouve \u00e0 son \u00e9gard. C&rsquo;est l&rsquo;une des premi\u00e8res chansons sur lesquelles nous avons travaill\u00e9 ensemble et certainement l&rsquo;une des plus amusantes \u00e0 r\u00e9aliser. JP a cr\u00e9\u00e9 un rythme tr\u00e8s amusant et j&rsquo;ai fait beaucoup de couches de harpe, de synth\u00e9tiseurs et j&rsquo;ai m\u00eame jou\u00e9 de la basse.<\/span><\/i><span data-contrast=\"none\"> \u00bb<\/span><span data-ccp-props=\"{&quot;134233117&quot;:true,&quot;134233118&quot;:true,&quot;201341983&quot;:0,&quot;335551550&quot;:6,&quot;335551620&quot;:6,&quot;335559740&quot;:240}\">\u00a0<\/span><\/p>\n","protected":false},"excerpt":{"rendered":"<p>Emilie Kahn partage une toute nouvelle chanson et une nouvelle vid\u00e9o intitul\u00e9es \u00ab Search History \u00bb. Il s&rsquo;agit de la premi\u00e8re nouvelle chanson d&rsquo;Emilie depuis la sortie de \u00ab Gemini \u00bb. Les fans sur les r\u00e9seaux sociaux seront ravis d&rsquo;entendre enfin cet enregistrement dans son int\u00e9gralit\u00e9, puisque l&rsquo;audio a \u00e9t\u00e9 teas\u00e9 sur les plateformes au [&hellip;]<\/p>\n","protected":false},"featured_media":40505,"template":"","meta":[],"product_brand":[],"product_cat":[97,144],"product_tag":[],"class_list":{"0":"post-40506","1":"product","2":"type-product","3":"status-publish","4":"has-post-thumbnail","6":"product_cat-digital-fr","7":"product_cat-non-classifiee","9":"first","10":"instock","11":"taxable","12":"shipping-taxable","13":"purchasable","14":"product-type-simple"},"acf":[],"yoast_head":"<!-- This site is optimized with the Yoast SEO plugin v27.5 - https:\/\/yoast.com\/product\/yoast-seo-wordpress\/ -->\n<title>Search History - Secret City Records<\/title>\n<meta name=\"robots\" content=\"noindex, follow, max-snippet:-1, max-image-preview:large, max-video-preview:-1\" \/>\n<meta property=\"og:locale\" content=\"fr_FR\" \/>\n<meta property=\"og:type\" content=\"article\" \/>\n<meta property=\"og:title\" content=\"Search History - Secret City Records\" \/>\n<meta property=\"og:description\" content=\"Emilie Kahn partage une toute nouvelle chanson et une nouvelle vid\u00e9o intitul\u00e9es \u00ab Search History \u00bb. Il s&rsquo;agit de la premi\u00e8re nouvelle chanson d&rsquo;Emilie depuis la sortie de \u00ab Gemini \u00bb. Les fans sur les r\u00e9seaux sociaux seront ravis d&rsquo;entendre enfin cet enregistrement dans son int\u00e9gralit\u00e9, puisque l&rsquo;audio a \u00e9t\u00e9 teas\u00e9 sur les plateformes au [&hellip;]\" \/>\n<meta property=\"og:url\" content=\"https:\/\/pro-pages.secretcityrecords.com\/fr\/produit\/search-history\/\" \/>\n<meta property=\"og:site_name\" content=\"Secret City Records\" \/>\n<meta property=\"article:modified_time\" content=\"2023-08-16T13:54:36+00:00\" \/>\n<meta property=\"og:image\" content=\"https:\/\/pro-pages.secretcityrecords.com\/wp-content\/uploads\/2023\/08\/SCR148-Emilie-Kahn-Search-History-Single-Cover-Mid-Res.jpg\" \/>\n\t<meta property=\"og:image:width\" content=\"1541\" \/>\n\t<meta property=\"og:image:height\" content=\"1541\" \/>\n\t<meta property=\"og:image:type\" content=\"image\/jpeg\" \/>\n<meta name=\"twitter:card\" content=\"summary_large_image\" \/>\n<meta name=\"twitter:label1\" content=\"Dur\u00e9e de lecture estim\u00e9e\" \/>\n\t<meta name=\"twitter:data1\" content=\"1 minute\" \/>\n<script type=\"application\/ld+json\" class=\"yoast-schema-graph\">{\"@context\":\"https:\\\/\\\/schema.org\",\"@graph\":[{\"@type\":\"WebPage\",\"@id\":\"https:\\\/\\\/pro-pages.secretcityrecords.com\\\/fr\\\/produit\\\/search-history\\\/\",\"url\":\"https:\\\/\\\/pro-pages.secretcityrecords.com\\\/fr\\\/produit\\\/search-history\\\/\",\"name\":\"Search History - Secret City Records\",\"isPartOf\":{\"@id\":\"https:\\\/\\\/pro-pages.secretcityrecords.com\\\/fr\\\/#website\"},\"primaryImageOfPage\":{\"@id\":\"https:\\\/\\\/pro-pages.secretcityrecords.com\\\/fr\\\/produit\\\/search-history\\\/#primaryimage\"},\"image\":{\"@id\":\"https:\\\/\\\/pro-pages.secretcityrecords.com\\\/fr\\\/produit\\\/search-history\\\/#primaryimage\"},\"thumbnailUrl\":\"https:\\\/\\\/pro-pages.secretcityrecords.com\\\/wp-content\\\/uploads\\\/2023\\\/08\\\/SCR148-Emilie-Kahn-Search-History-Single-Cover-Mid-Res.jpg\",\"datePublished\":\"2023-08-16T03:35:59+00:00\",\"dateModified\":\"2023-08-16T13:54:36+00:00\",\"breadcrumb\":{\"@id\":\"https:\\\/\\\/pro-pages.secretcityrecords.com\\\/fr\\\/produit\\\/search-history\\\/#breadcrumb\"},\"inLanguage\":\"fr-FR\",\"potentialAction\":[{\"@type\":\"ReadAction\",\"target\":[\"https:\\\/\\\/pro-pages.secretcityrecords.com\\\/fr\\\/produit\\\/search-history\\\/\"]}]},{\"@type\":\"ImageObject\",\"inLanguage\":\"fr-FR\",\"@id\":\"https:\\\/\\\/pro-pages.secretcityrecords.com\\\/fr\\\/produit\\\/search-history\\\/#primaryimage\",\"url\":\"https:\\\/\\\/pro-pages.secretcityrecords.com\\\/wp-content\\\/uploads\\\/2023\\\/08\\\/SCR148-Emilie-Kahn-Search-History-Single-Cover-Mid-Res.jpg\",\"contentUrl\":\"https:\\\/\\\/pro-pages.secretcityrecords.com\\\/wp-content\\\/uploads\\\/2023\\\/08\\\/SCR148-Emilie-Kahn-Search-History-Single-Cover-Mid-Res.jpg\",\"width\":1541,\"height\":1541},{\"@type\":\"BreadcrumbList\",\"@id\":\"https:\\\/\\\/pro-pages.secretcityrecords.com\\\/fr\\\/produit\\\/search-history\\\/#breadcrumb\",\"itemListElement\":[{\"@type\":\"ListItem\",\"position\":1,\"name\":\"Home\",\"item\":\"https:\\\/\\\/pro-pages.secretcityrecords.com\\\/fr\\\/\"},{\"@type\":\"ListItem\",\"position\":2,\"name\":\"Boutique\",\"item\":\"https:\\\/\\\/pro-pages.secretcityrecords.com\\\/fr\\\/boutique\\\/\"},{\"@type\":\"ListItem\",\"position\":3,\"name\":\"Search History\"}]},{\"@type\":\"WebSite\",\"@id\":\"https:\\\/\\\/pro-pages.secretcityrecords.com\\\/fr\\\/#website\",\"url\":\"https:\\\/\\\/pro-pages.secretcityrecords.com\\\/fr\\\/\",\"name\":\"Secret City Records\",\"description\":\"En musique depuis 2006\",\"potentialAction\":[{\"@type\":\"SearchAction\",\"target\":{\"@type\":\"EntryPoint\",\"urlTemplate\":\"https:\\\/\\\/pro-pages.secretcityrecords.com\\\/fr\\\/?s={search_term_string}\"},\"query-input\":{\"@type\":\"PropertyValueSpecification\",\"valueRequired\":true,\"valueName\":\"search_term_string\"}}],\"inLanguage\":\"fr-FR\"}]}<\/script>\n<!-- \/ Yoast SEO plugin. -->","yoast_head_json":{"title":"Search History - Secret City Records","robots":{"index":"noindex","follow":"follow","max-snippet":"max-snippet:-1","max-image-preview":"max-image-preview:large","max-video-preview":"max-video-preview:-1"},"og_locale":"fr_FR","og_type":"article","og_title":"Search History - Secret City Records","og_description":"Emilie Kahn partage une toute nouvelle chanson et une nouvelle vid\u00e9o intitul\u00e9es \u00ab Search History \u00bb. Il s&rsquo;agit de la premi\u00e8re nouvelle chanson d&rsquo;Emilie depuis la sortie de \u00ab Gemini \u00bb. Les fans sur les r\u00e9seaux sociaux seront ravis d&rsquo;entendre enfin cet enregistrement dans son int\u00e9gralit\u00e9, puisque l&rsquo;audio a \u00e9t\u00e9 teas\u00e9 sur les plateformes au [&hellip;]","og_url":"https:\/\/pro-pages.secretcityrecords.com\/fr\/produit\/search-history\/","og_site_name":"Secret City Records","article_modified_time":"2023-08-16T13:54:36+00:00","og_image":[{"width":1541,"height":1541,"url":"https:\/\/pro-pages.secretcityrecords.com\/wp-content\/uploads\/2023\/08\/SCR148-Emilie-Kahn-Search-History-Single-Cover-Mid-Res.jpg","type":"image\/jpeg"}],"twitter_card":"summary_large_image","twitter_misc":{"Dur\u00e9e de lecture estim\u00e9e":"1 minute"},"schema":{"@context":"https:\/\/schema.org","@graph":[{"@type":"WebPage","@id":"https:\/\/pro-pages.secretcityrecords.com\/fr\/produit\/search-history\/","url":"https:\/\/pro-pages.secretcityrecords.com\/fr\/produit\/search-history\/","name":"Search History - Secret City Records","isPartOf":{"@id":"https:\/\/pro-pages.secretcityrecords.com\/fr\/#website"},"primaryImageOfPage":{"@id":"https:\/\/pro-pages.secretcityrecords.com\/fr\/produit\/search-history\/#primaryimage"},"image":{"@id":"https:\/\/pro-pages.secretcityrecords.com\/fr\/produit\/search-history\/#primaryimage"},"thumbnailUrl":"https:\/\/pro-pages.secretcityrecords.com\/wp-content\/uploads\/2023\/08\/SCR148-Emilie-Kahn-Search-History-Single-Cover-Mid-Res.jpg","datePublished":"2023-08-16T03:35:59+00:00","dateModified":"2023-08-16T13:54:36+00:00","breadcrumb":{"@id":"https:\/\/pro-pages.secretcityrecords.com\/fr\/produit\/search-history\/#breadcrumb"},"inLanguage":"fr-FR","potentialAction":[{"@type":"ReadAction","target":["https:\/\/pro-pages.secretcityrecords.com\/fr\/produit\/search-history\/"]}]},{"@type":"ImageObject","inLanguage":"fr-FR","@id":"https:\/\/pro-pages.secretcityrecords.com\/fr\/produit\/search-history\/#primaryimage","url":"https:\/\/pro-pages.secretcityrecords.com\/wp-content\/uploads\/2023\/08\/SCR148-Emilie-Kahn-Search-History-Single-Cover-Mid-Res.jpg","contentUrl":"https:\/\/pro-pages.secretcityrecords.com\/wp-content\/uploads\/2023\/08\/SCR148-Emilie-Kahn-Search-History-Single-Cover-Mid-Res.jpg","width":1541,"height":1541},{"@type":"BreadcrumbList","@id":"https:\/\/pro-pages.secretcityrecords.com\/fr\/produit\/search-history\/#breadcrumb","itemListElement":[{"@type":"ListItem","position":1,"name":"Home","item":"https:\/\/pro-pages.secretcityrecords.com\/fr\/"},{"@type":"ListItem","position":2,"name":"Boutique","item":"https:\/\/pro-pages.secretcityrecords.com\/fr\/boutique\/"},{"@type":"ListItem","position":3,"name":"Search History"}]},{"@type":"WebSite","@id":"https:\/\/pro-pages.secretcityrecords.com\/fr\/#website","url":"https:\/\/pro-pages.secretcityrecords.com\/fr\/","name":"Secret City Records","description":"En musique depuis 2006","potentialAction":[{"@type":"SearchAction","target":{"@type":"EntryPoint","urlTemplate":"https:\/\/pro-pages.secretcityrecords.com\/fr\/?s={search_term_string}"},"query-input":{"@type":"PropertyValueSpecification","valueRequired":true,"valueName":"search_term_string"}}],"inLanguage":"fr-FR"}]}},"_links":{"self":[{"href":"https:\/\/pro-pages.secretcityrecords.com\/fr\/wp-json\/wp\/v2\/product\/40506","targetHints":{"allow":["GET"]}}],"collection":[{"href":"https:\/\/pro-pages.secretcityrecords.com\/fr\/wp-json\/wp\/v2\/product"}],"about":[{"href":"https:\/\/pro-pages.secretcityrecords.com\/fr\/wp-json\/wp\/v2\/types\/product"}],"wp:featuredmedia":[{"embeddable":true,"href":"https:\/\/pro-pages.secretcityrecords.com\/fr\/wp-json\/wp\/v2\/media\/40505"}],"wp:attachment":[{"href":"https:\/\/pro-pages.secretcityrecords.com\/fr\/wp-json\/wp\/v2\/media?parent=40506"}],"wp:term":[{"taxonomy":"product_brand","embeddable":true,"href":"https:\/\/pro-pages.secretcityrecords.com\/fr\/wp-json\/wp\/v2\/product_brand?post=40506"},{"taxonomy":"product_cat","embeddable":true,"href":"https:\/\/pro-pages.secretcityrecords.com\/fr\/wp-json\/wp\/v2\/product_cat?post=40506"},{"taxonomy":"product_tag","embeddable":true,"href":"https:\/\/pro-pages.secretcityrecords.com\/fr\/wp-json\/wp\/v2\/product_tag?post=40506"}],"curies":[{"name":"wp","href":"https:\/\/api.w.org\/{rel}","templated":true}]}}