{"id":41229,"date":"2023-11-03T01:22:15","date_gmt":"2023-11-03T05:22:15","guid":{"rendered":"https:\/\/pro-pages.secretcityrecords.com\/?post_type=product&#038;p=41229"},"modified":"2023-11-03T01:34:33","modified_gmt":"2023-11-03T05:34:33","slug":"neo-romance-copy","status":"publish","type":"product","link":"https:\/\/pro-pages.secretcityrecords.com\/fr\/produit\/neo-romance-copy\/","title":{"rendered":"N\u00e9o-Romance (Version prolong\u00e9e)"},"content":{"rendered":"<p><span class=\"TextRun SCXW145961788 BCX8\" lang=\"FR-CA\" xml:lang=\"FR-CA\" data-contrast=\"auto\"><span class=\"NormalTextRun SCXW145961788 BCX8\">\u00c0 quelques jours du Gala de l&rsquo;ADISQ, o\u00f9 elle sera en prestation<\/span><span class=\"NormalTextRun SCXW145961788 BCX8\">, <\/span><\/span><span class=\"TextRun SCXW145961788 BCX8\" lang=\"FR-CA\" xml:lang=\"FR-CA\" data-contrast=\"auto\"><span class=\"NormalTextRun SCXW145961788 BCX8\">Alexandra <\/span><span class=\"NormalTextRun SpellingErrorV2Themed SCXW145961788 BCX8\">Str\u00e9liski<\/span><\/span><span class=\"TextRun SCXW145961788 BCX8\" lang=\"FR-CA\" xml:lang=\"FR-CA\" data-contrast=\"auto\"><span class=\"NormalTextRun SCXW145961788 BCX8\"> d\u00e9voile <\/span><span class=\"NormalTextRun SCXW145961788 BCX8\">la pi\u00e8ce <\/span><span class=\"NormalTextRun SCXW145961788 BCX8\">\u00ab\u202f<\/span><\/span><span class=\"TextRun SCXW145961788 BCX8\" lang=\"FR-CA\" xml:lang=\"FR-CA\" data-contrast=\"auto\"><span class=\"NormalTextRun SpellingErrorV2Themed SCXW145961788 BCX8\">Umbra<\/span> <\/span><span class=\"TextRun SCXW145961788 BCX8\" lang=\"FR-CA\" xml:lang=\"FR-CA\" data-contrast=\"auto\"><span class=\"NormalTextRun SCXW145961788 BCX8\">\u00bb<\/span><span class=\"NormalTextRun SCXW145961788 BCX8\">,<\/span><span class=\"NormalTextRun SCXW145961788 BCX8\"> disponible d\u00e8s maintenant sur toutes les plateformes digitales. Cette nouvelle offrande <\/span><span class=\"NormalTextRun SCXW145961788 BCX8\">fait partie de l\u2019album<\/span> <span class=\"NormalTextRun SCXW145961788 BCX8\">digital<\/span><span class=\"NormalTextRun SCXW145961788 BCX8\">\u202f<\/span><\/span><span class=\"TextRun SCXW145961788 BCX8\" lang=\"FR-CA\" xml:lang=\"FR-CA\" data-contrast=\"auto\"><span class=\"NormalTextRun SCXW145961788 BCX8\">N\u00e9o-Romance (Version prolong\u00e9e)<\/span><\/span><span class=\"TextRun SCXW145961788 BCX8\" lang=\"FR-CA\" xml:lang=\"FR-CA\" data-contrast=\"auto\"><span class=\"NormalTextRun SCXW145961788 BCX8\">, <\/span><span class=\"NormalTextRun SCXW145961788 BCX8\">\u00e9galement disponible aujourd\u2019hui, qui comprend les deux nouveaux titres de la pianiste: \u00ab <\/span><\/span><span class=\"TextRun SCXW145961788 BCX8\" lang=\"FR-CA\" xml:lang=\"FR-CA\" data-contrast=\"auto\"><span class=\"NormalTextRun SpellingErrorV2Themed SCXW145961788 BCX8\">Prelude<\/span><span class=\"NormalTextRun SCXW145961788 BCX8\"> in Lodz<\/span><\/span><span class=\"TextRun SCXW145961788 BCX8\" lang=\"FR-CA\" xml:lang=\"FR-CA\" data-contrast=\"auto\"><span class=\"NormalTextRun SCXW145961788 BCX8\"> \u00bb ainsi qu<\/span><span class=\"NormalTextRun ContextualSpellingAndGrammarErrorV2Themed SCXW145961788 BCX8\">\u2019<\/span><span class=\"NormalTextRun ContextualSpellingAndGrammarErrorV2Themed SCXW145961788 BCX8\">\u00ab<\/span> <\/span><span class=\"TextRun SCXW145961788 BCX8\" lang=\"FR-CA\" xml:lang=\"FR-CA\" data-contrast=\"auto\"><span class=\"NormalTextRun SpellingErrorV2Themed SCXW145961788 BCX8\">Umbra<\/span> <\/span><span class=\"TextRun SCXW145961788 BCX8\" lang=\"FR-CA\" xml:lang=\"FR-CA\" data-contrast=\"auto\"><span class=\"NormalTextRun SCXW145961788 BCX8\">\u00bb<\/span><span class=\"NormalTextRun SCXW145961788 BCX8\">.<\/span><span class=\"NormalTextRun SCXW145961788 BCX8\">\u00a0<\/span><\/span><span class=\"EOP SCXW145961788 BCX8\" data-ccp-props=\"{&quot;201341983&quot;:0,&quot;335551550&quot;:6,&quot;335551620&quot;:6,&quot;335559740&quot;:276}\">\u00a0<\/span><\/p>\n","protected":false},"excerpt":{"rendered":"<p>\u00c0 quelques jours du Gala de l&rsquo;ADISQ, o\u00f9 elle sera en prestation, Alexandra Str\u00e9liski d\u00e9voile la pi\u00e8ce \u00ab\u202fUmbra \u00bb, disponible d\u00e8s maintenant sur toutes les plateformes digitales. Cette nouvelle offrande fait partie de l\u2019album digital\u202fN\u00e9o-Romance (Version prolong\u00e9e), \u00e9galement disponible aujourd\u2019hui, qui comprend les deux nouveaux titres de la pianiste: \u00ab Prelude in Lodz \u00bb ainsi [&hellip;]<\/p>\n","protected":false},"featured_media":40864,"template":"","meta":[],"product_brand":[],"product_cat":[97],"product_tag":[],"class_list":{"0":"post-41229","1":"product","2":"type-product","3":"status-publish","4":"has-post-thumbnail","6":"product_cat-digital-fr","8":"first","9":"instock","10":"taxable","11":"shipping-taxable","12":"purchasable","13":"product-type-variable"},"acf":[],"yoast_head":"<!-- This site is optimized with the Yoast SEO plugin v27.5 - https:\/\/yoast.com\/product\/yoast-seo-wordpress\/ -->\n<title>N\u00e9o-Romance (Version prolong\u00e9e) - Secret City Records<\/title>\n<meta name=\"robots\" content=\"noindex, follow, max-snippet:-1, max-image-preview:large, max-video-preview:-1\" \/>\n<meta property=\"og:locale\" content=\"fr_FR\" \/>\n<meta property=\"og:type\" content=\"article\" \/>\n<meta property=\"og:title\" content=\"N\u00e9o-Romance (Version prolong\u00e9e) - Secret City Records\" \/>\n<meta property=\"og:description\" content=\"\u00c0 quelques jours du Gala de l&rsquo;ADISQ, o\u00f9 elle sera en prestation, Alexandra Str\u00e9liski d\u00e9voile la pi\u00e8ce \u00ab\u202fUmbra \u00bb, disponible d\u00e8s maintenant sur toutes les plateformes digitales. Cette nouvelle offrande fait partie de l\u2019album digital\u202fN\u00e9o-Romance (Version prolong\u00e9e), \u00e9galement disponible aujourd\u2019hui, qui comprend les deux nouveaux titres de la pianiste: \u00ab Prelude in Lodz \u00bb ainsi [&hellip;]\" \/>\n<meta property=\"og:url\" content=\"https:\/\/pro-pages.secretcityrecords.com\/fr\/produit\/neo-romance-copy\/\" \/>\n<meta property=\"og:site_name\" content=\"Secret City Records\" \/>\n<meta property=\"article:modified_time\" content=\"2023-11-03T05:34:33+00:00\" \/>\n<meta property=\"og:image\" content=\"https:\/\/pro-pages.secretcityrecords.com\/wp-content\/uploads\/2022\/11\/Neo-Romance-Extended-Versio_Digital-Artwork-scaled.jpg\" \/>\n\t<meta property=\"og:image:width\" content=\"2560\" \/>\n\t<meta property=\"og:image:height\" content=\"2560\" \/>\n\t<meta property=\"og:image:type\" content=\"image\/jpeg\" \/>\n<meta name=\"twitter:card\" content=\"summary_large_image\" \/>\n<meta name=\"twitter:label1\" content=\"Dur\u00e9e de lecture estim\u00e9e\" \/>\n\t<meta name=\"twitter:data1\" content=\"1 minute\" \/>\n<script type=\"application\/ld+json\" class=\"yoast-schema-graph\">{\"@context\":\"https:\\\/\\\/schema.org\",\"@graph\":[{\"@type\":\"WebPage\",\"@id\":\"https:\\\/\\\/pro-pages.secretcityrecords.com\\\/fr\\\/produit\\\/neo-romance-copy\\\/\",\"url\":\"https:\\\/\\\/pro-pages.secretcityrecords.com\\\/fr\\\/produit\\\/neo-romance-copy\\\/\",\"name\":\"N\u00e9o-Romance (Version prolong\u00e9e) - Secret City Records\",\"isPartOf\":{\"@id\":\"https:\\\/\\\/pro-pages.secretcityrecords.com\\\/fr\\\/#website\"},\"primaryImageOfPage\":{\"@id\":\"https:\\\/\\\/pro-pages.secretcityrecords.com\\\/fr\\\/produit\\\/neo-romance-copy\\\/#primaryimage\"},\"image\":{\"@id\":\"https:\\\/\\\/pro-pages.secretcityrecords.com\\\/fr\\\/produit\\\/neo-romance-copy\\\/#primaryimage\"},\"thumbnailUrl\":\"https:\\\/\\\/pro-pages.secretcityrecords.com\\\/wp-content\\\/uploads\\\/2022\\\/11\\\/Neo-Romance-Extended-Versio_Digital-Artwork-scaled.jpg\",\"datePublished\":\"2023-11-03T05:22:15+00:00\",\"dateModified\":\"2023-11-03T05:34:33+00:00\",\"breadcrumb\":{\"@id\":\"https:\\\/\\\/pro-pages.secretcityrecords.com\\\/fr\\\/produit\\\/neo-romance-copy\\\/#breadcrumb\"},\"inLanguage\":\"fr-FR\",\"potentialAction\":[{\"@type\":\"ReadAction\",\"target\":[\"https:\\\/\\\/pro-pages.secretcityrecords.com\\\/fr\\\/produit\\\/neo-romance-copy\\\/\"]}]},{\"@type\":\"ImageObject\",\"inLanguage\":\"fr-FR\",\"@id\":\"https:\\\/\\\/pro-pages.secretcityrecords.com\\\/fr\\\/produit\\\/neo-romance-copy\\\/#primaryimage\",\"url\":\"https:\\\/\\\/pro-pages.secretcityrecords.com\\\/wp-content\\\/uploads\\\/2022\\\/11\\\/Neo-Romance-Extended-Versio_Digital-Artwork-scaled.jpg\",\"contentUrl\":\"https:\\\/\\\/pro-pages.secretcityrecords.com\\\/wp-content\\\/uploads\\\/2022\\\/11\\\/Neo-Romance-Extended-Versio_Digital-Artwork-scaled.jpg\",\"width\":2560,\"height\":2560},{\"@type\":\"BreadcrumbList\",\"@id\":\"https:\\\/\\\/pro-pages.secretcityrecords.com\\\/fr\\\/produit\\\/neo-romance-copy\\\/#breadcrumb\",\"itemListElement\":[{\"@type\":\"ListItem\",\"position\":1,\"name\":\"Home\",\"item\":\"https:\\\/\\\/pro-pages.secretcityrecords.com\\\/fr\\\/\"},{\"@type\":\"ListItem\",\"position\":2,\"name\":\"Boutique\",\"item\":\"https:\\\/\\\/pro-pages.secretcityrecords.com\\\/fr\\\/boutique\\\/\"},{\"@type\":\"ListItem\",\"position\":3,\"name\":\"N\u00e9o-Romance (Version prolong\u00e9e)\"}]},{\"@type\":\"WebSite\",\"@id\":\"https:\\\/\\\/pro-pages.secretcityrecords.com\\\/fr\\\/#website\",\"url\":\"https:\\\/\\\/pro-pages.secretcityrecords.com\\\/fr\\\/\",\"name\":\"Secret City Records\",\"description\":\"En musique depuis 2006\",\"potentialAction\":[{\"@type\":\"SearchAction\",\"target\":{\"@type\":\"EntryPoint\",\"urlTemplate\":\"https:\\\/\\\/pro-pages.secretcityrecords.com\\\/fr\\\/?s={search_term_string}\"},\"query-input\":{\"@type\":\"PropertyValueSpecification\",\"valueRequired\":true,\"valueName\":\"search_term_string\"}}],\"inLanguage\":\"fr-FR\"}]}<\/script>\n<!-- \/ Yoast SEO plugin. -->","yoast_head_json":{"title":"N\u00e9o-Romance (Version prolong\u00e9e) - Secret City Records","robots":{"index":"noindex","follow":"follow","max-snippet":"max-snippet:-1","max-image-preview":"max-image-preview:large","max-video-preview":"max-video-preview:-1"},"og_locale":"fr_FR","og_type":"article","og_title":"N\u00e9o-Romance (Version prolong\u00e9e) - Secret City Records","og_description":"\u00c0 quelques jours du Gala de l&rsquo;ADISQ, o\u00f9 elle sera en prestation, Alexandra Str\u00e9liski d\u00e9voile la pi\u00e8ce \u00ab\u202fUmbra \u00bb, disponible d\u00e8s maintenant sur toutes les plateformes digitales. Cette nouvelle offrande fait partie de l\u2019album digital\u202fN\u00e9o-Romance (Version prolong\u00e9e), \u00e9galement disponible aujourd\u2019hui, qui comprend les deux nouveaux titres de la pianiste: \u00ab Prelude in Lodz \u00bb ainsi [&hellip;]","og_url":"https:\/\/pro-pages.secretcityrecords.com\/fr\/produit\/neo-romance-copy\/","og_site_name":"Secret City Records","article_modified_time":"2023-11-03T05:34:33+00:00","og_image":[{"width":2560,"height":2560,"url":"https:\/\/pro-pages.secretcityrecords.com\/wp-content\/uploads\/2022\/11\/Neo-Romance-Extended-Versio_Digital-Artwork-scaled.jpg","type":"image\/jpeg"}],"twitter_card":"summary_large_image","twitter_misc":{"Dur\u00e9e de lecture estim\u00e9e":"1 minute"},"schema":{"@context":"https:\/\/schema.org","@graph":[{"@type":"WebPage","@id":"https:\/\/pro-pages.secretcityrecords.com\/fr\/produit\/neo-romance-copy\/","url":"https:\/\/pro-pages.secretcityrecords.com\/fr\/produit\/neo-romance-copy\/","name":"N\u00e9o-Romance (Version prolong\u00e9e) - Secret City Records","isPartOf":{"@id":"https:\/\/pro-pages.secretcityrecords.com\/fr\/#website"},"primaryImageOfPage":{"@id":"https:\/\/pro-pages.secretcityrecords.com\/fr\/produit\/neo-romance-copy\/#primaryimage"},"image":{"@id":"https:\/\/pro-pages.secretcityrecords.com\/fr\/produit\/neo-romance-copy\/#primaryimage"},"thumbnailUrl":"https:\/\/pro-pages.secretcityrecords.com\/wp-content\/uploads\/2022\/11\/Neo-Romance-Extended-Versio_Digital-Artwork-scaled.jpg","datePublished":"2023-11-03T05:22:15+00:00","dateModified":"2023-11-03T05:34:33+00:00","breadcrumb":{"@id":"https:\/\/pro-pages.secretcityrecords.com\/fr\/produit\/neo-romance-copy\/#breadcrumb"},"inLanguage":"fr-FR","potentialAction":[{"@type":"ReadAction","target":["https:\/\/pro-pages.secretcityrecords.com\/fr\/produit\/neo-romance-copy\/"]}]},{"@type":"ImageObject","inLanguage":"fr-FR","@id":"https:\/\/pro-pages.secretcityrecords.com\/fr\/produit\/neo-romance-copy\/#primaryimage","url":"https:\/\/pro-pages.secretcityrecords.com\/wp-content\/uploads\/2022\/11\/Neo-Romance-Extended-Versio_Digital-Artwork-scaled.jpg","contentUrl":"https:\/\/pro-pages.secretcityrecords.com\/wp-content\/uploads\/2022\/11\/Neo-Romance-Extended-Versio_Digital-Artwork-scaled.jpg","width":2560,"height":2560},{"@type":"BreadcrumbList","@id":"https:\/\/pro-pages.secretcityrecords.com\/fr\/produit\/neo-romance-copy\/#breadcrumb","itemListElement":[{"@type":"ListItem","position":1,"name":"Home","item":"https:\/\/pro-pages.secretcityrecords.com\/fr\/"},{"@type":"ListItem","position":2,"name":"Boutique","item":"https:\/\/pro-pages.secretcityrecords.com\/fr\/boutique\/"},{"@type":"ListItem","position":3,"name":"N\u00e9o-Romance (Version prolong\u00e9e)"}]},{"@type":"WebSite","@id":"https:\/\/pro-pages.secretcityrecords.com\/fr\/#website","url":"https:\/\/pro-pages.secretcityrecords.com\/fr\/","name":"Secret City Records","description":"En musique depuis 2006","potentialAction":[{"@type":"SearchAction","target":{"@type":"EntryPoint","urlTemplate":"https:\/\/pro-pages.secretcityrecords.com\/fr\/?s={search_term_string}"},"query-input":{"@type":"PropertyValueSpecification","valueRequired":true,"valueName":"search_term_string"}}],"inLanguage":"fr-FR"}]}},"_links":{"self":[{"href":"https:\/\/pro-pages.secretcityrecords.com\/fr\/wp-json\/wp\/v2\/product\/41229","targetHints":{"allow":["GET"]}}],"collection":[{"href":"https:\/\/pro-pages.secretcityrecords.com\/fr\/wp-json\/wp\/v2\/product"}],"about":[{"href":"https:\/\/pro-pages.secretcityrecords.com\/fr\/wp-json\/wp\/v2\/types\/product"}],"wp:featuredmedia":[{"embeddable":true,"href":"https:\/\/pro-pages.secretcityrecords.com\/fr\/wp-json\/wp\/v2\/media\/40864"}],"wp:attachment":[{"href":"https:\/\/pro-pages.secretcityrecords.com\/fr\/wp-json\/wp\/v2\/media?parent=41229"}],"wp:term":[{"taxonomy":"product_brand","embeddable":true,"href":"https:\/\/pro-pages.secretcityrecords.com\/fr\/wp-json\/wp\/v2\/product_brand?post=41229"},{"taxonomy":"product_cat","embeddable":true,"href":"https:\/\/pro-pages.secretcityrecords.com\/fr\/wp-json\/wp\/v2\/product_cat?post=41229"},{"taxonomy":"product_tag","embeddable":true,"href":"https:\/\/pro-pages.secretcityrecords.com\/fr\/wp-json\/wp\/v2\/product_tag?post=41229"}],"curies":[{"name":"wp","href":"https:\/\/api.w.org\/{rel}","templated":true}]}}