{"id":42003,"date":"2024-02-21T09:54:24","date_gmt":"2024-02-21T14:54:24","guid":{"rendered":"https:\/\/pro-pages.secretcityrecords.com\/?post_type=product&#038;p=42003"},"modified":"2024-02-21T09:56:41","modified_gmt":"2024-02-21T14:56:41","slug":"perfect-day","status":"publish","type":"product","link":"https:\/\/pro-pages.secretcityrecords.com\/fr\/produit\/perfect-day\/","title":{"rendered":"Perfect Day"},"content":{"rendered":"<p><strong>Patrick Watson<\/strong>\u00a0d\u00e9voile aujourd\u2019hui \u00ab\u00a0<strong>Perfect Day (Komorebi Version)<\/strong>\u00a0\u00bb une reprise piano solo de la chanson culte de\u00a0<strong>Lou Reed.<\/strong>\u00a0La chanson est disponible d\u00e8s aujourd\u2019hui sur toutes les plateformes d\u2019\u00e9coutes. Enregistr\u00e9 pour le film germano-japonais \u00ab Perfect Days\u202f\u00bb de\u00a0<strong>Win Wenders<\/strong>, la pi\u00e8ce fait \u00e9cho \u00e0 la plus r\u00e9cente offrande de Patrick Watson seul au piano, intitul\u00e9 \u00ab\u00a0<strong>Ode to Vivian (Rework)<\/strong>\u00a0\u00bb.<\/p>\n<p>\u00ab\u2009 Voici une chanson que j\u2019ai enregistr\u00e9e pour le film Perfect Days de Wim Wenders, qui est en nomination pour un Oscar. C\u2019est une pi\u00e8ce sp\u00e9ciale pour moi. \u00bb Nous confie Patrick.<\/p>\n<p>\u00ab Notamment parce que c\u2019est un honneur de participer \u00e0 un film de Wim Wenders. L\u2019histoire, le film et les acteurs sont incroyablement touchants. Lorsque j\u2019ai vu Perfect Days,\u2009j\u2019ai \u00e9t\u00e9 intens\u00e9ment fier de faire partie d\u2019un aussi beau projet. Ce film d\u00e9borde de petites touches d\u2019espoir que vous pouvez emporter avec vous en sortant du cin\u00e9ma, ce qui est assez rare ces jours-ci. La pi\u00e8ce est une reprise d\u2019une de mes chansons pr\u00e9f\u00e9r\u00e9es, Perfect Day de Lou Reed. \u00bb<\/p>\n<p>Le film \u00ab Perfect Days \u00bb combine quatre histoires courtes autour d\u2019un personnage principal nomm\u00e9 Hiramaya, qui travaille \u00e0 laver les toilettes publiques de la ville de Tokyo. Le film \u00e9tait en comp\u00e9tition pour la Palme d\u2019or au dernier festival de Cannes o\u00f9 il a \u00e9t\u00e9 d\u00e9voil\u00e9 en primeur le 25 mai dernier en plus d\u2019\u00eatre en nomination dans la cat\u00e9gorie \u00ab Meilleur film international \u00bb \u00e0 la c\u00e9r\u00e9monie des oscars le 10 mars prochain. Le film vient tout juste de prendre l\u2019affiche au \u00c9tats-Unis et au Canada et est pr\u00e9sentement en salle. Ce n\u2019est pas la premi\u00e8re fois que Win Wenders et Patrick Watson collaborent, ils avaient travaill\u00e9 ensemble sur le film 3D \u00ab Everything will be fine \u00bb, sorti en 2015.<\/p>\n<p>La chanson \u00ab\u00a0<strong>Perfect Day<\/strong>\u202f\u00bb a \u00e9t\u00e9 \u00e9crite et compos\u00e9 par<strong>\u00a0Lou Reed<\/strong>\u00a0en 1972. Elle est apparue pour la premi\u00e8re fois sur l\u2019album aujourd\u2019hui iconique Transformer, r\u00e9alis\u00e9 par\u00a0<strong>David Bowie<\/strong>\u00a0et\u00a0<strong>Mick Ronson<\/strong>. La pi\u00e8ce a re\u00e7u une attention plan\u00e9taire dans les ann\u00e9es 90 lors de l\u2019immense succ\u00e8s du film\u00a0<strong>Trainspotting\u00a0<\/strong>de\u00a0<strong>Danny Boyle<\/strong>.<\/p>\n","protected":false},"excerpt":{"rendered":"<p>Patrick Watson\u00a0d\u00e9voile aujourd\u2019hui \u00ab\u00a0Perfect Day (Komorebi Version)\u00a0\u00bb une reprise piano solo de la chanson culte de\u00a0Lou Reed.\u00a0La chanson est disponible d\u00e8s aujourd\u2019hui sur toutes les plateformes d\u2019\u00e9coutes. Enregistr\u00e9 pour le film germano-japonais \u00ab Perfect Days\u202f\u00bb de\u00a0Win Wenders, la pi\u00e8ce fait \u00e9cho \u00e0 la plus r\u00e9cente offrande de Patrick Watson seul au piano, intitul\u00e9 \u00ab\u00a0Ode to [&hellip;]<\/p>\n","protected":false},"featured_media":42002,"template":"","meta":[],"product_brand":[],"product_cat":[97],"product_tag":[],"class_list":{"0":"post-42003","1":"product","2":"type-product","3":"status-publish","4":"has-post-thumbnail","6":"product_cat-digital-fr","8":"first","9":"instock","10":"downloadable","11":"taxable","12":"shipping-taxable","13":"purchasable","14":"product-type-simple"},"acf":[],"yoast_head":"<!-- This site is optimized with the Yoast SEO plugin v27.5 - https:\/\/yoast.com\/product\/yoast-seo-wordpress\/ -->\n<title>Perfect Day - Secret City Records<\/title>\n<meta name=\"robots\" content=\"noindex, follow, max-snippet:-1, max-image-preview:large, max-video-preview:-1\" \/>\n<meta property=\"og:locale\" content=\"fr_FR\" \/>\n<meta property=\"og:type\" content=\"article\" \/>\n<meta property=\"og:title\" content=\"Perfect Day - Secret City Records\" \/>\n<meta property=\"og:description\" content=\"Patrick Watson\u00a0d\u00e9voile aujourd\u2019hui \u00ab\u00a0Perfect Day (Komorebi Version)\u00a0\u00bb une reprise piano solo de la chanson culte de\u00a0Lou Reed.\u00a0La chanson est disponible d\u00e8s aujourd\u2019hui sur toutes les plateformes d\u2019\u00e9coutes. Enregistr\u00e9 pour le film germano-japonais \u00ab Perfect Days\u202f\u00bb de\u00a0Win Wenders, la pi\u00e8ce fait \u00e9cho \u00e0 la plus r\u00e9cente offrande de Patrick Watson seul au piano, intitul\u00e9 \u00ab\u00a0Ode to [&hellip;]\" \/>\n<meta property=\"og:url\" content=\"https:\/\/pro-pages.secretcityrecords.com\/fr\/produit\/perfect-day\/\" \/>\n<meta property=\"og:site_name\" content=\"Secret City Records\" \/>\n<meta property=\"article:modified_time\" content=\"2024-02-21T14:56:41+00:00\" \/>\n<meta property=\"og:image\" content=\"https:\/\/pro-pages.secretcityrecords.com\/wp-content\/uploads\/2024\/02\/PW-Perfect-Day-Piano-Komorebi-Version-768x768.png\" \/>\n\t<meta property=\"og:image:width\" content=\"768\" \/>\n\t<meta property=\"og:image:height\" content=\"768\" \/>\n\t<meta property=\"og:image:type\" content=\"image\/png\" \/>\n<meta name=\"twitter:card\" content=\"summary_large_image\" \/>\n<meta name=\"twitter:label1\" content=\"Dur\u00e9e de lecture estim\u00e9e\" \/>\n\t<meta name=\"twitter:data1\" content=\"2 minutes\" \/>\n<script type=\"application\/ld+json\" class=\"yoast-schema-graph\">{\"@context\":\"https:\\\/\\\/schema.org\",\"@graph\":[{\"@type\":\"WebPage\",\"@id\":\"https:\\\/\\\/pro-pages.secretcityrecords.com\\\/fr\\\/produit\\\/perfect-day\\\/\",\"url\":\"https:\\\/\\\/pro-pages.secretcityrecords.com\\\/fr\\\/produit\\\/perfect-day\\\/\",\"name\":\"Perfect Day - Secret City Records\",\"isPartOf\":{\"@id\":\"https:\\\/\\\/pro-pages.secretcityrecords.com\\\/fr\\\/#website\"},\"primaryImageOfPage\":{\"@id\":\"https:\\\/\\\/pro-pages.secretcityrecords.com\\\/fr\\\/produit\\\/perfect-day\\\/#primaryimage\"},\"image\":{\"@id\":\"https:\\\/\\\/pro-pages.secretcityrecords.com\\\/fr\\\/produit\\\/perfect-day\\\/#primaryimage\"},\"thumbnailUrl\":\"https:\\\/\\\/pro-pages.secretcityrecords.com\\\/wp-content\\\/uploads\\\/2024\\\/02\\\/PW-Perfect-Day-Piano-Komorebi-Version.png\",\"datePublished\":\"2024-02-21T14:54:24+00:00\",\"dateModified\":\"2024-02-21T14:56:41+00:00\",\"breadcrumb\":{\"@id\":\"https:\\\/\\\/pro-pages.secretcityrecords.com\\\/fr\\\/produit\\\/perfect-day\\\/#breadcrumb\"},\"inLanguage\":\"fr-FR\",\"potentialAction\":[{\"@type\":\"ReadAction\",\"target\":[\"https:\\\/\\\/pro-pages.secretcityrecords.com\\\/fr\\\/produit\\\/perfect-day\\\/\"]}]},{\"@type\":\"ImageObject\",\"inLanguage\":\"fr-FR\",\"@id\":\"https:\\\/\\\/pro-pages.secretcityrecords.com\\\/fr\\\/produit\\\/perfect-day\\\/#primaryimage\",\"url\":\"https:\\\/\\\/pro-pages.secretcityrecords.com\\\/wp-content\\\/uploads\\\/2024\\\/02\\\/PW-Perfect-Day-Piano-Komorebi-Version.png\",\"contentUrl\":\"https:\\\/\\\/pro-pages.secretcityrecords.com\\\/wp-content\\\/uploads\\\/2024\\\/02\\\/PW-Perfect-Day-Piano-Komorebi-Version.png\",\"width\":3000,\"height\":3000},{\"@type\":\"BreadcrumbList\",\"@id\":\"https:\\\/\\\/pro-pages.secretcityrecords.com\\\/fr\\\/produit\\\/perfect-day\\\/#breadcrumb\",\"itemListElement\":[{\"@type\":\"ListItem\",\"position\":1,\"name\":\"Home\",\"item\":\"https:\\\/\\\/pro-pages.secretcityrecords.com\\\/fr\\\/\"},{\"@type\":\"ListItem\",\"position\":2,\"name\":\"Boutique\",\"item\":\"https:\\\/\\\/pro-pages.secretcityrecords.com\\\/fr\\\/boutique\\\/\"},{\"@type\":\"ListItem\",\"position\":3,\"name\":\"Perfect Day\"}]},{\"@type\":\"WebSite\",\"@id\":\"https:\\\/\\\/pro-pages.secretcityrecords.com\\\/fr\\\/#website\",\"url\":\"https:\\\/\\\/pro-pages.secretcityrecords.com\\\/fr\\\/\",\"name\":\"Secret City Records\",\"description\":\"En musique depuis 2006\",\"potentialAction\":[{\"@type\":\"SearchAction\",\"target\":{\"@type\":\"EntryPoint\",\"urlTemplate\":\"https:\\\/\\\/pro-pages.secretcityrecords.com\\\/fr\\\/?s={search_term_string}\"},\"query-input\":{\"@type\":\"PropertyValueSpecification\",\"valueRequired\":true,\"valueName\":\"search_term_string\"}}],\"inLanguage\":\"fr-FR\"}]}<\/script>\n<!-- \/ Yoast SEO plugin. -->","yoast_head_json":{"title":"Perfect Day - Secret City Records","robots":{"index":"noindex","follow":"follow","max-snippet":"max-snippet:-1","max-image-preview":"max-image-preview:large","max-video-preview":"max-video-preview:-1"},"og_locale":"fr_FR","og_type":"article","og_title":"Perfect Day - Secret City Records","og_description":"Patrick Watson\u00a0d\u00e9voile aujourd\u2019hui \u00ab\u00a0Perfect Day (Komorebi Version)\u00a0\u00bb une reprise piano solo de la chanson culte de\u00a0Lou Reed.\u00a0La chanson est disponible d\u00e8s aujourd\u2019hui sur toutes les plateformes d\u2019\u00e9coutes. Enregistr\u00e9 pour le film germano-japonais \u00ab Perfect Days\u202f\u00bb de\u00a0Win Wenders, la pi\u00e8ce fait \u00e9cho \u00e0 la plus r\u00e9cente offrande de Patrick Watson seul au piano, intitul\u00e9 \u00ab\u00a0Ode to [&hellip;]","og_url":"https:\/\/pro-pages.secretcityrecords.com\/fr\/produit\/perfect-day\/","og_site_name":"Secret City Records","article_modified_time":"2024-02-21T14:56:41+00:00","og_image":[{"width":768,"height":768,"url":"https:\/\/pro-pages.secretcityrecords.com\/wp-content\/uploads\/2024\/02\/PW-Perfect-Day-Piano-Komorebi-Version-768x768.png","type":"image\/png"}],"twitter_card":"summary_large_image","twitter_misc":{"Dur\u00e9e de lecture estim\u00e9e":"2 minutes"},"schema":{"@context":"https:\/\/schema.org","@graph":[{"@type":"WebPage","@id":"https:\/\/pro-pages.secretcityrecords.com\/fr\/produit\/perfect-day\/","url":"https:\/\/pro-pages.secretcityrecords.com\/fr\/produit\/perfect-day\/","name":"Perfect Day - Secret City Records","isPartOf":{"@id":"https:\/\/pro-pages.secretcityrecords.com\/fr\/#website"},"primaryImageOfPage":{"@id":"https:\/\/pro-pages.secretcityrecords.com\/fr\/produit\/perfect-day\/#primaryimage"},"image":{"@id":"https:\/\/pro-pages.secretcityrecords.com\/fr\/produit\/perfect-day\/#primaryimage"},"thumbnailUrl":"https:\/\/pro-pages.secretcityrecords.com\/wp-content\/uploads\/2024\/02\/PW-Perfect-Day-Piano-Komorebi-Version.png","datePublished":"2024-02-21T14:54:24+00:00","dateModified":"2024-02-21T14:56:41+00:00","breadcrumb":{"@id":"https:\/\/pro-pages.secretcityrecords.com\/fr\/produit\/perfect-day\/#breadcrumb"},"inLanguage":"fr-FR","potentialAction":[{"@type":"ReadAction","target":["https:\/\/pro-pages.secretcityrecords.com\/fr\/produit\/perfect-day\/"]}]},{"@type":"ImageObject","inLanguage":"fr-FR","@id":"https:\/\/pro-pages.secretcityrecords.com\/fr\/produit\/perfect-day\/#primaryimage","url":"https:\/\/pro-pages.secretcityrecords.com\/wp-content\/uploads\/2024\/02\/PW-Perfect-Day-Piano-Komorebi-Version.png","contentUrl":"https:\/\/pro-pages.secretcityrecords.com\/wp-content\/uploads\/2024\/02\/PW-Perfect-Day-Piano-Komorebi-Version.png","width":3000,"height":3000},{"@type":"BreadcrumbList","@id":"https:\/\/pro-pages.secretcityrecords.com\/fr\/produit\/perfect-day\/#breadcrumb","itemListElement":[{"@type":"ListItem","position":1,"name":"Home","item":"https:\/\/pro-pages.secretcityrecords.com\/fr\/"},{"@type":"ListItem","position":2,"name":"Boutique","item":"https:\/\/pro-pages.secretcityrecords.com\/fr\/boutique\/"},{"@type":"ListItem","position":3,"name":"Perfect Day"}]},{"@type":"WebSite","@id":"https:\/\/pro-pages.secretcityrecords.com\/fr\/#website","url":"https:\/\/pro-pages.secretcityrecords.com\/fr\/","name":"Secret City Records","description":"En musique depuis 2006","potentialAction":[{"@type":"SearchAction","target":{"@type":"EntryPoint","urlTemplate":"https:\/\/pro-pages.secretcityrecords.com\/fr\/?s={search_term_string}"},"query-input":{"@type":"PropertyValueSpecification","valueRequired":true,"valueName":"search_term_string"}}],"inLanguage":"fr-FR"}]}},"_links":{"self":[{"href":"https:\/\/pro-pages.secretcityrecords.com\/fr\/wp-json\/wp\/v2\/product\/42003","targetHints":{"allow":["GET"]}}],"collection":[{"href":"https:\/\/pro-pages.secretcityrecords.com\/fr\/wp-json\/wp\/v2\/product"}],"about":[{"href":"https:\/\/pro-pages.secretcityrecords.com\/fr\/wp-json\/wp\/v2\/types\/product"}],"wp:featuredmedia":[{"embeddable":true,"href":"https:\/\/pro-pages.secretcityrecords.com\/fr\/wp-json\/wp\/v2\/media\/42002"}],"wp:attachment":[{"href":"https:\/\/pro-pages.secretcityrecords.com\/fr\/wp-json\/wp\/v2\/media?parent=42003"}],"wp:term":[{"taxonomy":"product_brand","embeddable":true,"href":"https:\/\/pro-pages.secretcityrecords.com\/fr\/wp-json\/wp\/v2\/product_brand?post=42003"},{"taxonomy":"product_cat","embeddable":true,"href":"https:\/\/pro-pages.secretcityrecords.com\/fr\/wp-json\/wp\/v2\/product_cat?post=42003"},{"taxonomy":"product_tag","embeddable":true,"href":"https:\/\/pro-pages.secretcityrecords.com\/fr\/wp-json\/wp\/v2\/product_tag?post=42003"}],"curies":[{"name":"wp","href":"https:\/\/api.w.org\/{rel}","templated":true}]}}